{"id":357,"date":"2023-01-29T16:06:55","date_gmt":"2023-01-29T16:06:55","guid":{"rendered":"https:\/\/natsunivers.dk\/mytes\/?page_id=357"},"modified":"2023-02-26T09:25:04","modified_gmt":"2023-02-26T09:25:04","slug":"neper","status":"publish","type":"page","link":"https:\/\/natsunivers.dk\/mytes\/?page_id=357","title":{"rendered":"Neper"},"content":{"rendered":"\n<div class=\"is-layout-flex wp-container-3 wp-block-columns\">\n<div class=\"is-layout-flow wp-block-column\" style=\"flex-basis:66.66%\">\n<p>Dette var en korngud og en personifikation af s\u00e6dekornet. Han var endvidere d\u00f8dsgud og en s\u00f8n af h\u00f8stguden Renenutet.<br>Siden begyndelsen af Det Nye Rige har han haft et kvindeligt modstykke ved navn Nepit.<br>Som d\u00f8dsgud var han de d\u00f8des h\u00e5b som han hjalp p\u00e5 deres d\u00f8dsrejse. Som h\u00f8stgud blev han fejret 1. september i den egyptiske h\u00f8stm\u00e5ned.<br>Under det 5. Dynasti Sahure&#8217;s regeringstid (2487-2475 f.kr.) blev Neper associeret med Osiris og det var i den forbindelse han ogs\u00e5 blev anset som d\u00f8dsgud.<br>Han fik herefter indskriften &#8220;han som lever efter han er d\u00f8d&#8221;.<br>Han blev typisk afbildet som et veln\u00e6ret menneske med s\u00e6dekorn malet p\u00e5 kroppen. Hans hieroglyf var tegnet for korn.<\/p>\n<\/div>\n\n\n\n<div class=\"is-layout-flow wp-block-column\" style=\"flex-basis:33.33%\">\n<script async src=\"https:\/\/pagead2.googlesyndication.com\/pagead\/js\/adsbygoogle.js?client=ca-pub-9147999370744615\"\n     crossorigin=\"anonymous\"><\/script>\n<!-- Ny nats -->\n<ins class=\"adsbygoogle\"\n     style=\"display:block\"\n     data-ad-client=\"ca-pub-9147999370744615\"\n     data-ad-slot=\"2957070328\"\n     data-ad-format=\"auto\"\n     data-full-width-responsive=\"true\"><\/ins>\n<script>\n     (adsbygoogle = window.adsbygoogle || []).push({});\n<\/script>\n<\/div>\n<\/div>\n","protected":false},"excerpt":{"rendered":"<p>Dette var en korngud og en personifikation af s\u00e6dekornet. Han var endvidere d\u00f8dsgud og en s\u00f8n af h\u00f8stguden Renenutet.Siden begyndelsen af Det Nye Rige har han haft et kvindeligt modstykke ved navn Nepit.Som d\u00f8dsgud var han de d\u00f8des h\u00e5b som han hjalp p\u00e5 deres d\u00f8dsrejse. Som h\u00f8stgud blev han fejret 1. september i den egyptiske [&hellip;]<\/p>\n","protected":false},"author":1,"featured_media":0,"parent":0,"menu_order":0,"comment_status":"closed","ping_status":"closed","template":"","meta":[],"_links":{"self":[{"href":"https:\/\/natsunivers.dk\/mytes\/index.php?rest_route=\/wp\/v2\/pages\/357"}],"collection":[{"href":"https:\/\/natsunivers.dk\/mytes\/index.php?rest_route=\/wp\/v2\/pages"}],"about":[{"href":"https:\/\/natsunivers.dk\/mytes\/index.php?rest_route=\/wp\/v2\/types\/page"}],"author":[{"embeddable":true,"href":"https:\/\/natsunivers.dk\/mytes\/index.php?rest_route=\/wp\/v2\/users\/1"}],"replies":[{"embeddable":true,"href":"https:\/\/natsunivers.dk\/mytes\/index.php?rest_route=%2Fwp%2Fv2%2Fcomments&post=357"}],"version-history":[{"count":2,"href":"https:\/\/natsunivers.dk\/mytes\/index.php?rest_route=\/wp\/v2\/pages\/357\/revisions"}],"predecessor-version":[{"id":1246,"href":"https:\/\/natsunivers.dk\/mytes\/index.php?rest_route=\/wp\/v2\/pages\/357\/revisions\/1246"}],"wp:attachment":[{"href":"https:\/\/natsunivers.dk\/mytes\/index.php?rest_route=%2Fwp%2Fv2%2Fmedia&parent=357"}],"curies":[{"name":"wp","href":"https:\/\/api.w.org\/{rel}","templated":true}]}}