{"id":355,"date":"2023-01-29T16:06:20","date_gmt":"2023-01-29T16:06:20","guid":{"rendered":"https:\/\/natsunivers.dk\/mytes\/?page_id=355"},"modified":"2023-02-26T09:24:21","modified_gmt":"2023-02-26T09:24:21","slug":"naunet","status":"publish","type":"page","link":"https:\/\/natsunivers.dk\/mytes\/?page_id=355","title":{"rendered":"Naunet"},"content":{"rendered":"\n<div class=\"is-layout-flex wp-container-3 wp-block-columns\">\n<div class=\"is-layout-flow wp-block-column\" style=\"flex-basis:66.66%\">\n<p>Naunet var en gudinde i Hermopolis som repr\u00e6senterede vand. Hun blev anset som en personifikation af den underjordiske &#8220;nedre&#8221; himmel.<br>Typisk blev hun afbildet med slangehoved men undertiden<br>som slange.<br>I f\u00f8lge Memphis skabelsesmyten var Naunet en datter af Nun. Nun \u00e6gtede hende og sammen fik de s\u00f8nnen Atum.<br>Sammen med hendes mand Nun var hun en del af den hermopoliske ogdoade hvor de som par stod for urhavet.<br>Den hermopoliske ogdoade var en personifikation af urtidens kaotiske kr\u00e6fter. Ogdoaden bestod af 4 m\u00e6nd med fr\u00f8hoveder og 4 kvinder med slangehoveder.<\/p>\n<\/div>\n\n\n\n<div class=\"is-layout-flow wp-block-column\" style=\"flex-basis:33.33%\">\n<script async src=\"https:\/\/pagead2.googlesyndication.com\/pagead\/js\/adsbygoogle.js?client=ca-pub-9147999370744615\"\n     crossorigin=\"anonymous\"><\/script>\n<!-- Ny nats -->\n<ins class=\"adsbygoogle\"\n     style=\"display:block\"\n     data-ad-client=\"ca-pub-9147999370744615\"\n     data-ad-slot=\"2957070328\"\n     data-ad-format=\"auto\"\n     data-full-width-responsive=\"true\"><\/ins>\n<script>\n     (adsbygoogle = window.adsbygoogle || []).push({});\n<\/script>\n<\/div>\n<\/div>\n","protected":false},"excerpt":{"rendered":"<p>Naunet var en gudinde i Hermopolis som repr\u00e6senterede vand. Hun blev anset som en personifikation af den underjordiske &#8220;nedre&#8221; himmel.Typisk blev hun afbildet med slangehoved men undertidensom slange.I f\u00f8lge Memphis skabelsesmyten var Naunet en datter af Nun. Nun \u00e6gtede hende og sammen fik de s\u00f8nnen Atum.Sammen med hendes mand Nun var hun en del af [&hellip;]<\/p>\n","protected":false},"author":1,"featured_media":0,"parent":0,"menu_order":0,"comment_status":"closed","ping_status":"closed","template":"","meta":[],"_links":{"self":[{"href":"https:\/\/natsunivers.dk\/mytes\/index.php?rest_route=\/wp\/v2\/pages\/355"}],"collection":[{"href":"https:\/\/natsunivers.dk\/mytes\/index.php?rest_route=\/wp\/v2\/pages"}],"about":[{"href":"https:\/\/natsunivers.dk\/mytes\/index.php?rest_route=\/wp\/v2\/types\/page"}],"author":[{"embeddable":true,"href":"https:\/\/natsunivers.dk\/mytes\/index.php?rest_route=\/wp\/v2\/users\/1"}],"replies":[{"embeddable":true,"href":"https:\/\/natsunivers.dk\/mytes\/index.php?rest_route=%2Fwp%2Fv2%2Fcomments&post=355"}],"version-history":[{"count":2,"href":"https:\/\/natsunivers.dk\/mytes\/index.php?rest_route=\/wp\/v2\/pages\/355\/revisions"}],"predecessor-version":[{"id":1245,"href":"https:\/\/natsunivers.dk\/mytes\/index.php?rest_route=\/wp\/v2\/pages\/355\/revisions\/1245"}],"wp:attachment":[{"href":"https:\/\/natsunivers.dk\/mytes\/index.php?rest_route=%2Fwp%2Fv2%2Fmedia&parent=355"}],"curies":[{"name":"wp","href":"https:\/\/api.w.org\/{rel}","templated":true}]}}