{"id":339,"date":"2023-01-29T15:59:12","date_gmt":"2023-01-29T15:59:12","guid":{"rendered":"https:\/\/natsunivers.dk\/mytes\/?page_id=339"},"modified":"2023-02-26T07:10:38","modified_gmt":"2023-02-26T07:10:38","slug":"ikarios","status":"publish","type":"page","link":"https:\/\/natsunivers.dk\/mytes\/?page_id=339","title":{"rendered":"Ikarios"},"content":{"rendered":"\n<div class=\"is-layout-flex wp-container-3 wp-block-columns\">\n<div class=\"is-layout-flow wp-block-column\" style=\"flex-basis:66.66%\">\n<p>Ikarios var en heros fra Athen og fader til Erigone. Engang tog han s\u00e5 g\u00e6stfrit imod Dionysus at denne gav ham en gave. Gaven var en drue og anvisninger om hvordan Ikarios skulle dyrke vin.<br>Den f\u00f8rste vin Ikarios lavede lod han sine medborgere smage. Disse troede sig forgiftet og dr\u00e6bte og begravede derfor Ikarios. En hund ved navn Maira f\u00f8rte derefter Erigone til hendes faders grav hvor hun h\u00e6ngte sig af bar fortvivlelse. Begge blev de sat p\u00e5 stjernehimlen som stjernebilleder. Bootes (oksedriveren) og Virgo (jomfruen).<\/p>\n<\/div>\n\n\n\n<div class=\"is-layout-flow wp-block-column\" style=\"flex-basis:33.33%\">\n<script async src=\"https:\/\/pagead2.googlesyndication.com\/pagead\/js\/adsbygoogle.js?client=ca-pub-9147999370744615\"\n     crossorigin=\"anonymous\"><\/script>\n<!-- Ny nats -->\n<ins class=\"adsbygoogle\"\n     style=\"display:block\"\n     data-ad-client=\"ca-pub-9147999370744615\"\n     data-ad-slot=\"2957070328\"\n     data-ad-format=\"auto\"\n     data-full-width-responsive=\"true\"><\/ins>\n<script>\n     (adsbygoogle = window.adsbygoogle || []).push({});\n<\/script>\n<\/div>\n<\/div>\n","protected":false},"excerpt":{"rendered":"<p>Ikarios var en heros fra Athen og fader til Erigone. Engang tog han s\u00e5 g\u00e6stfrit imod Dionysus at denne gav ham en gave. Gaven var en drue og anvisninger om hvordan Ikarios skulle dyrke vin.Den f\u00f8rste vin Ikarios lavede lod han sine medborgere smage. Disse troede sig forgiftet og dr\u00e6bte og begravede derfor Ikarios. En [&hellip;]<\/p>\n","protected":false},"author":1,"featured_media":0,"parent":0,"menu_order":0,"comment_status":"closed","ping_status":"closed","template":"","meta":[],"_links":{"self":[{"href":"https:\/\/natsunivers.dk\/mytes\/index.php?rest_route=\/wp\/v2\/pages\/339"}],"collection":[{"href":"https:\/\/natsunivers.dk\/mytes\/index.php?rest_route=\/wp\/v2\/pages"}],"about":[{"href":"https:\/\/natsunivers.dk\/mytes\/index.php?rest_route=\/wp\/v2\/types\/page"}],"author":[{"embeddable":true,"href":"https:\/\/natsunivers.dk\/mytes\/index.php?rest_route=\/wp\/v2\/users\/1"}],"replies":[{"embeddable":true,"href":"https:\/\/natsunivers.dk\/mytes\/index.php?rest_route=%2Fwp%2Fv2%2Fcomments&post=339"}],"version-history":[{"count":2,"href":"https:\/\/natsunivers.dk\/mytes\/index.php?rest_route=\/wp\/v2\/pages\/339\/revisions"}],"predecessor-version":[{"id":1191,"href":"https:\/\/natsunivers.dk\/mytes\/index.php?rest_route=\/wp\/v2\/pages\/339\/revisions\/1191"}],"wp:attachment":[{"href":"https:\/\/natsunivers.dk\/mytes\/index.php?rest_route=%2Fwp%2Fv2%2Fmedia&parent=339"}],"curies":[{"name":"wp","href":"https:\/\/api.w.org\/{rel}","templated":true}]}}