{"id":335,"date":"2023-01-29T14:50:42","date_gmt":"2023-01-29T14:50:42","guid":{"rendered":"https:\/\/natsunivers.dk\/mytes\/?page_id=335"},"modified":"2023-02-26T07:56:45","modified_gmt":"2023-02-26T07:56:45","slug":"morfran","status":"publish","type":"page","link":"https:\/\/natsunivers.dk\/mytes\/?page_id=335","title":{"rendered":"Morfran"},"content":{"rendered":"\n<div class=\"is-layout-flex wp-container-3 wp-block-columns\">\n<div class=\"is-layout-flow wp-block-column\" style=\"flex-basis:66.66%\">\n<p>Morfran var i den walisisk udgave af mytologien s\u00f8n af Tegid Foel og heksen Ceridwen. Han var ufattelig grim og havde h\u00e5r p\u00e5 kroppen s\u00e5 t\u00e6t som hos en hjort. Hans moder pr\u00f8vede at g\u00f8re ham vis for at r\u00e5de bod p\u00e5 hans grimhed men dette slog fejl.<br>I slaget ved Camlan turde ingen s\u00e5re ham da de pga hans udseende troede han var en hj\u00e6lped\u00e6mon. Morfran&#8217;s modpol var Sanddef &#8220;Engle ansigt&#8221; som heller ikke blev s\u00e5ret ved slaget.<br>Han mentes at v\u00e6re en hofmand og hans navn betyder &#8220;store krage&#8221;.<\/p>\n<\/div>\n\n\n\n<div class=\"is-layout-flow wp-block-column\" style=\"flex-basis:33.33%\">\n<script async src=\"https:\/\/pagead2.googlesyndication.com\/pagead\/js\/adsbygoogle.js?client=ca-pub-9147999370744615\"\n     crossorigin=\"anonymous\"><\/script>\n<!-- Ny nats -->\n<ins class=\"adsbygoogle\"\n     style=\"display:block\"\n     data-ad-client=\"ca-pub-9147999370744615\"\n     data-ad-slot=\"2957070328\"\n     data-ad-format=\"auto\"\n     data-full-width-responsive=\"true\"><\/ins>\n<script>\n     (adsbygoogle = window.adsbygoogle || []).push({});\n<\/script>\n<\/div>\n<\/div>\n","protected":false},"excerpt":{"rendered":"<p>Morfran var i den walisisk udgave af mytologien s\u00f8n af Tegid Foel og heksen Ceridwen. Han var ufattelig grim og havde h\u00e5r p\u00e5 kroppen s\u00e5 t\u00e6t som hos en hjort. Hans moder pr\u00f8vede at g\u00f8re ham vis for at r\u00e5de bod p\u00e5 hans grimhed men dette slog fejl.I slaget ved Camlan turde ingen s\u00e5re ham [&hellip;]<\/p>\n","protected":false},"author":1,"featured_media":0,"parent":0,"menu_order":0,"comment_status":"closed","ping_status":"closed","template":"","meta":[],"_links":{"self":[{"href":"https:\/\/natsunivers.dk\/mytes\/index.php?rest_route=\/wp\/v2\/pages\/335"}],"collection":[{"href":"https:\/\/natsunivers.dk\/mytes\/index.php?rest_route=\/wp\/v2\/pages"}],"about":[{"href":"https:\/\/natsunivers.dk\/mytes\/index.php?rest_route=\/wp\/v2\/types\/page"}],"author":[{"embeddable":true,"href":"https:\/\/natsunivers.dk\/mytes\/index.php?rest_route=\/wp\/v2\/users\/1"}],"replies":[{"embeddable":true,"href":"https:\/\/natsunivers.dk\/mytes\/index.php?rest_route=%2Fwp%2Fv2%2Fcomments&post=335"}],"version-history":[{"count":2,"href":"https:\/\/natsunivers.dk\/mytes\/index.php?rest_route=\/wp\/v2\/pages\/335\/revisions"}],"predecessor-version":[{"id":1241,"href":"https:\/\/natsunivers.dk\/mytes\/index.php?rest_route=\/wp\/v2\/pages\/335\/revisions\/1241"}],"wp:attachment":[{"href":"https:\/\/natsunivers.dk\/mytes\/index.php?rest_route=%2Fwp%2Fv2%2Fmedia&parent=335"}],"curies":[{"name":"wp","href":"https:\/\/api.w.org\/{rel}","templated":true}]}}