{"id":333,"date":"2023-01-29T14:50:08","date_gmt":"2023-01-29T14:50:08","guid":{"rendered":"https:\/\/natsunivers.dk\/mytes\/?page_id=333"},"modified":"2023-02-26T07:54:44","modified_gmt":"2023-02-26T07:54:44","slug":"min","status":"publish","type":"page","link":"https:\/\/natsunivers.dk\/mytes\/?page_id=333","title":{"rendered":"Min"},"content":{"rendered":"\n<div class=\"is-layout-flex wp-container-3 wp-block-columns\">\n<div class=\"is-layout-flow wp-block-column\" style=\"flex-basis:66.66%\">\n<p>Dette var en gammel og meget popul\u00e6r gud. Oprindeligt menes han m\u00e5ske at have v\u00e6ret en skabergud men i klassisk tid blev han anset som en gud for veje og en beskytter af rejsende i \u00f8rkenen.<br>Et af hans vigtigste kultsteder l\u00e5 i Koptos hvilket var et knudepunkt for rejsende. Her stoppede de og bad til min f\u00f8r de drog videre.<br>Min blev typisk afbildet med erigeret fallos og med en pejl i sin l\u00f8ftede h\u00f8jre h\u00e5nd. Desuden bar han p\u00e5 hovedet en krone der var<br>udsmykket med 2 h\u00f8je lige fjer.<\/p>\n<\/div>\n\n\n\n<div class=\"is-layout-flow wp-block-column\" style=\"flex-basis:33.33%\">\n<script async src=\"https:\/\/pagead2.googlesyndication.com\/pagead\/js\/adsbygoogle.js?client=ca-pub-9147999370744615\"\n     crossorigin=\"anonymous\"><\/script>\n<!-- Ny nats -->\n<ins class=\"adsbygoogle\"\n     style=\"display:block\"\n     data-ad-client=\"ca-pub-9147999370744615\"\n     data-ad-slot=\"2957070328\"\n     data-ad-format=\"auto\"\n     data-full-width-responsive=\"true\"><\/ins>\n<script>\n     (adsbygoogle = window.adsbygoogle || []).push({});\n<\/script>\n<\/div>\n<\/div>\n","protected":false},"excerpt":{"rendered":"<p>Dette var en gammel og meget popul\u00e6r gud. Oprindeligt menes han m\u00e5ske at have v\u00e6ret en skabergud men i klassisk tid blev han anset som en gud for veje og en beskytter af rejsende i \u00f8rkenen.Et af hans vigtigste kultsteder l\u00e5 i Koptos hvilket var et knudepunkt for rejsende. Her stoppede de og bad til [&hellip;]<\/p>\n","protected":false},"author":1,"featured_media":0,"parent":0,"menu_order":0,"comment_status":"closed","ping_status":"closed","template":"","meta":[],"_links":{"self":[{"href":"https:\/\/natsunivers.dk\/mytes\/index.php?rest_route=\/wp\/v2\/pages\/333"}],"collection":[{"href":"https:\/\/natsunivers.dk\/mytes\/index.php?rest_route=\/wp\/v2\/pages"}],"about":[{"href":"https:\/\/natsunivers.dk\/mytes\/index.php?rest_route=\/wp\/v2\/types\/page"}],"author":[{"embeddable":true,"href":"https:\/\/natsunivers.dk\/mytes\/index.php?rest_route=\/wp\/v2\/users\/1"}],"replies":[{"embeddable":true,"href":"https:\/\/natsunivers.dk\/mytes\/index.php?rest_route=%2Fwp%2Fv2%2Fcomments&post=333"}],"version-history":[{"count":2,"href":"https:\/\/natsunivers.dk\/mytes\/index.php?rest_route=\/wp\/v2\/pages\/333\/revisions"}],"predecessor-version":[{"id":1238,"href":"https:\/\/natsunivers.dk\/mytes\/index.php?rest_route=\/wp\/v2\/pages\/333\/revisions\/1238"}],"wp:attachment":[{"href":"https:\/\/natsunivers.dk\/mytes\/index.php?rest_route=%2Fwp%2Fv2%2Fmedia&parent=333"}],"curies":[{"name":"wp","href":"https:\/\/api.w.org\/{rel}","templated":true}]}}