{"id":327,"date":"2023-01-29T14:46:53","date_gmt":"2023-01-29T14:46:53","guid":{"rendered":"https:\/\/natsunivers.dk\/mytes\/?page_id=327"},"modified":"2023-02-26T07:43:24","modified_gmt":"2023-02-26T07:43:24","slug":"lykaon","status":"publish","type":"page","link":"https:\/\/natsunivers.dk\/mytes\/?page_id=327","title":{"rendered":"Lykaon"},"content":{"rendered":"\n<div class=\"is-layout-flex wp-container-3 wp-block-columns\">\n<div class=\"is-layout-flow wp-block-column\" style=\"flex-basis:66.66%\">\n<p>Lykaon eller Lycaon kommer af ordet &#8220;lykos&#8221; som betyder &#8220;ulv&#8221;. Han var s\u00f8n af Pelasgos og konge af Arkadien. Fader var han til<br>50 s\u00f8nner med adskillige m\u00f8dre. Desuden menes han at have v\u00e6ret fader til Kallisto.<br>Zeus tog p\u00e5 et tidspunkt til jorden for at tage Lykaon og s\u00f8nnerne i \u00f8jem\u00e5l. Lykaon og s\u00f8nnerne fandt en lille dreng i byen og skar ham op. Drengen blev puttet i en ret som de serverede for Zeus.<br>Zeus blev rasende og forvandlede Lykaon til en ulv. S\u00f8nnerne dr\u00e6bte han p\u00e5 n\u00e6r den yngste ved navn Nyctimos. Efter bes\u00f8get sendte han den deukaliske syndflod (Deukalion) over de vanartede mennesker.<br>En anden myte beretter dog at b\u00e5de Lykaon og s\u00f8nnerne blev forvandlet til ulve. Drengen der var brugt i retten var den yngste s\u00f8n Nyctimos som Zeus bragte tilbage til livet. I begge myter optr\u00e6der syndfloden dog.<br>Navnene p\u00e5 s\u00f8nnerne menes at have v\u00e6ret: Melaineus, Helix, Thesprotos, Peucetios, Caucon, Mecisteus, Hopleus, Macareus,<br>Macednos, Horos, Polichos, Acontes, Evaimon, Ancyor, Archebates, Carteron, Aigaion, Pallas, Eumon, Canethos, Prothoos,<br>Linus, Corethon, Mainalos, Teleboas, Physios, Phassos, Phthios, Lycios, Halipheros, Portheus, Plato, Haimon, Cynaithos,<br>Leon, Harpalycos, Heraieus, Titanas, Mantineus, Cleitor, Stymphalos, Orchomenos, Genetor, Boucolion, Socleus,<br>Phineus, Eumetes, Harpaleus, Nyctimos.<\/p>\n<\/div>\n\n\n\n<div class=\"is-layout-flow wp-block-column\" style=\"flex-basis:33.33%\">\n<script async src=\"https:\/\/pagead2.googlesyndication.com\/pagead\/js\/adsbygoogle.js?client=ca-pub-9147999370744615\"\n     crossorigin=\"anonymous\"><\/script>\n<!-- Ny nats -->\n<ins class=\"adsbygoogle\"\n     style=\"display:block\"\n     data-ad-client=\"ca-pub-9147999370744615\"\n     data-ad-slot=\"2957070328\"\n     data-ad-format=\"auto\"\n     data-full-width-responsive=\"true\"><\/ins>\n<script>\n     (adsbygoogle = window.adsbygoogle || []).push({});\n<\/script>\n<\/div>\n<\/div>\n","protected":false},"excerpt":{"rendered":"<p>Lykaon eller Lycaon kommer af ordet &#8220;lykos&#8221; som betyder &#8220;ulv&#8221;. Han var s\u00f8n af Pelasgos og konge af Arkadien. Fader var han til50 s\u00f8nner med adskillige m\u00f8dre. Desuden menes han at have v\u00e6ret fader til Kallisto.Zeus tog p\u00e5 et tidspunkt til jorden for at tage Lykaon og s\u00f8nnerne i \u00f8jem\u00e5l. Lykaon og s\u00f8nnerne fandt en [&hellip;]<\/p>\n","protected":false},"author":1,"featured_media":0,"parent":0,"menu_order":0,"comment_status":"closed","ping_status":"closed","template":"","meta":[],"_links":{"self":[{"href":"https:\/\/natsunivers.dk\/mytes\/index.php?rest_route=\/wp\/v2\/pages\/327"}],"collection":[{"href":"https:\/\/natsunivers.dk\/mytes\/index.php?rest_route=\/wp\/v2\/pages"}],"about":[{"href":"https:\/\/natsunivers.dk\/mytes\/index.php?rest_route=\/wp\/v2\/types\/page"}],"author":[{"embeddable":true,"href":"https:\/\/natsunivers.dk\/mytes\/index.php?rest_route=\/wp\/v2\/users\/1"}],"replies":[{"embeddable":true,"href":"https:\/\/natsunivers.dk\/mytes\/index.php?rest_route=%2Fwp%2Fv2%2Fcomments&post=327"}],"version-history":[{"count":2,"href":"https:\/\/natsunivers.dk\/mytes\/index.php?rest_route=\/wp\/v2\/pages\/327\/revisions"}],"predecessor-version":[{"id":1224,"href":"https:\/\/natsunivers.dk\/mytes\/index.php?rest_route=\/wp\/v2\/pages\/327\/revisions\/1224"}],"wp:attachment":[{"href":"https:\/\/natsunivers.dk\/mytes\/index.php?rest_route=%2Fwp%2Fv2%2Fmedia&parent=327"}],"curies":[{"name":"wp","href":"https:\/\/api.w.org\/{rel}","templated":true}]}}