{"id":323,"date":"2023-01-29T14:36:00","date_gmt":"2023-01-29T14:36:00","guid":{"rendered":"https:\/\/natsunivers.dk\/mytes\/?page_id=323"},"modified":"2023-02-26T07:49:29","modified_gmt":"2023-02-26T07:49:29","slug":"mefitis-mephitis","status":"publish","type":"page","link":"https:\/\/natsunivers.dk\/mytes\/?page_id=323","title":{"rendered":"Mefitis\/Mephitis"},"content":{"rendered":"\n<div class=\"is-layout-flex wp-container-3 wp-block-columns\">\n<div class=\"is-layout-flow wp-block-column\" style=\"flex-basis:66.66%\">\n<p>Det var en gr\u00e6sk gudinde for de svovl gasser der stiger op fra jorden. Eftersom s\u00e5danne gasser mentes at v\u00e6re skyld i epidemier og plager blev Mefitis ogs\u00e5 af og til anset som v\u00e6rende gudinde for plager.<br>Hendes kult var koncentreret omkring de vulkaniske regioner\/omr\u00e5der af Syd Italien men hun var tilbedt<br>i hele landet.<br>P\u00e5 vulkanen Ampsanctus i Samnium l\u00e5 hendes hoved guddom. I Rom l\u00e5 hendes tempel p\u00e5 Esquiline h\u00f8jden og i Cremona l\u00e5 hendes tempel lige udenfor bymurene. Beliggenheden ved sidste tempel menes at h\u00f8re sammen med at hun blev anset som en gudinde for plager og at man selvom man tilbad hende derfor ikke \u00f8nskede hendes tempel for t\u00e6t p\u00e5.<br>Hun er til tider blevet identificeret med Albunea.<\/p>\n<\/div>\n\n\n\n<div class=\"is-layout-flow wp-block-column\" style=\"flex-basis:33.33%\">\n<script async src=\"https:\/\/pagead2.googlesyndication.com\/pagead\/js\/adsbygoogle.js?client=ca-pub-9147999370744615\"\n     crossorigin=\"anonymous\"><\/script>\n<!-- Ny nats -->\n<ins class=\"adsbygoogle\"\n     style=\"display:block\"\n     data-ad-client=\"ca-pub-9147999370744615\"\n     data-ad-slot=\"2957070328\"\n     data-ad-format=\"auto\"\n     data-full-width-responsive=\"true\"><\/ins>\n<script>\n     (adsbygoogle = window.adsbygoogle || []).push({});\n<\/script>\n<\/div>\n<\/div>\n","protected":false},"excerpt":{"rendered":"<p>Det var en gr\u00e6sk gudinde for de svovl gasser der stiger op fra jorden. Eftersom s\u00e5danne gasser mentes at v\u00e6re skyld i epidemier og plager blev Mefitis ogs\u00e5 af og til anset som v\u00e6rende gudinde for plager.Hendes kult var koncentreret omkring de vulkaniske regioner\/omr\u00e5der af Syd Italien men hun var tilbedti hele landet.P\u00e5 vulkanen Ampsanctus [&hellip;]<\/p>\n","protected":false},"author":1,"featured_media":0,"parent":0,"menu_order":0,"comment_status":"closed","ping_status":"closed","template":"","meta":[],"_links":{"self":[{"href":"https:\/\/natsunivers.dk\/mytes\/index.php?rest_route=\/wp\/v2\/pages\/323"}],"collection":[{"href":"https:\/\/natsunivers.dk\/mytes\/index.php?rest_route=\/wp\/v2\/pages"}],"about":[{"href":"https:\/\/natsunivers.dk\/mytes\/index.php?rest_route=\/wp\/v2\/types\/page"}],"author":[{"embeddable":true,"href":"https:\/\/natsunivers.dk\/mytes\/index.php?rest_route=\/wp\/v2\/users\/1"}],"replies":[{"embeddable":true,"href":"https:\/\/natsunivers.dk\/mytes\/index.php?rest_route=%2Fwp%2Fv2%2Fcomments&post=323"}],"version-history":[{"count":2,"href":"https:\/\/natsunivers.dk\/mytes\/index.php?rest_route=\/wp\/v2\/pages\/323\/revisions"}],"predecessor-version":[{"id":1231,"href":"https:\/\/natsunivers.dk\/mytes\/index.php?rest_route=\/wp\/v2\/pages\/323\/revisions\/1231"}],"wp:attachment":[{"href":"https:\/\/natsunivers.dk\/mytes\/index.php?rest_route=%2Fwp%2Fv2%2Fmedia&parent=323"}],"curies":[{"name":"wp","href":"https:\/\/api.w.org\/{rel}","templated":true}]}}