{"id":321,"date":"2023-01-29T14:35:03","date_gmt":"2023-01-29T14:35:03","guid":{"rendered":"https:\/\/natsunivers.dk\/mytes\/?page_id=321"},"modified":"2023-02-26T07:34:34","modified_gmt":"2023-02-26T07:34:34","slug":"khnum","status":"publish","type":"page","link":"https:\/\/natsunivers.dk\/mytes\/?page_id=321","title":{"rendered":"Khnum"},"content":{"rendered":"\n<div class=\"is-layout-flex wp-container-3 wp-block-columns\">\n<div class=\"is-layout-flow wp-block-column\" style=\"flex-basis:66.66%\">\n<p>Dette var en gammel egyptisk skabergud. P\u00e5 sin drejeskive formede han verden, guderne og menneskene. Barnekroppen<br>formede han ogs\u00e5 og plantede som et lille fr\u00f8 i moderens mave.<br>Hans navn menes at betyde &#8220;formeren&#8221; hvilket passer godt sammen med hans m\u00e5de at skabe p\u00e5. Selv havde han hustruen Anukis og datteren Satis.<br>Indtil tidligt i Ny Rige blev han tilbedt afbildet som v\u00e6dder. Senere blev han afbildet som mand med v\u00e6dderhoved siddende ved en<br>drejeskive.<br>Nogle afbildninger viser ham med fire hoveder da man mente at Ra (solen), Shu (luften), Osiris (underverden) og Geb (jorden) var<br>forenet i ham.<br>Foruden at forme barnet der l\u00e5 i moderens mave assiterede han sammed Heket ved f\u00f8dsler. I Esna i syd Egypten blev han set som<br>legemligg\u00f8relsen af verden.<br>Khnum mentes at have kontrolleret Nilens \u00e5rlige oversv\u00f8mmelse hvilket der findes en mindre beretning om. I 7 \u00e5r havde der v\u00e6ret hungersn\u00f8d fordi Nilens vand ikke steg h\u00f8jt nok til at overrisle markerne.<br>Kong Djoser bad derfor hans vismand, arkitekt og minister Imhotep om r\u00e5d. Denne r\u00e5dede ham til at ofre til Khnum. Efter at have ofret<br>kom Khnum til Kong Djoser i en dr\u00f8m og lovede at lade vandet stige.<\/p>\n<\/div>\n\n\n\n<div class=\"is-layout-flow wp-block-column\" style=\"flex-basis:33.33%\">\n<script async src=\"https:\/\/pagead2.googlesyndication.com\/pagead\/js\/adsbygoogle.js?client=ca-pub-9147999370744615\"\n     crossorigin=\"anonymous\"><\/script>\n<!-- Ny nats -->\n<ins class=\"adsbygoogle\"\n     style=\"display:block\"\n     data-ad-client=\"ca-pub-9147999370744615\"\n     data-ad-slot=\"2957070328\"\n     data-ad-format=\"auto\"\n     data-full-width-responsive=\"true\"><\/ins>\n<script>\n     (adsbygoogle = window.adsbygoogle || []).push({});\n<\/script>\n<\/div>\n<\/div>\n","protected":false},"excerpt":{"rendered":"<p>Dette var en gammel egyptisk skabergud. P\u00e5 sin drejeskive formede han verden, guderne og menneskene. Barnekroppenformede han ogs\u00e5 og plantede som et lille fr\u00f8 i moderens mave.Hans navn menes at betyde &#8220;formeren&#8221; hvilket passer godt sammen med hans m\u00e5de at skabe p\u00e5. Selv havde han hustruen Anukis og datteren Satis.Indtil tidligt i Ny Rige blev [&hellip;]<\/p>\n","protected":false},"author":1,"featured_media":0,"parent":0,"menu_order":0,"comment_status":"closed","ping_status":"closed","template":"","meta":[],"_links":{"self":[{"href":"https:\/\/natsunivers.dk\/mytes\/index.php?rest_route=\/wp\/v2\/pages\/321"}],"collection":[{"href":"https:\/\/natsunivers.dk\/mytes\/index.php?rest_route=\/wp\/v2\/pages"}],"about":[{"href":"https:\/\/natsunivers.dk\/mytes\/index.php?rest_route=\/wp\/v2\/types\/page"}],"author":[{"embeddable":true,"href":"https:\/\/natsunivers.dk\/mytes\/index.php?rest_route=\/wp\/v2\/users\/1"}],"replies":[{"embeddable":true,"href":"https:\/\/natsunivers.dk\/mytes\/index.php?rest_route=%2Fwp%2Fv2%2Fcomments&post=321"}],"version-history":[{"count":2,"href":"https:\/\/natsunivers.dk\/mytes\/index.php?rest_route=\/wp\/v2\/pages\/321\/revisions"}],"predecessor-version":[{"id":1214,"href":"https:\/\/natsunivers.dk\/mytes\/index.php?rest_route=\/wp\/v2\/pages\/321\/revisions\/1214"}],"wp:attachment":[{"href":"https:\/\/natsunivers.dk\/mytes\/index.php?rest_route=%2Fwp%2Fv2%2Fmedia&parent=321"}],"curies":[{"name":"wp","href":"https:\/\/api.w.org\/{rel}","templated":true}]}}