{"id":315,"date":"2023-01-29T14:24:58","date_gmt":"2023-01-29T14:24:58","guid":{"rendered":"https:\/\/natsunivers.dk\/mytes\/?page_id=315"},"modified":"2023-02-26T07:47:30","modified_gmt":"2023-02-26T07:47:30","slug":"mater-matuta","status":"publish","type":"page","link":"https:\/\/natsunivers.dk\/mytes\/?page_id=315","title":{"rendered":"Mater Matuta"},"content":{"rendered":"\n<div class=\"is-layout-flex wp-container-3 wp-block-columns\">\n<div class=\"is-layout-flow wp-block-column\" style=\"flex-basis:66.66%\">\n<p>Mater Matuta menes oprindeligt at have v\u00e6ret en gudinde for morgengryet. Senere fungerede hun som skytsgudinde for kvinder og f\u00f8dsler. Endnu senere blev hun sammen med sin s\u00f8n Portunus anset som beskytter af s\u00f8fart og havneanl\u00e6g.<br>Mater Matuta havde et tempel i Forum i Rom. Et mere ber\u00f8mt tempel i hendes \u00e6re l\u00e5 i Satricum i Italien. Da romerne i 346 f.kr.<br>\u00f8delagde byen, sparede de templet.<br>Matralia-festen blev afholdt i hendes \u00e6re den 11. juni. Hun blev senere identificeret med den gr\u00e6ske Ino.<br>Hendes navn betyder &#8220;morgen-moder&#8221; og hun staves desuden ogs\u00e5 p\u00e5 f\u00f8lgende m\u00e5der: Matuta og Matuta Mater.<\/p>\n<\/div>\n\n\n\n<div class=\"is-layout-flow wp-block-column\" style=\"flex-basis:33.33%\">\n<script async src=\"https:\/\/pagead2.googlesyndication.com\/pagead\/js\/adsbygoogle.js?client=ca-pub-9147999370744615\"\n     crossorigin=\"anonymous\"><\/script>\n<!-- Ny nats -->\n<ins class=\"adsbygoogle\"\n     style=\"display:block\"\n     data-ad-client=\"ca-pub-9147999370744615\"\n     data-ad-slot=\"2957070328\"\n     data-ad-format=\"auto\"\n     data-full-width-responsive=\"true\"><\/ins>\n<script>\n     (adsbygoogle = window.adsbygoogle || []).push({});\n<\/script>\n<\/div>\n<\/div>\n","protected":false},"excerpt":{"rendered":"<p>Mater Matuta menes oprindeligt at have v\u00e6ret en gudinde for morgengryet. Senere fungerede hun som skytsgudinde for kvinder og f\u00f8dsler. Endnu senere blev hun sammen med sin s\u00f8n Portunus anset som beskytter af s\u00f8fart og havneanl\u00e6g.Mater Matuta havde et tempel i Forum i Rom. Et mere ber\u00f8mt tempel i hendes \u00e6re l\u00e5 i Satricum i [&hellip;]<\/p>\n","protected":false},"author":1,"featured_media":0,"parent":0,"menu_order":0,"comment_status":"closed","ping_status":"closed","template":"","meta":[],"_links":{"self":[{"href":"https:\/\/natsunivers.dk\/mytes\/index.php?rest_route=\/wp\/v2\/pages\/315"}],"collection":[{"href":"https:\/\/natsunivers.dk\/mytes\/index.php?rest_route=\/wp\/v2\/pages"}],"about":[{"href":"https:\/\/natsunivers.dk\/mytes\/index.php?rest_route=\/wp\/v2\/types\/page"}],"author":[{"embeddable":true,"href":"https:\/\/natsunivers.dk\/mytes\/index.php?rest_route=\/wp\/v2\/users\/1"}],"replies":[{"embeddable":true,"href":"https:\/\/natsunivers.dk\/mytes\/index.php?rest_route=%2Fwp%2Fv2%2Fcomments&post=315"}],"version-history":[{"count":2,"href":"https:\/\/natsunivers.dk\/mytes\/index.php?rest_route=\/wp\/v2\/pages\/315\/revisions"}],"predecessor-version":[{"id":1228,"href":"https:\/\/natsunivers.dk\/mytes\/index.php?rest_route=\/wp\/v2\/pages\/315\/revisions\/1228"}],"wp:attachment":[{"href":"https:\/\/natsunivers.dk\/mytes\/index.php?rest_route=%2Fwp%2Fv2%2Fmedia&parent=315"}],"curies":[{"name":"wp","href":"https:\/\/api.w.org\/{rel}","templated":true}]}}