{"id":311,"date":"2023-01-29T14:22:57","date_gmt":"2023-01-29T14:22:57","guid":{"rendered":"https:\/\/natsunivers.dk\/mytes\/?page_id=311"},"modified":"2023-02-26T07:50:18","modified_gmt":"2023-02-26T07:50:18","slug":"megara","status":"publish","type":"page","link":"https:\/\/natsunivers.dk\/mytes\/?page_id=311","title":{"rendered":"Megara"},"content":{"rendered":"\n<div class=\"is-layout-flex wp-container-3 wp-block-columns\">\n<div class=\"is-layout-flow wp-block-column\" style=\"flex-basis:66.66%\">\n<p>Megara eller Megera var den \u00e6ldste datter af kong Kreon.<br>Hendes fader bortgiftede hende til helten Herakles med hvem hun fik adskillige b\u00f8rn. Antallet af b\u00f8rn er der nogen uenighed om. Nogle myter beretter om 2, 3, 4 og ligefrem 7 b\u00f8rn.<br>Ikke meget vides om Megara og hendes tid efter \u00e6gteskabet er der ogs\u00e5 lidt uenighed om. En myte fort\u00e6ller at Herakles dr\u00e6bte deres b\u00f8rn hvorefter han bortgiftede den 33 \u00e5rige Megara til den 16 \u00e5rige Iolaus.<br>En anden beretter at Lycus havde h\u00f8rt at Herakles var d\u00f8d og han pr\u00f8vede derfor at forf\u00f8re Megara. Megara afviste ham og som<br>h\u00e6vn ville han dr\u00e6be hende og b\u00f8rnene. Herakles kom netop da hjem for at h\u00e6vne Lycus.<br>Hera som var glad for Lycus slog derefter Herakles med sindssyge s\u00e5 han selv dr\u00e6bte Megara og deres b\u00f8rn.<\/p>\n<\/div>\n\n\n\n<div class=\"is-layout-flow wp-block-column\" style=\"flex-basis:33.33%\">\n<script async src=\"https:\/\/pagead2.googlesyndication.com\/pagead\/js\/adsbygoogle.js?client=ca-pub-9147999370744615\"\n     crossorigin=\"anonymous\"><\/script>\n<!-- Ny nats -->\n<ins class=\"adsbygoogle\"\n     style=\"display:block\"\n     data-ad-client=\"ca-pub-9147999370744615\"\n     data-ad-slot=\"2957070328\"\n     data-ad-format=\"auto\"\n     data-full-width-responsive=\"true\"><\/ins>\n<script>\n     (adsbygoogle = window.adsbygoogle || []).push({});\n<\/script>\n<\/div>\n<\/div>\n","protected":false},"excerpt":{"rendered":"<p>Megara eller Megera var den \u00e6ldste datter af kong Kreon.Hendes fader bortgiftede hende til helten Herakles med hvem hun fik adskillige b\u00f8rn. Antallet af b\u00f8rn er der nogen uenighed om. Nogle myter beretter om 2, 3, 4 og ligefrem 7 b\u00f8rn.Ikke meget vides om Megara og hendes tid efter \u00e6gteskabet er der ogs\u00e5 lidt uenighed [&hellip;]<\/p>\n","protected":false},"author":1,"featured_media":0,"parent":0,"menu_order":0,"comment_status":"closed","ping_status":"closed","template":"","meta":[],"_links":{"self":[{"href":"https:\/\/natsunivers.dk\/mytes\/index.php?rest_route=\/wp\/v2\/pages\/311"}],"collection":[{"href":"https:\/\/natsunivers.dk\/mytes\/index.php?rest_route=\/wp\/v2\/pages"}],"about":[{"href":"https:\/\/natsunivers.dk\/mytes\/index.php?rest_route=\/wp\/v2\/types\/page"}],"author":[{"embeddable":true,"href":"https:\/\/natsunivers.dk\/mytes\/index.php?rest_route=\/wp\/v2\/users\/1"}],"replies":[{"embeddable":true,"href":"https:\/\/natsunivers.dk\/mytes\/index.php?rest_route=%2Fwp%2Fv2%2Fcomments&post=311"}],"version-history":[{"count":2,"href":"https:\/\/natsunivers.dk\/mytes\/index.php?rest_route=\/wp\/v2\/pages\/311\/revisions"}],"predecessor-version":[{"id":1232,"href":"https:\/\/natsunivers.dk\/mytes\/index.php?rest_route=\/wp\/v2\/pages\/311\/revisions\/1232"}],"wp:attachment":[{"href":"https:\/\/natsunivers.dk\/mytes\/index.php?rest_route=%2Fwp%2Fv2%2Fmedia&parent=311"}],"curies":[{"name":"wp","href":"https:\/\/api.w.org\/{rel}","templated":true}]}}