{"id":305,"date":"2023-01-29T14:19:28","date_gmt":"2023-01-29T14:19:28","guid":{"rendered":"https:\/\/natsunivers.dk\/mytes\/?page_id=305"},"modified":"2023-02-26T07:38:42","modified_gmt":"2023-02-26T07:38:42","slug":"libitina","status":"publish","type":"page","link":"https:\/\/natsunivers.dk\/mytes\/?page_id=305","title":{"rendered":"Libitina"},"content":{"rendered":"\n<div class=\"is-layout-flex wp-container-3 wp-block-columns\">\n<div class=\"is-layout-flow wp-block-column\" style=\"flex-basis:66.66%\">\n<p>Dette var den romerske gudinde for begravelser, d\u00f8den og den afd\u00f8de. For hvert lig modtog hun et pengestykke.<br>Hun overv\u00e5gede om begravelsesritualerne foregik retm\u00e6ssigt. Hendes tempel var centrum for alt hvad der havde med begravelser at g\u00f8re i Rom.<br>Hendes navn er i det poetisk sprog en metafor for d\u00f8d.<\/p>\n<\/div>\n\n\n\n<div class=\"is-layout-flow wp-block-column\" style=\"flex-basis:33.33%\">\n<script async src=\"https:\/\/pagead2.googlesyndication.com\/pagead\/js\/adsbygoogle.js?client=ca-pub-9147999370744615\"\n     crossorigin=\"anonymous\"><\/script>\n<!-- Ny nats -->\n<ins class=\"adsbygoogle\"\n     style=\"display:block\"\n     data-ad-client=\"ca-pub-9147999370744615\"\n     data-ad-slot=\"2957070328\"\n     data-ad-format=\"auto\"\n     data-full-width-responsive=\"true\"><\/ins>\n<script>\n     (adsbygoogle = window.adsbygoogle || []).push({});\n<\/script>\n<\/div>\n<\/div>\n","protected":false},"excerpt":{"rendered":"<p>Dette var den romerske gudinde for begravelser, d\u00f8den og den afd\u00f8de. For hvert lig modtog hun et pengestykke.Hun overv\u00e5gede om begravelsesritualerne foregik retm\u00e6ssigt. Hendes tempel var centrum for alt hvad der havde med begravelser at g\u00f8re i Rom.Hendes navn er i det poetisk sprog en metafor for d\u00f8d.<\/p>\n","protected":false},"author":1,"featured_media":0,"parent":0,"menu_order":0,"comment_status":"closed","ping_status":"closed","template":"","meta":[],"_links":{"self":[{"href":"https:\/\/natsunivers.dk\/mytes\/index.php?rest_route=\/wp\/v2\/pages\/305"}],"collection":[{"href":"https:\/\/natsunivers.dk\/mytes\/index.php?rest_route=\/wp\/v2\/pages"}],"about":[{"href":"https:\/\/natsunivers.dk\/mytes\/index.php?rest_route=\/wp\/v2\/types\/page"}],"author":[{"embeddable":true,"href":"https:\/\/natsunivers.dk\/mytes\/index.php?rest_route=\/wp\/v2\/users\/1"}],"replies":[{"embeddable":true,"href":"https:\/\/natsunivers.dk\/mytes\/index.php?rest_route=%2Fwp%2Fv2%2Fcomments&post=305"}],"version-history":[{"count":2,"href":"https:\/\/natsunivers.dk\/mytes\/index.php?rest_route=\/wp\/v2\/pages\/305\/revisions"}],"predecessor-version":[{"id":1220,"href":"https:\/\/natsunivers.dk\/mytes\/index.php?rest_route=\/wp\/v2\/pages\/305\/revisions\/1220"}],"wp:attachment":[{"href":"https:\/\/natsunivers.dk\/mytes\/index.php?rest_route=%2Fwp%2Fv2%2Fmedia&parent=305"}],"curies":[{"name":"wp","href":"https:\/\/api.w.org\/{rel}","templated":true}]}}