{"id":299,"date":"2023-01-29T14:13:45","date_gmt":"2023-01-29T14:13:45","guid":{"rendered":"https:\/\/natsunivers.dk\/mytes\/?page_id=299"},"modified":"2023-02-26T07:42:03","modified_gmt":"2023-02-26T07:42:03","slug":"loki","status":"publish","type":"page","link":"https:\/\/natsunivers.dk\/mytes\/?page_id=299","title":{"rendered":"Loki"},"content":{"rendered":"\n<div class=\"is-layout-flex wp-container-3 wp-block-columns\">\n<div class=\"is-layout-flow wp-block-column\" style=\"flex-basis:66.66%\">\n<p>Loki er halvt gud og halvt j\u00e6tte. Han er gudernes kloge og snarr\u00e5dige hj\u00e6lper men ogs\u00e5 deres modstander. Loki kan forvandle sig til stort set alt og anses som en Eskatologisk gud som indledte Ragnarok.<\/p>\n\n\n\n<p>Han er s\u00f8n af j\u00e6tten Farbauti og gudinden Nal. Hans hustru er Sigyn med hvem han har b\u00f8rnene Vale og Narfe. Desuden har han tre b\u00f8rn med j\u00e6ttekvinden Angrboda. Disse tre b\u00f8rn er Fenrir, Midg\u00e5rdsormen og d\u00f8dsgudinden Hel. Endvidere er han moder til Sleipnir da han i skikkelse af en hoppe lod sig bed\u00e6kke af den fyrige hingst Svadilfari.<\/p>\n\n\n\n<p>Loki fik den blide H\u00f8der til at rette den d\u00f8delige misteltenkvist mod Balder og som straf for dette blev han l\u00e6nket med en gifslange h\u00e6ngt over sig. Hans hustru Sigyn sad hos ham og pr\u00f8vede at opfange den neddryppende gift i en sk\u00e5l. Hun gik kun hver gang sk\u00e5len skulle t\u00f8mmes.<\/p>\n\n\n\n<p>Af andre navne kendes f.eks. Loke.<\/p>\n<\/div>\n\n\n\n<div class=\"is-layout-flow wp-block-column\" style=\"flex-basis:33.33%\">\n<script async src=\"https:\/\/pagead2.googlesyndication.com\/pagead\/js\/adsbygoogle.js?client=ca-pub-9147999370744615\"\n     crossorigin=\"anonymous\"><\/script>\n<!-- Ny nats -->\n<ins class=\"adsbygoogle\"\n     style=\"display:block\"\n     data-ad-client=\"ca-pub-9147999370744615\"\n     data-ad-slot=\"2957070328\"\n     data-ad-format=\"auto\"\n     data-full-width-responsive=\"true\"><\/ins>\n<script>\n     (adsbygoogle = window.adsbygoogle || []).push({});\n<\/script>\n<\/div>\n<\/div>\n","protected":false},"excerpt":{"rendered":"<p>Loki er halvt gud og halvt j\u00e6tte. Han er gudernes kloge og snarr\u00e5dige hj\u00e6lper men ogs\u00e5 deres modstander. Loki kan forvandle sig til stort set alt og anses som en Eskatologisk gud som indledte Ragnarok. Han er s\u00f8n af j\u00e6tten Farbauti og gudinden Nal. Hans hustru er Sigyn med hvem han har b\u00f8rnene Vale og [&hellip;]<\/p>\n","protected":false},"author":1,"featured_media":0,"parent":0,"menu_order":0,"comment_status":"closed","ping_status":"closed","template":"","meta":[],"_links":{"self":[{"href":"https:\/\/natsunivers.dk\/mytes\/index.php?rest_route=\/wp\/v2\/pages\/299"}],"collection":[{"href":"https:\/\/natsunivers.dk\/mytes\/index.php?rest_route=\/wp\/v2\/pages"}],"about":[{"href":"https:\/\/natsunivers.dk\/mytes\/index.php?rest_route=\/wp\/v2\/types\/page"}],"author":[{"embeddable":true,"href":"https:\/\/natsunivers.dk\/mytes\/index.php?rest_route=\/wp\/v2\/users\/1"}],"replies":[{"embeddable":true,"href":"https:\/\/natsunivers.dk\/mytes\/index.php?rest_route=%2Fwp%2Fv2%2Fcomments&post=299"}],"version-history":[{"count":2,"href":"https:\/\/natsunivers.dk\/mytes\/index.php?rest_route=\/wp\/v2\/pages\/299\/revisions"}],"predecessor-version":[{"id":1222,"href":"https:\/\/natsunivers.dk\/mytes\/index.php?rest_route=\/wp\/v2\/pages\/299\/revisions\/1222"}],"wp:attachment":[{"href":"https:\/\/natsunivers.dk\/mytes\/index.php?rest_route=%2Fwp%2Fv2%2Fmedia&parent=299"}],"curies":[{"name":"wp","href":"https:\/\/api.w.org\/{rel}","templated":true}]}}