{"id":294,"date":"2023-01-29T13:53:22","date_gmt":"2023-01-29T13:53:22","guid":{"rendered":"https:\/\/natsunivers.dk\/mytes\/?page_id=294"},"modified":"2023-02-25T13:48:29","modified_gmt":"2023-02-25T13:48:29","slug":"goibniu","status":"publish","type":"page","link":"https:\/\/natsunivers.dk\/mytes\/?page_id=294","title":{"rendered":"Goibniu"},"content":{"rendered":"\n<div class=\"is-layout-flex wp-container-3 wp-block-columns\">\n<div class=\"is-layout-flow wp-block-column\" style=\"flex-basis:66.66%\">\n<p>Goibniu blev anses som v\u00e6rende en Keltisk\/Irsk\/Walisisk gud for smedekunsten. Goban som er en del af hans navn betyder smed.<br>Han var s\u00f8n af Danu og tilh\u00f8rte derved T\u00faatha D\u00e9 Danann.<\/p>\n\n\n\n<p>Han var en fantastisk smed med hvad man mente var magiske kr\u00e6fter da de v\u00e5ben han lavede ikke kunne fejle. I slaget ved Mag Tured blev han slemt s\u00e5ret og helbredte derfor sig selv i en hellig br\u00f8nd. Goibniu var ogs\u00e5 den som r\u00e5dede over det evige livs mj\u00f8d.<\/p>\n<\/div>\n\n\n\n<div class=\"is-layout-flow wp-block-column\" style=\"flex-basis:33.33%\">\n<script async src=\"https:\/\/pagead2.googlesyndication.com\/pagead\/js\/adsbygoogle.js?client=ca-pub-9147999370744615\"\n     crossorigin=\"anonymous\"><\/script>\n<!-- Ny nats -->\n<ins class=\"adsbygoogle\"\n     style=\"display:block\"\n     data-ad-client=\"ca-pub-9147999370744615\"\n     data-ad-slot=\"2957070328\"\n     data-ad-format=\"auto\"\n     data-full-width-responsive=\"true\"><\/ins>\n<script>\n     (adsbygoogle = window.adsbygoogle || []).push({});\n<\/script>\n<\/div>\n<\/div>\n","protected":false},"excerpt":{"rendered":"<p>Goibniu blev anses som v\u00e6rende en Keltisk\/Irsk\/Walisisk gud for smedekunsten. Goban som er en del af hans navn betyder smed.Han var s\u00f8n af Danu og tilh\u00f8rte derved T\u00faatha D\u00e9 Danann. Han var en fantastisk smed med hvad man mente var magiske kr\u00e6fter da de v\u00e5ben han lavede ikke kunne fejle. I slaget ved Mag Tured [&hellip;]<\/p>\n","protected":false},"author":1,"featured_media":0,"parent":0,"menu_order":0,"comment_status":"closed","ping_status":"closed","template":"","meta":[],"_links":{"self":[{"href":"https:\/\/natsunivers.dk\/mytes\/index.php?rest_route=\/wp\/v2\/pages\/294"}],"collection":[{"href":"https:\/\/natsunivers.dk\/mytes\/index.php?rest_route=\/wp\/v2\/pages"}],"about":[{"href":"https:\/\/natsunivers.dk\/mytes\/index.php?rest_route=\/wp\/v2\/types\/page"}],"author":[{"embeddable":true,"href":"https:\/\/natsunivers.dk\/mytes\/index.php?rest_route=\/wp\/v2\/users\/1"}],"replies":[{"embeddable":true,"href":"https:\/\/natsunivers.dk\/mytes\/index.php?rest_route=%2Fwp%2Fv2%2Fcomments&post=294"}],"version-history":[{"count":2,"href":"https:\/\/natsunivers.dk\/mytes\/index.php?rest_route=\/wp\/v2\/pages\/294\/revisions"}],"predecessor-version":[{"id":1124,"href":"https:\/\/natsunivers.dk\/mytes\/index.php?rest_route=\/wp\/v2\/pages\/294\/revisions\/1124"}],"wp:attachment":[{"href":"https:\/\/natsunivers.dk\/mytes\/index.php?rest_route=%2Fwp%2Fv2%2Fmedia&parent=294"}],"curies":[{"name":"wp","href":"https:\/\/api.w.org\/{rel}","templated":true}]}}