{"id":288,"date":"2023-01-29T13:49:49","date_gmt":"2023-01-29T13:49:49","guid":{"rendered":"https:\/\/natsunivers.dk\/mytes\/?page_id=288"},"modified":"2023-02-26T07:38:11","modified_gmt":"2023-02-26T07:38:11","slug":"leto","status":"publish","type":"page","link":"https:\/\/natsunivers.dk\/mytes\/?page_id=288","title":{"rendered":"Leto"},"content":{"rendered":"\n<div class=\"is-layout-flex wp-container-3 wp-block-columns\">\n<div class=\"is-layout-flow wp-block-column\" style=\"flex-basis:66.66%\">\n<p>Leto kommer af ordet &#8220;gleto&#8221; som betyder &#8220;den str\u00e5lende&#8221;. Hun var en datter af titanerne Koios og Phoebe, og blev desuden anset som v\u00e6rende en modergudinde.<br>Efter et bes\u00f8g fra Zeus ventede hun tvillingerne Apollon og Artemis. Dette br\u00f8d Hera sig ikke om og hun forfulgte derfor<br>Leto.<br>Hera sendte f.eks. en k\u00e6mpe slange efter Leto. Endvidere pr\u00f8vede hun med f\u00f8dselgudinden Eileithya&#8217;s hj\u00e6lp at forsinke<br>f\u00f8dslen af tvillingerne.<br>Leto blev under sin flugt fra Hera afvist i alle lande men fandt tilsidst hvile p\u00e5 \u00f8en Delos. Her f\u00f8dte hun b\u00f8rnene som senere forsvarede hende imod Niobe og Tityos.<br>Andre Navne\/Stavem\u00e5der: Latona (latinsk).<\/p>\n<\/div>\n\n\n\n<div class=\"is-layout-flow wp-block-column\" style=\"flex-basis:33.33%\">\n<script async src=\"https:\/\/pagead2.googlesyndication.com\/pagead\/js\/adsbygoogle.js?client=ca-pub-9147999370744615\"\n     crossorigin=\"anonymous\"><\/script>\n<!-- Ny nats -->\n<ins class=\"adsbygoogle\"\n     style=\"display:block\"\n     data-ad-client=\"ca-pub-9147999370744615\"\n     data-ad-slot=\"2957070328\"\n     data-ad-format=\"auto\"\n     data-full-width-responsive=\"true\"><\/ins>\n<script>\n     (adsbygoogle = window.adsbygoogle || []).push({});\n<\/script>\n<\/div>\n<\/div>\n","protected":false},"excerpt":{"rendered":"<p>Leto kommer af ordet &#8220;gleto&#8221; som betyder &#8220;den str\u00e5lende&#8221;. Hun var en datter af titanerne Koios og Phoebe, og blev desuden anset som v\u00e6rende en modergudinde.Efter et bes\u00f8g fra Zeus ventede hun tvillingerne Apollon og Artemis. Dette br\u00f8d Hera sig ikke om og hun forfulgte derforLeto.Hera sendte f.eks. en k\u00e6mpe slange efter Leto. Endvidere pr\u00f8vede [&hellip;]<\/p>\n","protected":false},"author":1,"featured_media":0,"parent":0,"menu_order":0,"comment_status":"closed","ping_status":"closed","template":"","meta":[],"_links":{"self":[{"href":"https:\/\/natsunivers.dk\/mytes\/index.php?rest_route=\/wp\/v2\/pages\/288"}],"collection":[{"href":"https:\/\/natsunivers.dk\/mytes\/index.php?rest_route=\/wp\/v2\/pages"}],"about":[{"href":"https:\/\/natsunivers.dk\/mytes\/index.php?rest_route=\/wp\/v2\/types\/page"}],"author":[{"embeddable":true,"href":"https:\/\/natsunivers.dk\/mytes\/index.php?rest_route=\/wp\/v2\/users\/1"}],"replies":[{"embeddable":true,"href":"https:\/\/natsunivers.dk\/mytes\/index.php?rest_route=%2Fwp%2Fv2%2Fcomments&post=288"}],"version-history":[{"count":2,"href":"https:\/\/natsunivers.dk\/mytes\/index.php?rest_route=\/wp\/v2\/pages\/288\/revisions"}],"predecessor-version":[{"id":1219,"href":"https:\/\/natsunivers.dk\/mytes\/index.php?rest_route=\/wp\/v2\/pages\/288\/revisions\/1219"}],"wp:attachment":[{"href":"https:\/\/natsunivers.dk\/mytes\/index.php?rest_route=%2Fwp%2Fv2%2Fmedia&parent=288"}],"curies":[{"name":"wp","href":"https:\/\/api.w.org\/{rel}","templated":true}]}}