{"id":286,"date":"2023-01-29T13:47:07","date_gmt":"2023-01-29T13:47:07","guid":{"rendered":"https:\/\/natsunivers.dk\/mytes\/?page_id=286"},"modified":"2023-02-26T07:11:46","modified_gmt":"2023-02-26T07:11:46","slug":"ikaros","status":"publish","type":"page","link":"https:\/\/natsunivers.dk\/mytes\/?page_id=286","title":{"rendered":"Ikaros"},"content":{"rendered":"\n<div class=\"is-layout-flex wp-container-3 wp-block-columns\">\n<div class=\"is-layout-flow wp-block-column\" style=\"flex-basis:66.66%\">\n<p>Ikaros var en gr\u00e6sk heros og s\u00f8n af Daidalos. Sammen med sin fader blev han indesp\u00e6rret i Labyrinthos af\u00a0 Minos. S\u00e5 de kunne flygte lavede hans fader dem vinger af voks og fjer. I flugten kom Ikaros dog for t\u00e6t p\u00e5 solen hvorefter voksen smeltede og han<br>styrtede ned i havet. Havet han ramte har siden heddet det Ikariske hav.<\/p>\n<\/div>\n\n\n\n<div class=\"is-layout-flow wp-block-column\" style=\"flex-basis:33.33%\">\n<script async src=\"https:\/\/pagead2.googlesyndication.com\/pagead\/js\/adsbygoogle.js?client=ca-pub-9147999370744615\"\n     crossorigin=\"anonymous\"><\/script>\n<!-- Ny nats -->\n<ins class=\"adsbygoogle\"\n     style=\"display:block\"\n     data-ad-client=\"ca-pub-9147999370744615\"\n     data-ad-slot=\"2957070328\"\n     data-ad-format=\"auto\"\n     data-full-width-responsive=\"true\"><\/ins>\n<script>\n     (adsbygoogle = window.adsbygoogle || []).push({});\n<\/script>\n<\/div>\n<\/div>\n","protected":false},"excerpt":{"rendered":"<p>Ikaros var en gr\u00e6sk heros og s\u00f8n af Daidalos. Sammen med sin fader blev han indesp\u00e6rret i Labyrinthos af\u00a0 Minos. S\u00e5 de kunne flygte lavede hans fader dem vinger af voks og fjer. I flugten kom Ikaros dog for t\u00e6t p\u00e5 solen hvorefter voksen smeltede og hanstyrtede ned i havet. Havet han ramte har siden [&hellip;]<\/p>\n","protected":false},"author":1,"featured_media":0,"parent":0,"menu_order":0,"comment_status":"closed","ping_status":"closed","template":"","meta":[],"_links":{"self":[{"href":"https:\/\/natsunivers.dk\/mytes\/index.php?rest_route=\/wp\/v2\/pages\/286"}],"collection":[{"href":"https:\/\/natsunivers.dk\/mytes\/index.php?rest_route=\/wp\/v2\/pages"}],"about":[{"href":"https:\/\/natsunivers.dk\/mytes\/index.php?rest_route=\/wp\/v2\/types\/page"}],"author":[{"embeddable":true,"href":"https:\/\/natsunivers.dk\/mytes\/index.php?rest_route=\/wp\/v2\/users\/1"}],"replies":[{"embeddable":true,"href":"https:\/\/natsunivers.dk\/mytes\/index.php?rest_route=%2Fwp%2Fv2%2Fcomments&post=286"}],"version-history":[{"count":2,"href":"https:\/\/natsunivers.dk\/mytes\/index.php?rest_route=\/wp\/v2\/pages\/286\/revisions"}],"predecessor-version":[{"id":1192,"href":"https:\/\/natsunivers.dk\/mytes\/index.php?rest_route=\/wp\/v2\/pages\/286\/revisions\/1192"}],"wp:attachment":[{"href":"https:\/\/natsunivers.dk\/mytes\/index.php?rest_route=%2Fwp%2Fv2%2Fmedia&parent=286"}],"curies":[{"name":"wp","href":"https:\/\/api.w.org\/{rel}","templated":true}]}}