{"id":284,"date":"2023-01-29T13:45:38","date_gmt":"2023-01-29T13:45:38","guid":{"rendered":"https:\/\/natsunivers.dk\/mytes\/?page_id=284"},"modified":"2023-02-25T17:18:47","modified_gmt":"2023-02-25T17:18:47","slug":"herakles","status":"publish","type":"page","link":"https:\/\/natsunivers.dk\/mytes\/?page_id=284","title":{"rendered":"Herakles"},"content":{"rendered":"\n<div class=\"is-layout-flex wp-container-3 wp-block-columns\">\n<div class=\"is-layout-flow wp-block-column\" style=\"flex-basis:66.66%\">\n<p>Herakles eller Herkules som han er kaldt p\u00e5 dansk var den mest betydelige og vigtigste helt i gr\u00e6sk mytologi.<br>Desuden blev han anset som v\u00e6rende en frelser, en skytspatron mod alt ondt og en kulturbringer. Som det over\/gudemenneske han var, blev han en personifikation p\u00e5 kraft, tapperhed og mod.<br>Han var s\u00f8n af Zeus og den d\u00f8delige Alkmene. Pga. Hera&#8217;s jalousi blev Herakles udsat for en del pr\u00f8velser hvoraf den f\u00f8rste startede med at han skulle v\u00e6lge mellem dyd og last. Han valgte den f\u00f8rste. For en tid var han i tjeneste hos Omphale, deltog i kampen mod giganterne, dr\u00e6bte Prometheus&#8217; \u00f8rn. I et anfald af sindsyge, for\u00e5rsaget af Hera, dr\u00e6bte Herakles ogs\u00e5 sin hustru Megara og deres tre b\u00f8rn.<br>Som straf for mordet p\u00e5 hans egen hustru kom han til Eutystheus, konge af Tiryns hvor han kom igennem de ber\u00f8mte 12 arbejder. Disse 12 arbejder konsoliderede den guddommelige orden p\u00e5 jorden.<br>Herakles valgte derefter en ny hustru; Deianeira. Herakles&#8217; fjende Nessus sn\u00f8d Deianeira i det han sagde at hans blod kunne bruges som salve s\u00e5 Herakles ville have evig k\u00e6rlighed for hende. I virkeligheden var det en gift og da Herakles tog kappen p\u00e5 som hun havde smurt det med var han n\u00f8dt til at v\u00e6lge d\u00f8den.<br>Netop som Herakles kastede sig p\u00e5 b\u00e5let for at d\u00f8 blev han taget til Olympen. Her fik han s\u00e5 en ny hustru; Hebe. Herakles&#8217; attributter var hans k\u00f8lle og skindet fra den nem\u00e6iske l\u00f8ve. Navnet Herakles menes at betyde &#8220;Hera&#8217;s fryd&#8221;. Herakles blev sat p\u00e5 himlen som<br>stjernebillede kn\u00e6lende i kamp mod dragen Ladon.<\/p>\n\n\n\n<h1>Herakles&#8217; 12 arbejder<\/h1>\n\n\n\n<p>De 12 arbejder associres med de 12 dyrekredstegn og symbolicerer vejen til ud\u00f8delighed.<\/p>\n\n\n\n<figure class=\"wp-block-table\"><table><tbody><tr><td>1.<\/td><td><a href=\"https:\/\/natsunivers.dk\/mytes\/?page_id=537\" data-type=\"URL\" data-id=\"https:\/\/natsunivers.dk\/mytes\/?page_id=537\">Den Nem\u00e6iske L\u00f8ve.<\/a><\/td><\/tr><tr><td>2.<\/td><td><a href=\"https:\/\/natsunivers.dk\/mytes\/?page_id=537\" data-type=\"URL\" data-id=\"https:\/\/natsunivers.dk\/mytes\/?page_id=537\">Den Lerm\u00e6iske Hydra.<\/a><\/td><\/tr><tr><td>3.<\/td><td><a href=\"https:\/\/natsunivers.dk\/mytes\/?page_id=537\" data-type=\"URL\" data-id=\"https:\/\/natsunivers.dk\/mytes\/?page_id=537\">Den Kerynitiske Hind.<\/a><\/td><\/tr><tr><td>4.<\/td><td><a href=\"https:\/\/natsunivers.dk\/mytes\/?page_id=537\" data-type=\"URL\" data-id=\"https:\/\/natsunivers.dk\/mytes\/?page_id=537\">Det Erymantiske Vildsvin.<\/a><\/td><\/tr><tr><td>5.<\/td><td><a href=\"https:\/\/natsunivers.dk\/mytes\/?page_id=537\" data-type=\"URL\" data-id=\"https:\/\/natsunivers.dk\/mytes\/?page_id=537\">De Stymfaliske Fugle.<\/a><\/td><\/tr><tr><td>6.<\/td><td><a href=\"https:\/\/natsunivers.dk\/mytes\/?page_id=537\" data-type=\"URL\" data-id=\"https:\/\/natsunivers.dk\/mytes\/?page_id=537\">Augiasstalden.<\/a><\/td><\/tr><tr><td>7.<\/td><td><a href=\"https:\/\/natsunivers.dk\/mytes\/?page_id=537\" data-type=\"URL\" data-id=\"https:\/\/natsunivers.dk\/mytes\/?page_id=537\">Tyren fra Kreta.<\/a><\/td><\/tr><tr><td>8.<\/td><td><a href=\"https:\/\/natsunivers.dk\/mytes\/?page_id=537\" data-type=\"URL\" data-id=\"https:\/\/natsunivers.dk\/mytes\/?page_id=537\">De Thrakiske Heste<\/a><\/td><\/tr><tr><td>9.<\/td><td><a href=\"https:\/\/natsunivers.dk\/mytes\/?page_id=537\" data-type=\"URL\" data-id=\"https:\/\/natsunivers.dk\/mytes\/?page_id=537\">Amazonekampen<\/a><\/td><\/tr><tr><td>10.<\/td><td><a href=\"https:\/\/natsunivers.dk\/mytes\/?page_id=537\" data-type=\"URL\" data-id=\"https:\/\/natsunivers.dk\/mytes\/?page_id=537\">Geryones&#8217; Okser<\/a><\/td><\/tr><tr><td>11.<\/td><td><a href=\"https:\/\/natsunivers.dk\/mytes\/?page_id=537\" data-type=\"URL\" data-id=\"https:\/\/natsunivers.dk\/mytes\/?page_id=537\">Kerberos<\/a><\/td><\/tr><tr><td>12.<\/td><td><a href=\"https:\/\/natsunivers.dk\/mytes\/?page_id=537\" data-type=\"URL\" data-id=\"https:\/\/natsunivers.dk\/mytes\/?page_id=537\">Hesperidernes Gyldne \u00c6bler<\/a><\/td><\/tr><\/tbody><\/table><\/figure>\n<\/div>\n\n\n\n<div class=\"is-layout-flow wp-block-column\" style=\"flex-basis:33.33%\">\n<script async src=\"https:\/\/pagead2.googlesyndication.com\/pagead\/js\/adsbygoogle.js?client=ca-pub-9147999370744615\"\n     crossorigin=\"anonymous\"><\/script>\n<!-- Ny nats -->\n<ins class=\"adsbygoogle\"\n     style=\"display:block\"\n     data-ad-client=\"ca-pub-9147999370744615\"\n     data-ad-slot=\"2957070328\"\n     data-ad-format=\"auto\"\n     data-full-width-responsive=\"true\"><\/ins>\n<script>\n     (adsbygoogle = window.adsbygoogle || []).push({});\n<\/script>\n<\/div>\n<\/div>\n","protected":false},"excerpt":{"rendered":"<p>Herakles eller Herkules som han er kaldt p\u00e5 dansk var den mest betydelige og vigtigste helt i gr\u00e6sk mytologi.Desuden blev han anset som v\u00e6rende en frelser, en skytspatron mod alt ondt og en kulturbringer. Som det over\/gudemenneske han var, blev han en personifikation p\u00e5 kraft, tapperhed og mod.Han var s\u00f8n af Zeus og den d\u00f8delige [&hellip;]<\/p>\n","protected":false},"author":1,"featured_media":0,"parent":0,"menu_order":0,"comment_status":"closed","ping_status":"closed","template":"","meta":[],"_links":{"self":[{"href":"https:\/\/natsunivers.dk\/mytes\/index.php?rest_route=\/wp\/v2\/pages\/284"}],"collection":[{"href":"https:\/\/natsunivers.dk\/mytes\/index.php?rest_route=\/wp\/v2\/pages"}],"about":[{"href":"https:\/\/natsunivers.dk\/mytes\/index.php?rest_route=\/wp\/v2\/types\/page"}],"author":[{"embeddable":true,"href":"https:\/\/natsunivers.dk\/mytes\/index.php?rest_route=\/wp\/v2\/users\/1"}],"replies":[{"embeddable":true,"href":"https:\/\/natsunivers.dk\/mytes\/index.php?rest_route=%2Fwp%2Fv2%2Fcomments&post=284"}],"version-history":[{"count":3,"href":"https:\/\/natsunivers.dk\/mytes\/index.php?rest_route=\/wp\/v2\/pages\/284\/revisions"}],"predecessor-version":[{"id":1167,"href":"https:\/\/natsunivers.dk\/mytes\/index.php?rest_route=\/wp\/v2\/pages\/284\/revisions\/1167"}],"wp:attachment":[{"href":"https:\/\/natsunivers.dk\/mytes\/index.php?rest_route=%2Fwp%2Fv2%2Fmedia&parent=284"}],"curies":[{"name":"wp","href":"https:\/\/api.w.org\/{rel}","templated":true}]}}