{"id":276,"date":"2023-01-29T13:41:35","date_gmt":"2023-01-29T13:41:35","guid":{"rendered":"https:\/\/natsunivers.dk\/mytes\/?page_id=276"},"modified":"2023-02-26T07:17:10","modified_gmt":"2023-02-26T07:17:10","slug":"jason","status":"publish","type":"page","link":"https:\/\/natsunivers.dk\/mytes\/?page_id=276","title":{"rendered":"Jason"},"content":{"rendered":"\n<div class=\"is-layout-flex wp-container-3 wp-block-columns\">\n<div class=\"is-layout-flow wp-block-column\" style=\"flex-basis:66.66%\">\n<p>Jason var en gr\u00e6sk helt og en s\u00f8n af Aison og Philyra. Han blev f\u00f8dt i Iolkos hvor hans fader var konge. Mens han var sp\u00e6d blev hans fader dr\u00e6bt af hans halvbroder Pelias som overtog tronen og Jason&#8217;s moder.<br>Jason blev sat i pleje hos kentauren Cheiron og kom f\u00f8rst tilbage til byen da han var voksen. Jason bar ved ankomsten kun en sandal<br>hvilket gjorde Pelias bange. Han havde nemlig af oraklet i Delphi f\u00e5et at vide at han ville miste tronen til en mand med kun en sandal.<br>Pelias satte Jason p\u00e5 hvad han troede var en umulig opgave. At finde og bringe ham det gyldne skind. Jason samlede et mandskab og tog afsted p\u00e5 hvad der er kendt som Argonauttoget.<br>Ved ankomsten til Kolchis m\u00f8dte Jason prinsessen Medea som hjalp ham med at vinde det gyldne skind og overvinde Pelias. Jason<br>og Medea giftede sig og fik adskillige b\u00f8rn. Senere m\u00f8dte Jason dog en anden kvinde ved navn Glauke. Medea dr\u00e6bte Glauke og s\u00f8nnerne med Jason som straf. Jason d\u00f8de senere ved at et stykke t\u00f8mmer fra skibet Argo faldt ned og knuste hans hovedskal.<br>I f\u00f8lge en anden myte d\u00f8de Aison f\u00f8rst senere da Pelias troede at Jason havde forlist med Argo. Der er ogs\u00e5 noget uenighed om hvor<br>vidt Jason tog tilbage til Iolkos. Nogle mener at han tog til Korinth i stedet.<\/p>\n<\/div>\n\n\n\n<div class=\"is-layout-flow wp-block-column\" style=\"flex-basis:33.33%\">\n<script async src=\"https:\/\/pagead2.googlesyndication.com\/pagead\/js\/adsbygoogle.js?client=ca-pub-9147999370744615\"\n     crossorigin=\"anonymous\"><\/script>\n<!-- Ny nats -->\n<ins class=\"adsbygoogle\"\n     style=\"display:block\"\n     data-ad-client=\"ca-pub-9147999370744615\"\n     data-ad-slot=\"2957070328\"\n     data-ad-format=\"auto\"\n     data-full-width-responsive=\"true\"><\/ins>\n<script>\n     (adsbygoogle = window.adsbygoogle || []).push({});\n<\/script>\n<\/div>\n<\/div>\n","protected":false},"excerpt":{"rendered":"<p>Jason var en gr\u00e6sk helt og en s\u00f8n af Aison og Philyra. Han blev f\u00f8dt i Iolkos hvor hans fader var konge. Mens han var sp\u00e6d blev hans fader dr\u00e6bt af hans halvbroder Pelias som overtog tronen og Jason&#8217;s moder.Jason blev sat i pleje hos kentauren Cheiron og kom f\u00f8rst tilbage til byen da han [&hellip;]<\/p>\n","protected":false},"author":1,"featured_media":0,"parent":0,"menu_order":0,"comment_status":"closed","ping_status":"closed","template":"","meta":[],"_links":{"self":[{"href":"https:\/\/natsunivers.dk\/mytes\/index.php?rest_route=\/wp\/v2\/pages\/276"}],"collection":[{"href":"https:\/\/natsunivers.dk\/mytes\/index.php?rest_route=\/wp\/v2\/pages"}],"about":[{"href":"https:\/\/natsunivers.dk\/mytes\/index.php?rest_route=\/wp\/v2\/types\/page"}],"author":[{"embeddable":true,"href":"https:\/\/natsunivers.dk\/mytes\/index.php?rest_route=\/wp\/v2\/users\/1"}],"replies":[{"embeddable":true,"href":"https:\/\/natsunivers.dk\/mytes\/index.php?rest_route=%2Fwp%2Fv2%2Fcomments&post=276"}],"version-history":[{"count":2,"href":"https:\/\/natsunivers.dk\/mytes\/index.php?rest_route=\/wp\/v2\/pages\/276\/revisions"}],"predecessor-version":[{"id":1199,"href":"https:\/\/natsunivers.dk\/mytes\/index.php?rest_route=\/wp\/v2\/pages\/276\/revisions\/1199"}],"wp:attachment":[{"href":"https:\/\/natsunivers.dk\/mytes\/index.php?rest_route=%2Fwp%2Fv2%2Fmedia&parent=276"}],"curies":[{"name":"wp","href":"https:\/\/api.w.org\/{rel}","templated":true}]}}