{"id":253,"date":"2023-01-29T13:30:33","date_gmt":"2023-01-29T13:30:33","guid":{"rendered":"https:\/\/natsunivers.dk\/mytes\/?page_id=253"},"modified":"2023-02-26T07:04:25","modified_gmt":"2023-02-26T07:04:25","slug":"horus","status":"publish","type":"page","link":"https:\/\/natsunivers.dk\/mytes\/?page_id=253","title":{"rendered":"Horus"},"content":{"rendered":"\n<div class=\"is-layout-flex wp-container-3 wp-block-columns\">\n<div class=\"is-layout-flow wp-block-column\" style=\"flex-basis:66.66%\">\n<p>Dette var en egyptisk lokalgud der senere blev set som landets gud. Han var desuden kongens skytsgud og en falkegud.<br>Horus var anset som en af de vigtigste guder i egyptisk mytologi.<br>Myten fort\u00e6ller at han blev f\u00f8dt i Buto og var s\u00f8n af Osiris og Isis. Efter sin faders d\u00f8d h\u00e6vner han denne. Det menes at Horus<br>fl\u00e5ede en Seth&#8217;s testikler af mens han selv mistede et \u00f8je som Seth rev ud.<br>Han var b\u00e5de fader og \u00e6gtef\u00e6lle til Hathor hvilket gjorde ham til fader for den regerende konge. Kongen blev ved tronbestigelsen<br>tildelt 5 Horusnavne.<br>Horus blev senere identificeret med den gr\u00e6ske Apollon.<br>Horus opn\u00e5ede mange titler gennem tiden og med dem \u00e6ndrede en del af myten omkring Horus sig ogs\u00e5. Hans vigtigste titler kan<br>findes forneden:<br><strong>Harendotes:<\/strong> Dette er det gr\u00e6ske navn for det egyptiske &#8220;Har-nedj-itet&#8221; som betyder &#8220;Horus hans faders frelser&#8221;. Navnet hentyder kampen mellem Horus og Seth hvor Horus gjorde krav p\u00e5 hans faders trone.<br><strong>Harmachis:<\/strong> Den gr\u00e6ske form af titlen &#8220;Horus af horisonten&#8221; som referer til Horus der opsteg hver morgen sammen med solen<br><strong>Haroeris:<\/strong> &#8220;Horus, s\u00f8n af Ra&#8221; en titel der blev givet da han blev tilbedt i Sobek&#8217;s tempel ved Kom Ombo.<br><strong>Harpocrates:<\/strong> Harpocrates er den gr\u00e6ske form af det egyptiske &#8220;Har-pa-khered&#8221; og betyder &#8220;barnet Horus&#8221;. Her fungerer han som en beskytter af b\u00f8rn og vifter farlige dyr v\u00e6k. Han blev ofte afbildet som et barn p\u00e5 sin moders sk\u00f8d med en lang lok h\u00e5r i hans h\u00f8jre side af hovedet. Desuden suttede han p\u00e5 sin tommeltot eller Isis tilb\u00f8d ham sit bryst.<br><strong>Harsiese:<\/strong> Dette navn som betyder &#8220;Horus, s\u00f8n af Isis&#8221; beskrev Horus som v\u00e6rende en hj\u00e6lpsom s\u00f8n af Isis og Osiris i stedet<br>for en gammel gud af himlen. Han blev desuden anset som en hj\u00e6lper og beskytter af de d\u00f8de n\u00e5r han bragte dem til hans fader Osiris.<\/p>\n<\/div>\n\n\n\n<div class=\"is-layout-flow wp-block-column\" style=\"flex-basis:33.33%\">\n<script async src=\"https:\/\/pagead2.googlesyndication.com\/pagead\/js\/adsbygoogle.js?client=ca-pub-9147999370744615\"\n     crossorigin=\"anonymous\"><\/script>\n<!-- Ny nats -->\n<ins class=\"adsbygoogle\"\n     style=\"display:block\"\n     data-ad-client=\"ca-pub-9147999370744615\"\n     data-ad-slot=\"2957070328\"\n     data-ad-format=\"auto\"\n     data-full-width-responsive=\"true\"><\/ins>\n<script>\n     (adsbygoogle = window.adsbygoogle || []).push({});\n<\/script>\n<\/div>\n<\/div>\n","protected":false},"excerpt":{"rendered":"<p>Dette var en egyptisk lokalgud der senere blev set som landets gud. Han var desuden kongens skytsgud og en falkegud.Horus var anset som en af de vigtigste guder i egyptisk mytologi.Myten fort\u00e6ller at han blev f\u00f8dt i Buto og var s\u00f8n af Osiris og Isis. Efter sin faders d\u00f8d h\u00e6vner han denne. Det menes at [&hellip;]<\/p>\n","protected":false},"author":1,"featured_media":0,"parent":0,"menu_order":0,"comment_status":"closed","ping_status":"closed","template":"","meta":[],"_links":{"self":[{"href":"https:\/\/natsunivers.dk\/mytes\/index.php?rest_route=\/wp\/v2\/pages\/253"}],"collection":[{"href":"https:\/\/natsunivers.dk\/mytes\/index.php?rest_route=\/wp\/v2\/pages"}],"about":[{"href":"https:\/\/natsunivers.dk\/mytes\/index.php?rest_route=\/wp\/v2\/types\/page"}],"author":[{"embeddable":true,"href":"https:\/\/natsunivers.dk\/mytes\/index.php?rest_route=\/wp\/v2\/users\/1"}],"replies":[{"embeddable":true,"href":"https:\/\/natsunivers.dk\/mytes\/index.php?rest_route=%2Fwp%2Fv2%2Fcomments&post=253"}],"version-history":[{"count":2,"href":"https:\/\/natsunivers.dk\/mytes\/index.php?rest_route=\/wp\/v2\/pages\/253\/revisions"}],"predecessor-version":[{"id":1186,"href":"https:\/\/natsunivers.dk\/mytes\/index.php?rest_route=\/wp\/v2\/pages\/253\/revisions\/1186"}],"wp:attachment":[{"href":"https:\/\/natsunivers.dk\/mytes\/index.php?rest_route=%2Fwp%2Fv2%2Fmedia&parent=253"}],"curies":[{"name":"wp","href":"https:\/\/api.w.org\/{rel}","templated":true}]}}