{"id":249,"date":"2023-02-05T19:44:51","date_gmt":"2023-02-05T19:44:51","guid":{"rendered":"https:\/\/natsunivers.dk\/mytes\/?page_id=249"},"modified":"2023-02-25T14:03:16","modified_gmt":"2023-02-25T14:03:16","slug":"graeske-helte-heltinder","status":"publish","type":"page","link":"https:\/\/natsunivers.dk\/mytes\/?page_id=249","title":{"rendered":"Gr\u00e6ske Helte &#038; Heltinder"},"content":{"rendered":"\n<div class=\"is-layout-flex wp-container-3 wp-block-columns\">\n<div class=\"is-layout-flow wp-block-column\" style=\"flex-basis:66.66%\">\n<p><strong>Achilleus:<\/strong> Denne helt har f\u00e5et sin egen side. <strong>Link: <\/strong><a href=\"https:\/\/natsunivers.dk\/mytes\/?page_id=37\" data-type=\"URL\" data-id=\"https:\/\/natsunivers.dk\/mytes\/?page_id=37\">Achilleus<\/a><\/p>\n\n\n\n<p><strong>Alkestis:<\/strong> Alkestis er en gr\u00e6sk heltinde der valgte d\u00f8den for at redde hendes k\u00e6rlighed. Da hendes mand skulle d\u00f8 valgte hun at d\u00f8 i hans sted. Herakles s\u00e5 dette som v\u00e6rende en handling gjort ud af troskab og bortrev hende derfor fra Thanatos. Derefter f\u00f8rte han hende tilbage til hendes familie.<\/p>\n\n\n\n<p><strong>Alkmene:<\/strong> Denne heltinde har f\u00e5et sin egen side. <strong>Link:<\/strong> <a href=\"https:\/\/natsunivers.dk\/mytes\/?page_id=53\" data-type=\"URL\" data-id=\"https:\/\/natsunivers.dk\/mytes\/?page_id=53\">Alkmene<\/a><\/p>\n\n\n\n<p><strong>Amphion &amp; Zethos:<\/strong> Begge var gr\u00e6ske helte og grundl\u00e6ggere af Theben. De var tvillinges\u00f8nner af Antiope og Zeus. Amphion blev opfostret af Muserne og var derfor en mester i sang og strengespil. Ved opf\u00f8relsen af Theben fik han stenene til at adlyde tonerne af hans lyre. Da Amphion mistede sin elskede hustru Niobe og alle deres b\u00f8rn begik han selvmord. Zethos derimod var hyrde og j\u00e6ger. Endvidere var han gift med Thebe.<\/p>\n\n\n\n<p><strong>Andromeda:<\/strong> Denne heltinde har f\u00e5et sin egen side. <strong>Link:<\/strong> <a href=\"https:\/\/natsunivers.dk\/mytes\/?page_id=111\" data-type=\"URL\" data-id=\"https:\/\/natsunivers.dk\/mytes\/?page_id=111\">Andromeda<\/a><\/p>\n\n\n\n<p><strong>Antigone:<\/strong> Antigone var en gr\u00e6sk prinsesse og heltinde. Hun var datter af \u00d8dipus og Jokaste, og s\u00f8ster til Eteoklas, Polyneikes og Ismene. Efter hendes mor havde h\u00e6ngt sig og hendes fader revet sine \u00f8jne ud ledsagede hun sin blinde fader p\u00e5 hans rejse gennem Gr\u00e6kenland indtil han d\u00f8de. Da hun senere kom tilbage fandt hun hendes broder Polyneikes d\u00f8d og begravede ham mod hendes onkels kong Kreon forbud. Som straf blev hun levende muret inde i en klippehule. Hendes f\u00e6tter og trolovede Haimon som var Kreon&#8217;s s\u00f8n pr\u00f8vede at befri hende men p\u00e5 det tidspunkt havde hun allerede h\u00e6ngt sig. Haimon begik selvmord efter at have fundet hende d\u00f8d.<\/p>\n\n\n\n<p><strong>Bellerofon:<\/strong> Denne helt har f\u00e5et sin egen side. <strong>Link:<\/strong> <a href=\"https:\/\/natsunivers.dk\/mytes\/?page_id=174\" data-type=\"URL\" data-id=\"https:\/\/natsunivers.dk\/mytes\/?page_id=174\">Bellerofon<\/a><\/p>\n\n\n\n<p><strong>Dido:<\/strong> Denne heltinde har f\u00e5et sin egen side. <strong>Link:<\/strong> <a href=\"https:\/\/natsunivers.dk\/mytes\/?page_id=119\" data-type=\"URL\" data-id=\"https:\/\/natsunivers.dk\/mytes\/?page_id=119\">Dido<\/a><\/p>\n\n\n\n<p><strong>Elektra:<\/strong> Elektra var en af de gr\u00e6ske heltinder. Hun var datter af Agamemnon og Klytaimestra, s\u00f8ster var hun til Iphigeneia, Chrysothemis og Orestes. Som \u00e6gtemand valgte hun Pylades. Af sin moder og dennes elsker Aigisthos blev hun udsat for mange fornedrelser og da det blev hende for meget ansporede hun sin broder Orestes til blodh\u00e6vn.<\/p>\n\n\n\n<p><strong>Epimetheus:<\/strong> Denne heros var s\u00f8n af titanparret Japetos og Klymene. Broder var han til Prometheus og Atlas. Trods hans broder Prometheus&#8217; advarsler tog han imod Zeus&#8217; gave og giftede han sig med Pandora hvilket udl\u00f8ste alskens ulykker over menneskene. Fader var han til Pyrrha.<\/p>\n\n\n\n<p><strong>Hektor:<\/strong> Han var den \u00e6ldste s\u00f8n af Priamos, kongen af Troja. Han var den tapreste af de trojanske     krigere og ingen havde nogensinde overvundet ham f\u00f8r han ved en fejltagelse dr\u00e6bte Patroklos, Achilleus&#8217; n\u00e6re ven. Derefter blev han ops\u00f8gt af Achilleus som dr\u00e6bte ham og sl\u00e6bte hans lig rundt om Patroklos&#8217; grav i 12 dage.<\/p>\n\n\n\n<p><strong>Herakles:<\/strong> Denne helt har f\u00e5et sin egen side. <strong>Link:<\/strong> <a href=\"https:\/\/natsunivers.dk\/mytes\/?page_id=284\" data-type=\"URL\" data-id=\"https:\/\/natsunivers.dk\/mytes\/?page_id=284\">Herakles<\/a><\/p>\n\n\n\n<p><strong>Ikarios: <\/strong>Denne helt har f\u00e5et sin egen side. <strong>Link:<\/strong> <a href=\"https:\/\/natsunivers.dk\/mytes\/?page_id=339\" data-type=\"URL\" data-id=\"https:\/\/natsunivers.dk\/mytes\/?page_id=339\">Ikarios<\/a><\/p>\n\n\n\n<p><strong>Ikaros:<\/strong> Denne helt har f\u00e5et sin egen side. <strong>Link:<\/strong> <a href=\"https:\/\/natsunivers.dk\/mytes\/?page_id=286\" data-type=\"URL\" data-id=\"https:\/\/natsunivers.dk\/mytes\/?page_id=286\">Ikaros<\/a><\/p>\n\n\n\n<p><strong>Iphigeneia:<\/strong> Denne heltinde har f\u00e5et sin egen side. <strong>Link:<\/strong> <a href=\"https:\/\/natsunivers.dk\/mytes\/?page_id=838\" data-type=\"URL\" data-id=\"https:\/\/natsunivers.dk\/mytes\/?page_id=838\">Iphigeneia<\/a><\/p>\n\n\n\n<p><strong>Jasion:<\/strong> Jasion var en halvgud og en d\u00f8delig heros fra Troja. Han var s\u00f8n af Zeus og Plejaden Elektra. Broder var han til Dardanos og han skulle have v\u00e6ret Demeter&#8217;s elsker. Han endte sine dage af et af Zeus&#8217; lyn.<\/p>\n\n\n\n<p><strong>Jason:<\/strong> Denne helt har f\u00e5et sin egen side. <strong>Link:<\/strong> <a href=\"https:\/\/natsunivers.dk\/mytes\/?page_id=276\" data-type=\"URL\" data-id=\"https:\/\/natsunivers.dk\/mytes\/?page_id=276\">Jason<\/a><\/p>\n\n\n\n<p><strong>Koronis:<\/strong> Denne heltinde har f\u00e5et sin egen side. <strong>Link:<\/strong> <a href=\"https:\/\/natsunivers.dk\/mytes\/?page_id=842\" data-type=\"URL\" data-id=\"https:\/\/natsunivers.dk\/mytes\/?page_id=842\">Koronis<\/a><\/p>\n\n\n\n<p><strong>Meleagros:<\/strong> Meleagros eller Meleager p\u00e5 latinsk var en heros som deltog i Argonautertoget og den Kalydoniske jagt. Hans navn betyder &#8220;jagtven&#8221; og han var en s\u00f8n af kong Oineos og Althaia. Hans hustru var Kleopatra. Kun 7 dage gammel blev det sp\u00e5et af moirerne at han ville d\u00f8 n\u00e5r br\u00e6ndet p\u00e5 ildstedet br\u00e6ndte ud. Derfor skyndte hans moder at tage br\u00e6ndet ud og gemme det. Efter Meleagros havde nedlagt det Kalydoniske vildsvin r\u00f8vede Althaia&#8217;s br\u00f8dre skindet fra det hvilket gjorde at Meleagros dr\u00e6bte dem. Althaia smed i sin vrede derover br\u00e6ndet p\u00e5 ildstedet hvorefter Meleagros d\u00f8de. Hans moder og hustru gr\u00e6d s\u00e5 meget over hans d\u00f8d at Artemis forvandlede dem begge til perleh\u00f8ns.<\/p>\n\n\n\n<p><strong>Odysseus:<\/strong> Denne helt har f\u00e5et sin egen side. <strong>Link:<\/strong> <a href=\"https:\/\/natsunivers.dk\/mytes\/?page_id=365\" data-type=\"URL\" data-id=\"https:\/\/natsunivers.dk\/mytes\/?page_id=365\">Odysseus<\/a><\/p>\n\n\n\n<p><strong>Penelope:<\/strong> Denne heltinde har f\u00e5et sin egen side. <strong>Link:<\/strong> <a href=\"https:\/\/natsunivers.dk\/mytes\/?page_id=393\" data-type=\"URL\" data-id=\"https:\/\/natsunivers.dk\/mytes\/?page_id=393\">Penelope<\/a><\/p>\n\n\n\n<p><strong>Triptolemos:<\/strong> Dette var en heros og en stifter af de Eleusinske mysterier. Han var s\u00f8n af kong Keleos og dronning Metaneira. Efter gudinden Demeter havde givet ham det f\u00f8rste hvedekorn, underviste hun ham i agerbrug.<\/p>\n<\/div>\n\n\n\n<div class=\"is-layout-flow wp-block-column\" style=\"flex-basis:33.33%\">\n<script async src=\"https:\/\/pagead2.googlesyndication.com\/pagead\/js\/adsbygoogle.js?client=ca-pub-9147999370744615\"\n     crossorigin=\"anonymous\"><\/script>\n<!-- Ny nats -->\n<ins class=\"adsbygoogle\"\n     style=\"display:block\"\n     data-ad-client=\"ca-pub-9147999370744615\"\n     data-ad-slot=\"2957070328\"\n     data-ad-format=\"auto\"\n     data-full-width-responsive=\"true\"><\/ins>\n<script>\n     (adsbygoogle = window.adsbygoogle || []).push({});\n<\/script>\n<\/div>\n<\/div>\n","protected":false},"excerpt":{"rendered":"<p>Achilleus: Denne helt har f\u00e5et sin egen side. Link: Achilleus Alkestis: Alkestis er en gr\u00e6sk heltinde der valgte d\u00f8den for at redde hendes k\u00e6rlighed. Da hendes mand skulle d\u00f8 valgte hun at d\u00f8 i hans sted. Herakles s\u00e5 dette som v\u00e6rende en handling gjort ud af troskab og bortrev hende derfor fra Thanatos. Derefter f\u00f8rte [&hellip;]<\/p>\n","protected":false},"author":1,"featured_media":0,"parent":0,"menu_order":0,"comment_status":"closed","ping_status":"closed","template":"","meta":[],"_links":{"self":[{"href":"https:\/\/natsunivers.dk\/mytes\/index.php?rest_route=\/wp\/v2\/pages\/249"}],"collection":[{"href":"https:\/\/natsunivers.dk\/mytes\/index.php?rest_route=\/wp\/v2\/pages"}],"about":[{"href":"https:\/\/natsunivers.dk\/mytes\/index.php?rest_route=\/wp\/v2\/types\/page"}],"author":[{"embeddable":true,"href":"https:\/\/natsunivers.dk\/mytes\/index.php?rest_route=\/wp\/v2\/users\/1"}],"replies":[{"embeddable":true,"href":"https:\/\/natsunivers.dk\/mytes\/index.php?rest_route=%2Fwp%2Fv2%2Fcomments&post=249"}],"version-history":[{"count":12,"href":"https:\/\/natsunivers.dk\/mytes\/index.php?rest_route=\/wp\/v2\/pages\/249\/revisions"}],"predecessor-version":[{"id":1135,"href":"https:\/\/natsunivers.dk\/mytes\/index.php?rest_route=\/wp\/v2\/pages\/249\/revisions\/1135"}],"wp:attachment":[{"href":"https:\/\/natsunivers.dk\/mytes\/index.php?rest_route=%2Fwp%2Fv2%2Fmedia&parent=249"}],"curies":[{"name":"wp","href":"https:\/\/api.w.org\/{rel}","templated":true}]}}