{"id":247,"date":"2023-01-29T13:28:18","date_gmt":"2023-01-29T13:28:18","guid":{"rendered":"https:\/\/natsunivers.dk\/mytes\/?page_id=247"},"modified":"2023-02-26T07:06:01","modified_gmt":"2023-02-26T07:06:01","slug":"hydra","status":"publish","type":"page","link":"https:\/\/natsunivers.dk\/mytes\/?page_id=247","title":{"rendered":"Hydra"},"content":{"rendered":"\n<div class=\"is-layout-flex wp-container-3 wp-block-columns\">\n<div class=\"is-layout-flow wp-block-column\" style=\"flex-basis:66.66%\">\n<p>Dette v\u00e6sen mindede meget om en s\u00f8slange, bortset fra at den havde hele ni hoveder. Den levede i de sumpede omr\u00e5der i det sydlige Argolis, hvor den overfaldt mennesker og dyr.<br>Mange fors\u00f8gte at dr\u00e6be den, men endte selv op d\u00f8de, i det<br>Hydraens midterste hoved var ud\u00f8deligt, og for hvert andet hoved den mistede, voksede der et nyt ud. Nogle har endda sagt, der voksede to nye ud for hvert eneste, der blev hugget af i kamp.<br>Hydraen blev dog til sidst overvundet af Herakles, der begravede det ud\u00f8delige hoved under en klippesten og br\u00e6ndte de andre.<\/p>\n<\/div>\n\n\n\n<div class=\"is-layout-flow wp-block-column\" style=\"flex-basis:33.33%\">\n<script async src=\"https:\/\/pagead2.googlesyndication.com\/pagead\/js\/adsbygoogle.js?client=ca-pub-9147999370744615\"\n     crossorigin=\"anonymous\"><\/script>\n<!-- Ny nats -->\n<ins class=\"adsbygoogle\"\n     style=\"display:block\"\n     data-ad-client=\"ca-pub-9147999370744615\"\n     data-ad-slot=\"2957070328\"\n     data-ad-format=\"auto\"\n     data-full-width-responsive=\"true\"><\/ins>\n<script>\n     (adsbygoogle = window.adsbygoogle || []).push({});\n<\/script>\n<\/div>\n<\/div>\n","protected":false},"excerpt":{"rendered":"<p>Dette v\u00e6sen mindede meget om en s\u00f8slange, bortset fra at den havde hele ni hoveder. Den levede i de sumpede omr\u00e5der i det sydlige Argolis, hvor den overfaldt mennesker og dyr.Mange fors\u00f8gte at dr\u00e6be den, men endte selv op d\u00f8de, i detHydraens midterste hoved var ud\u00f8deligt, og for hvert andet hoved den mistede, voksede der [&hellip;]<\/p>\n","protected":false},"author":1,"featured_media":0,"parent":0,"menu_order":0,"comment_status":"closed","ping_status":"closed","template":"","meta":[],"_links":{"self":[{"href":"https:\/\/natsunivers.dk\/mytes\/index.php?rest_route=\/wp\/v2\/pages\/247"}],"collection":[{"href":"https:\/\/natsunivers.dk\/mytes\/index.php?rest_route=\/wp\/v2\/pages"}],"about":[{"href":"https:\/\/natsunivers.dk\/mytes\/index.php?rest_route=\/wp\/v2\/types\/page"}],"author":[{"embeddable":true,"href":"https:\/\/natsunivers.dk\/mytes\/index.php?rest_route=\/wp\/v2\/users\/1"}],"replies":[{"embeddable":true,"href":"https:\/\/natsunivers.dk\/mytes\/index.php?rest_route=%2Fwp%2Fv2%2Fcomments&post=247"}],"version-history":[{"count":2,"href":"https:\/\/natsunivers.dk\/mytes\/index.php?rest_route=\/wp\/v2\/pages\/247\/revisions"}],"predecessor-version":[{"id":1188,"href":"https:\/\/natsunivers.dk\/mytes\/index.php?rest_route=\/wp\/v2\/pages\/247\/revisions\/1188"}],"wp:attachment":[{"href":"https:\/\/natsunivers.dk\/mytes\/index.php?rest_route=%2Fwp%2Fv2%2Fmedia&parent=247"}],"curies":[{"name":"wp","href":"https:\/\/api.w.org\/{rel}","templated":true}]}}