{"id":235,"date":"2023-01-29T13:24:09","date_gmt":"2023-01-29T13:24:09","guid":{"rendered":"https:\/\/natsunivers.dk\/mytes\/?page_id=235"},"modified":"2023-02-18T12:38:32","modified_gmt":"2023-02-18T12:38:32","slug":"camenae","status":"publish","type":"page","link":"https:\/\/natsunivers.dk\/mytes\/?page_id=235","title":{"rendered":"Camenae"},"content":{"rendered":"\n<div class=\"is-layout-flex wp-container-3 wp-block-columns\">\n<div class=\"is-layout-flow wp-block-column\" style=\"flex-basis:66.66%\">\n<p>Disse menes oprindeligt at have v\u00e6ret kildenymfer men blev senere anset som v\u00e6rende sp\u00e5doms- og kildegudinder.<br>Senere igen blev de til gudinder for digtekunsten.<\/p>\n\n\n\n<p><br>Vestas pr\u00e6stinder hentede dagligt vand fra deres helligdom som var lavet af bronze. Den mest kendte af Camenae var Egeria<br>Drikkeofre til Camenae bestod af m\u00e6lk og vand. Deres festival blev afholdt d. 13. august.<\/p>\n\n\n\n<p><br>Camenae svarer til de gr\u00e6ske muser.<\/p>\n<\/div>\n\n\n\n<div class=\"is-layout-flow wp-block-column\" style=\"flex-basis:33.33%\">\n<script async src=\"https:\/\/pagead2.googlesyndication.com\/pagead\/js\/adsbygoogle.js?client=ca-pub-9147999370744615\"\n     crossorigin=\"anonymous\"><\/script>\n<!-- Ny nats -->\n<ins class=\"adsbygoogle\"\n     style=\"display:block\"\n     data-ad-client=\"ca-pub-9147999370744615\"\n     data-ad-slot=\"2957070328\"\n     data-ad-format=\"auto\"\n     data-full-width-responsive=\"true\"><\/ins>\n<script>\n     (adsbygoogle = window.adsbygoogle || []).push({});\n<\/script>\n<\/div>\n<\/div>\n","protected":false},"excerpt":{"rendered":"<p>Disse menes oprindeligt at have v\u00e6ret kildenymfer men blev senere anset som v\u00e6rende sp\u00e5doms- og kildegudinder.Senere igen blev de til gudinder for digtekunsten. Vestas pr\u00e6stinder hentede dagligt vand fra deres helligdom som var lavet af bronze. Den mest kendte af Camenae var EgeriaDrikkeofre til Camenae bestod af m\u00e6lk og vand. Deres festival blev afholdt d. [&hellip;]<\/p>\n","protected":false},"author":1,"featured_media":0,"parent":0,"menu_order":0,"comment_status":"closed","ping_status":"closed","template":"","meta":[],"_links":{"self":[{"href":"https:\/\/natsunivers.dk\/mytes\/index.php?rest_route=\/wp\/v2\/pages\/235"}],"collection":[{"href":"https:\/\/natsunivers.dk\/mytes\/index.php?rest_route=\/wp\/v2\/pages"}],"about":[{"href":"https:\/\/natsunivers.dk\/mytes\/index.php?rest_route=\/wp\/v2\/types\/page"}],"author":[{"embeddable":true,"href":"https:\/\/natsunivers.dk\/mytes\/index.php?rest_route=\/wp\/v2\/users\/1"}],"replies":[{"embeddable":true,"href":"https:\/\/natsunivers.dk\/mytes\/index.php?rest_route=%2Fwp%2Fv2%2Fcomments&post=235"}],"version-history":[{"count":2,"href":"https:\/\/natsunivers.dk\/mytes\/index.php?rest_route=\/wp\/v2\/pages\/235\/revisions"}],"predecessor-version":[{"id":1047,"href":"https:\/\/natsunivers.dk\/mytes\/index.php?rest_route=\/wp\/v2\/pages\/235\/revisions\/1047"}],"wp:attachment":[{"href":"https:\/\/natsunivers.dk\/mytes\/index.php?rest_route=%2Fwp%2Fv2%2Fmedia&parent=235"}],"curies":[{"name":"wp","href":"https:\/\/api.w.org\/{rel}","templated":true}]}}