{"id":230,"date":"2023-01-29T13:22:31","date_gmt":"2023-01-29T13:22:31","guid":{"rendered":"https:\/\/natsunivers.dk\/mytes\/?page_id=230"},"modified":"2023-02-25T17:00:28","modified_gmt":"2023-02-25T17:00:28","slug":"hebe","status":"publish","type":"page","link":"https:\/\/natsunivers.dk\/mytes\/?page_id=230","title":{"rendered":"Hebe"},"content":{"rendered":"\n<div class=\"is-layout-flex wp-container-3 wp-block-columns\">\n<div class=\"is-layout-flow wp-block-column\" style=\"flex-basis:66.66%\">\n<p>Hebe er gudinde for ungdommen og er en personifikation af ynglingetiden og den giftef\u00e6rdige alder. Hun er en datter af Zeus og Hera. Endvidere er hun s\u00f8ster til Ares, Hefaitos og<br>Eileithyia.<br>Hun er gift med Herakles. Indtil Ganymedes afl\u00f8ste<br>hende, var hun mundsk\u00e6nk for Olympens guder.<\/p>\n<\/div>\n\n\n\n<div class=\"is-layout-flow wp-block-column\" style=\"flex-basis:33.33%\">\n<script async src=\"https:\/\/pagead2.googlesyndication.com\/pagead\/js\/adsbygoogle.js?client=ca-pub-9147999370744615\"\n     crossorigin=\"anonymous\"><\/script>\n<!-- Ny nats -->\n<ins class=\"adsbygoogle\"\n     style=\"display:block\"\n     data-ad-client=\"ca-pub-9147999370744615\"\n     data-ad-slot=\"2957070328\"\n     data-ad-format=\"auto\"\n     data-full-width-responsive=\"true\"><\/ins>\n<script>\n     (adsbygoogle = window.adsbygoogle || []).push({});\n<\/script>\n<\/div>\n<\/div>\n","protected":false},"excerpt":{"rendered":"<p>Hebe er gudinde for ungdommen og er en personifikation af ynglingetiden og den giftef\u00e6rdige alder. Hun er en datter af Zeus og Hera. Endvidere er hun s\u00f8ster til Ares, Hefaitos ogEileithyia.Hun er gift med Herakles. Indtil Ganymedes afl\u00f8stehende, var hun mundsk\u00e6nk for Olympens guder.<\/p>\n","protected":false},"author":1,"featured_media":0,"parent":0,"menu_order":0,"comment_status":"closed","ping_status":"closed","template":"","meta":[],"_links":{"self":[{"href":"https:\/\/natsunivers.dk\/mytes\/index.php?rest_route=\/wp\/v2\/pages\/230"}],"collection":[{"href":"https:\/\/natsunivers.dk\/mytes\/index.php?rest_route=\/wp\/v2\/pages"}],"about":[{"href":"https:\/\/natsunivers.dk\/mytes\/index.php?rest_route=\/wp\/v2\/types\/page"}],"author":[{"embeddable":true,"href":"https:\/\/natsunivers.dk\/mytes\/index.php?rest_route=\/wp\/v2\/users\/1"}],"replies":[{"embeddable":true,"href":"https:\/\/natsunivers.dk\/mytes\/index.php?rest_route=%2Fwp%2Fv2%2Fcomments&post=230"}],"version-history":[{"count":4,"href":"https:\/\/natsunivers.dk\/mytes\/index.php?rest_route=\/wp\/v2\/pages\/230\/revisions"}],"predecessor-version":[{"id":1158,"href":"https:\/\/natsunivers.dk\/mytes\/index.php?rest_route=\/wp\/v2\/pages\/230\/revisions\/1158"}],"wp:attachment":[{"href":"https:\/\/natsunivers.dk\/mytes\/index.php?rest_route=%2Fwp%2Fv2%2Fmedia&parent=230"}],"curies":[{"name":"wp","href":"https:\/\/api.w.org\/{rel}","templated":true}]}}