{"id":218,"date":"2023-01-29T13:15:18","date_gmt":"2023-01-29T13:15:18","guid":{"rendered":"https:\/\/natsunivers.dk\/mytes\/?page_id=218"},"modified":"2023-02-25T16:46:44","modified_gmt":"2023-02-25T16:46:44","slug":"gylfe","status":"publish","type":"page","link":"https:\/\/natsunivers.dk\/mytes\/?page_id=218","title":{"rendered":"Gylfe"},"content":{"rendered":"\n<div class=\"is-layout-flex wp-container-3 wp-block-columns\">\n<div class=\"is-layout-flow wp-block-column\" style=\"flex-basis:66.66%\">\n<p>Dette var en svensk konge som der findes et par beretninger om. En siger at han gav Odin lov til at bygge en by i hans land men den mest kendte historie omhandler Gefion og tilblivelsen af Sj\u00e6lland. Odin sendte nemlig Gefion til Sverige for at bede om jord og Gylfe lovede hende at hun kunne f\u00e5 alt det jord som hun kunne pl\u00f8je ved hj\u00e6lp af 4 okser p\u00e5 1 dag og 1 nat.<br>Gefion forvandlede hendes 4 j\u00e6tter s\u00f8nner til okser og begyndte arbejdet.<br>Hele dagen og hele natten pl\u00f8jede hun og da dagen var forbi havde hun pl\u00f8jet Sj\u00e6lland ud af Sverige&#8217;s muld. Hun tog jordstykket op for at tage med tilbage til Fyn men p\u00e5 vejen tabte hun det. Af denne grund ligger Sj\u00e6lland mellem Fyn og Sverige.<br>I Sverige ligger s\u00f8en M\u00e4larn og det siges at det var der Gefion pl\u00f8jede Sj\u00e6lland frem. S\u00f8en og Sj\u00e6lland har da ogs\u00e5 samme form selvom st\u00f8rrelsen ikke er den samme. Enkelte beretninger fort\u00e6ller dog at hun skulle have tilbragt en nat med kong Gylfe f\u00f8r han gik med til at hun kunne pl\u00f8je en dag.<\/p>\n<\/div>\n\n\n\n<div class=\"is-layout-flow wp-block-column\" style=\"flex-basis:33.33%\">\n<script async src=\"https:\/\/pagead2.googlesyndication.com\/pagead\/js\/adsbygoogle.js?client=ca-pub-9147999370744615\"\n     crossorigin=\"anonymous\"><\/script>\n<!-- Ny nats -->\n<ins class=\"adsbygoogle\"\n     style=\"display:block\"\n     data-ad-client=\"ca-pub-9147999370744615\"\n     data-ad-slot=\"2957070328\"\n     data-ad-format=\"auto\"\n     data-full-width-responsive=\"true\"><\/ins>\n<script>\n     (adsbygoogle = window.adsbygoogle || []).push({});\n<\/script>\n<\/div>\n<\/div>\n","protected":false},"excerpt":{"rendered":"<p>Dette var en svensk konge som der findes et par beretninger om. En siger at han gav Odin lov til at bygge en by i hans land men den mest kendte historie omhandler Gefion og tilblivelsen af Sj\u00e6lland. Odin sendte nemlig Gefion til Sverige for at bede om jord og Gylfe lovede hende at hun [&hellip;]<\/p>\n","protected":false},"author":1,"featured_media":0,"parent":0,"menu_order":0,"comment_status":"closed","ping_status":"closed","template":"","meta":[],"_links":{"self":[{"href":"https:\/\/natsunivers.dk\/mytes\/index.php?rest_route=\/wp\/v2\/pages\/218"}],"collection":[{"href":"https:\/\/natsunivers.dk\/mytes\/index.php?rest_route=\/wp\/v2\/pages"}],"about":[{"href":"https:\/\/natsunivers.dk\/mytes\/index.php?rest_route=\/wp\/v2\/types\/page"}],"author":[{"embeddable":true,"href":"https:\/\/natsunivers.dk\/mytes\/index.php?rest_route=\/wp\/v2\/users\/1"}],"replies":[{"embeddable":true,"href":"https:\/\/natsunivers.dk\/mytes\/index.php?rest_route=%2Fwp%2Fv2%2Fcomments&post=218"}],"version-history":[{"count":2,"href":"https:\/\/natsunivers.dk\/mytes\/index.php?rest_route=\/wp\/v2\/pages\/218\/revisions"}],"predecessor-version":[{"id":1150,"href":"https:\/\/natsunivers.dk\/mytes\/index.php?rest_route=\/wp\/v2\/pages\/218\/revisions\/1150"}],"wp:attachment":[{"href":"https:\/\/natsunivers.dk\/mytes\/index.php?rest_route=%2Fwp%2Fv2%2Fmedia&parent=218"}],"curies":[{"name":"wp","href":"https:\/\/api.w.org\/{rel}","templated":true}]}}