{"id":214,"date":"2023-01-29T13:14:16","date_gmt":"2023-01-29T13:14:16","guid":{"rendered":"https:\/\/natsunivers.dk\/mytes\/?page_id=214"},"modified":"2023-02-18T12:31:36","modified_gmt":"2023-02-18T12:31:36","slug":"brian","status":"publish","type":"page","link":"https:\/\/natsunivers.dk\/mytes\/?page_id=214","title":{"rendered":"Brian"},"content":{"rendered":"\n<div class=\"is-layout-flex wp-container-3 wp-block-columns\">\n<div class=\"is-layout-flow wp-block-column\" style=\"flex-basis:66.66%\">\n<p>Dette var en af Tuirenn&#8217;s tre s\u00f8nner. Hans br\u00f8dre var Luchar og Luchabar hvoraf Brian mentes at v\u00e6re den mest skarpsindige og r\u00e5dsnare. Alle var de medlemmer af gudefolket.<\/p>\n\n\n\n<p><br>Brian dr\u00e6bte sammen med hans br\u00f8dre Lug&#8217;s far Cian og som straf m\u00e5tte de drage ud p\u00e5 en f\u00e6rd for at skaffe mandebod til Lug.<br>Mandeboden skulle best\u00e5 af: 3 \u00e6bler, 1 svineskind, 1 spyd, 2 hingste, 1 stridsvogn, 7 grise, 1 hundehvalp, 1 stegespid og 3 r\u00e5b p\u00e5 en h\u00f8j. Alle tingene var p\u00e5 den ene eller anden m\u00e5de magiske f.eks. kunne svineskindet helbrede d\u00f8ende.<\/p>\n\n\n\n<p><br>Efter at have dr\u00e6bt Midcain for at n\u00e5 h\u00f8jen hvorfra de skal r\u00e5be bliver de alle tre alvorligt s\u00e5ret af Midcain&#8217;s tre s\u00f8nner. Hjemme beder de deres fader g\u00e5 til Lug og bede om svineskindet s\u00e5 de kan blive helbredt med Lug n\u00e6gter. Den d\u00f8ende Brian drager derfor selv til Lug for at bede om skindet men atter n\u00e6gter Lug. Brian og hans br\u00f8dre d\u00f8r af deres s\u00e5r hvorefter deres fader d\u00f8r af sorg.<\/p>\n<\/div>\n\n\n\n<div class=\"is-layout-flow wp-block-column\" style=\"flex-basis:33.33%\">\n<script async src=\"https:\/\/pagead2.googlesyndication.com\/pagead\/js\/adsbygoogle.js?client=ca-pub-9147999370744615\"\n     crossorigin=\"anonymous\"><\/script>\n<!-- Ny nats -->\n<ins class=\"adsbygoogle\"\n     style=\"display:block\"\n     data-ad-client=\"ca-pub-9147999370744615\"\n     data-ad-slot=\"2957070328\"\n     data-ad-format=\"auto\"\n     data-full-width-responsive=\"true\"><\/ins>\n<script>\n     (adsbygoogle = window.adsbygoogle || []).push({});\n<\/script>\n<\/div>\n<\/div>\n","protected":false},"excerpt":{"rendered":"<p>Dette var en af Tuirenn&#8217;s tre s\u00f8nner. Hans br\u00f8dre var Luchar og Luchabar hvoraf Brian mentes at v\u00e6re den mest skarpsindige og r\u00e5dsnare. Alle var de medlemmer af gudefolket. Brian dr\u00e6bte sammen med hans br\u00f8dre Lug&#8217;s far Cian og som straf m\u00e5tte de drage ud p\u00e5 en f\u00e6rd for at skaffe mandebod til Lug.Mandeboden skulle [&hellip;]<\/p>\n","protected":false},"author":1,"featured_media":0,"parent":0,"menu_order":0,"comment_status":"closed","ping_status":"closed","template":"","meta":[],"_links":{"self":[{"href":"https:\/\/natsunivers.dk\/mytes\/index.php?rest_route=\/wp\/v2\/pages\/214"}],"collection":[{"href":"https:\/\/natsunivers.dk\/mytes\/index.php?rest_route=\/wp\/v2\/pages"}],"about":[{"href":"https:\/\/natsunivers.dk\/mytes\/index.php?rest_route=\/wp\/v2\/types\/page"}],"author":[{"embeddable":true,"href":"https:\/\/natsunivers.dk\/mytes\/index.php?rest_route=\/wp\/v2\/users\/1"}],"replies":[{"embeddable":true,"href":"https:\/\/natsunivers.dk\/mytes\/index.php?rest_route=%2Fwp%2Fv2%2Fcomments&post=214"}],"version-history":[{"count":2,"href":"https:\/\/natsunivers.dk\/mytes\/index.php?rest_route=\/wp\/v2\/pages\/214\/revisions"}],"predecessor-version":[{"id":1042,"href":"https:\/\/natsunivers.dk\/mytes\/index.php?rest_route=\/wp\/v2\/pages\/214\/revisions\/1042"}],"wp:attachment":[{"href":"https:\/\/natsunivers.dk\/mytes\/index.php?rest_route=%2Fwp%2Fv2%2Fmedia&parent=214"}],"curies":[{"name":"wp","href":"https:\/\/api.w.org\/{rel}","templated":true}]}}