{"id":206,"date":"2023-01-29T13:10:06","date_gmt":"2023-01-29T13:10:06","guid":{"rendered":"https:\/\/natsunivers.dk\/mytes\/?page_id=206"},"modified":"2023-01-29T13:10:06","modified_gmt":"2023-01-29T13:10:06","slug":"blot","status":"publish","type":"page","link":"https:\/\/natsunivers.dk\/mytes\/?page_id=206","title":{"rendered":"Blot"},"content":{"rendered":"\n<p>Bl\u00f6t var en offerhandling til guderne og var et centralt element i asetroen. I vikingetiden bet\u00f8d<br>det ofte et drab p\u00e5 et dyr eller mennesker, typisk tr\u00e6lle. Bl\u00f6t kan sidestilles med b\u00f8n i andre religioner.<br>M\u00e5den man bl\u00f6ttede p\u00e5 varierede fra store ceremonier til sm\u00e5 personlige bl\u00f6t i hjemmet. Foruden drab blev der af typisk de rige ofret<br>ting der blev deponeret p\u00e5 hellige steder.<br>De organiserede ceremonier foregik ved solhverv og involverede alle grupper i samfundet. Dog kunne de kristne slippe for at deltage ved at k\u00f8be sig fri.<br>ceremonien blev afholdt i den lokale stormands eller h\u00f8vdings sal.<br>Som indledning til den store fest blev blodet fra et offerdyr st\u00e6nket omkring bygningen som del af indvielsesritualet. Kroppen af offerdyret<br>blev herefter tilberedt og udgjorde m\u00e5ltidet.<br>Den lille viden vi har om ceremonierne kendes fra kristne kronik\u00f8rer. De st\u00f8rste af ceremonierne menes derfor at have foreg\u00e5et i Lejre og Uppsala<br>(Sverige). Her samlede folket sig hver 9. \u00e5r og ofrede.<br>I Lejre blev der ofret 99 mennesker og et tilsvarende antal af heste, hunde og haner. I Uppsala ofrede man 9 hank\u00f8nsv\u00e6sner af forskellige arter hvilket<br>i alt udgjorde 72 der blev sl\u00e5et ihjel og oph\u00e6ngt i hellige tr\u00e6er i en indviet lund.<br>I Sverige var alle provinser repr\u00e6senteret ved enten selv at deltage eller sende rige gaver til ceremonien. De fleste ceremonier<br>har v\u00e6ret en del mindre end dem i Lejre og Uppsala.<br>Skandinaviske k\u00f8bm\u00e6nd (rus) der sejlede p\u00e5 Volgavejen rejste en tr\u00e6figur af en guddom og ofrede kv\u00e6g og f\u00e5r til den. For dem<br>bet\u00f8d det at de ville f\u00e5 en god handel. Desuden ofrede man i Skandinavien ogs\u00e5 til de \u00e5nder der boede i lunde, sten, klipper<br>og vandfald.<br>Guden Odin var en kampens gud og det var derfor skik inden en kamp at ofre til ham i h\u00e5b om at han ville hj\u00e6lpe en til sejr.<br>Odin&#8217;s ofre skulle enten h\u00e6nges eller dr\u00e6bes med spyd som var Odin&#8217;s hellige v\u00e5ben. Guden Frej foretrak hingste eller orner og<br>var derfor dette man ofrede til ham.<br>F\u00f8r man holdte ceremoni festerne blev hallen renskuret og pyntet op med f.eks. v\u00e6gt\u00e6pper. Store m\u00e6ngder af \u00f8l eller mj\u00f8d kom frem<br>mens k\u00f8det fra offerdyret blev stegt p\u00e5 spid eller kogt i kedler. Tilbeh\u00f8r til k\u00f8det kunne best\u00e5 af fisk, v\u00e6lling, br\u00f8d, gr\u00f8nsager,<br>frugt, b\u00e6r og n\u00f8dder. Omkring lange borde sad de p\u00e5 b\u00e6nke hvor belysningen bestod af olielamper, flammende fakler og langilden<br>som stod midt i hallen.<br>Noget af det vigtigste til en s\u00e5dan fest var af sk\u00e5le for guderne og de d\u00f8de forf\u00e6dre. En sk\u00e5l som denne blev udf\u00f8rt af den mest<br>prominente person der var tilstede. Deres \u00f8l (mj\u00f8d) gik fra h\u00e5nd til h\u00e5nd i store drikkehorn. S\u00e5danne to drikkehorn blev fundet i en<br>rig konge\/h\u00f8vdinge grav i Sutton Hoo ved Ipswich i England. Hornene er dateret omkring \u00e5r 625<br>Foruden en masse mj\u00f8d og mad var der ogs\u00e5 musik til festerne og skjalde som fortalte sagn og myter om guder og helte. For vikingerne<br>var disse fester meget mere end et blot. Det var en m\u00e5de at styrke b\u00e5ndene til hinanden p\u00e5. Dog skulle man huske at deltage helhjertet<br>og b\u00e5de spise og drikke godt ellers kunne v\u00e6rten se det som en forn\u00e6rmelse.<\/p>\n","protected":false},"excerpt":{"rendered":"<p>Bl\u00f6t var en offerhandling til guderne og var et centralt element i asetroen. I vikingetiden bet\u00f8ddet ofte et drab p\u00e5 et dyr eller mennesker, typisk tr\u00e6lle. Bl\u00f6t kan sidestilles med b\u00f8n i andre religioner.M\u00e5den man bl\u00f6ttede p\u00e5 varierede fra store ceremonier til sm\u00e5 personlige bl\u00f6t i hjemmet. Foruden drab blev der af typisk de rige [&hellip;]<\/p>\n","protected":false},"author":1,"featured_media":0,"parent":0,"menu_order":0,"comment_status":"closed","ping_status":"closed","template":"","meta":[],"_links":{"self":[{"href":"https:\/\/natsunivers.dk\/mytes\/index.php?rest_route=\/wp\/v2\/pages\/206"}],"collection":[{"href":"https:\/\/natsunivers.dk\/mytes\/index.php?rest_route=\/wp\/v2\/pages"}],"about":[{"href":"https:\/\/natsunivers.dk\/mytes\/index.php?rest_route=\/wp\/v2\/types\/page"}],"author":[{"embeddable":true,"href":"https:\/\/natsunivers.dk\/mytes\/index.php?rest_route=\/wp\/v2\/users\/1"}],"replies":[{"embeddable":true,"href":"https:\/\/natsunivers.dk\/mytes\/index.php?rest_route=%2Fwp%2Fv2%2Fcomments&post=206"}],"version-history":[{"count":1,"href":"https:\/\/natsunivers.dk\/mytes\/index.php?rest_route=\/wp\/v2\/pages\/206\/revisions"}],"predecessor-version":[{"id":207,"href":"https:\/\/natsunivers.dk\/mytes\/index.php?rest_route=\/wp\/v2\/pages\/206\/revisions\/207"}],"wp:attachment":[{"href":"https:\/\/natsunivers.dk\/mytes\/index.php?rest_route=%2Fwp%2Fv2%2Fmedia&parent=206"}],"curies":[{"name":"wp","href":"https:\/\/api.w.org\/{rel}","templated":true}]}}