{"id":202,"date":"2023-01-29T13:08:44","date_gmt":"2023-01-29T13:08:44","guid":{"rendered":"https:\/\/natsunivers.dk\/mytes\/?page_id=202"},"modified":"2023-02-25T13:46:48","modified_gmt":"2023-02-25T13:46:48","slug":"girle-guairle","status":"publish","type":"page","link":"https:\/\/natsunivers.dk\/mytes\/?page_id=202","title":{"rendered":"Girle Guairle"},"content":{"rendered":"\n<div class=\"is-layout-flex wp-container-3 wp-block-columns\">\n<div class=\"is-layout-flow wp-block-column\" style=\"flex-basis:66.66%\">\n<p>Dette var et vr\u00f8vle navn som blev brugt om en eventyrfigur i den irske udgave af Rumpelstiltskin historien.<br>Girle Guairle lovede en d\u00f8delig kvinde at spinde og v\u00e6ve for hende hvis bare hun kunne huske hendes sv\u00e6re navn.<br>F\u00f8rst glemte kvinden navnet men senere huskede hun det til stor \u00e6rgrelse for Girle Guairle.<\/p>\n<\/div>\n\n\n\n<div class=\"is-layout-flow wp-block-column\" style=\"flex-basis:33.33%\">\n<script async src=\"https:\/\/pagead2.googlesyndication.com\/pagead\/js\/adsbygoogle.js?client=ca-pub-9147999370744615\"\n     crossorigin=\"anonymous\"><\/script>\n<!-- Ny nats -->\n<ins class=\"adsbygoogle\"\n     style=\"display:block\"\n     data-ad-client=\"ca-pub-9147999370744615\"\n     data-ad-slot=\"2957070328\"\n     data-ad-format=\"auto\"\n     data-full-width-responsive=\"true\"><\/ins>\n<script>\n     (adsbygoogle = window.adsbygoogle || []).push({});\n<\/script>\n<\/div>\n<\/div>\n","protected":false},"excerpt":{"rendered":"<p>Dette var et vr\u00f8vle navn som blev brugt om en eventyrfigur i den irske udgave af Rumpelstiltskin historien.Girle Guairle lovede en d\u00f8delig kvinde at spinde og v\u00e6ve for hende hvis bare hun kunne huske hendes sv\u00e6re navn.F\u00f8rst glemte kvinden navnet men senere huskede hun det til stor \u00e6rgrelse for Girle Guairle.<\/p>\n","protected":false},"author":1,"featured_media":0,"parent":0,"menu_order":0,"comment_status":"closed","ping_status":"closed","template":"","meta":[],"_links":{"self":[{"href":"https:\/\/natsunivers.dk\/mytes\/index.php?rest_route=\/wp\/v2\/pages\/202"}],"collection":[{"href":"https:\/\/natsunivers.dk\/mytes\/index.php?rest_route=\/wp\/v2\/pages"}],"about":[{"href":"https:\/\/natsunivers.dk\/mytes\/index.php?rest_route=\/wp\/v2\/types\/page"}],"author":[{"embeddable":true,"href":"https:\/\/natsunivers.dk\/mytes\/index.php?rest_route=\/wp\/v2\/users\/1"}],"replies":[{"embeddable":true,"href":"https:\/\/natsunivers.dk\/mytes\/index.php?rest_route=%2Fwp%2Fv2%2Fcomments&post=202"}],"version-history":[{"count":2,"href":"https:\/\/natsunivers.dk\/mytes\/index.php?rest_route=\/wp\/v2\/pages\/202\/revisions"}],"predecessor-version":[{"id":1122,"href":"https:\/\/natsunivers.dk\/mytes\/index.php?rest_route=\/wp\/v2\/pages\/202\/revisions\/1122"}],"wp:attachment":[{"href":"https:\/\/natsunivers.dk\/mytes\/index.php?rest_route=%2Fwp%2Fv2%2Fmedia&parent=202"}],"curies":[{"name":"wp","href":"https:\/\/api.w.org\/{rel}","templated":true}]}}