{"id":196,"date":"2023-01-29T13:06:26","date_gmt":"2023-01-29T13:06:26","guid":{"rendered":"https:\/\/natsunivers.dk\/mytes\/?page_id=196"},"modified":"2023-02-18T11:12:42","modified_gmt":"2023-02-18T11:12:42","slug":"arecurius","status":"publish","type":"page","link":"https:\/\/natsunivers.dk\/mytes\/?page_id=196","title":{"rendered":"Arecurius"},"content":{"rendered":"\n<div class=\"is-layout-flex wp-container-3 wp-block-columns\">\n<div class=\"is-layout-flow wp-block-column\" style=\"flex-basis:66.66%\">\n<p>Dette menes at have v\u00e6ret en keltisk gud af underverden og det mandlige modstykke til Aericura.<br>Arecurius var gud i det p\u00e5 det tidspunkt romersk besatte nord England og blev tilbedt\/p\u00e5kaldt p\u00e5 Corstopitum n\u00e6r Corbridge.<br>Han er kendt fra en inskription fundet p\u00e5 en statue i Corbridge, England.<br>Hans navn betyder &#8220;den som st\u00e5r foran stammen&#8221;.<\/p>\n<\/div>\n\n\n\n<div class=\"is-layout-flow wp-block-column\" style=\"flex-basis:33.33%\">\n<script async src=\"https:\/\/pagead2.googlesyndication.com\/pagead\/js\/adsbygoogle.js?client=ca-pub-9147999370744615\"\n     crossorigin=\"anonymous\"><\/script>\n<!-- Ny nats -->\n<ins class=\"adsbygoogle\"\n     style=\"display:block\"\n     data-ad-client=\"ca-pub-9147999370744615\"\n     data-ad-slot=\"2957070328\"\n     data-ad-format=\"auto\"\n     data-full-width-responsive=\"true\"><\/ins>\n<script>\n     (adsbygoogle = window.adsbygoogle || []).push({});\n<\/script>\n<\/div>\n<\/div>\n","protected":false},"excerpt":{"rendered":"<p>Dette menes at have v\u00e6ret en keltisk gud af underverden og det mandlige modstykke til Aericura.Arecurius var gud i det p\u00e5 det tidspunkt romersk besatte nord England og blev tilbedt\/p\u00e5kaldt p\u00e5 Corstopitum n\u00e6r Corbridge.Han er kendt fra en inskription fundet p\u00e5 en statue i Corbridge, England.Hans navn betyder &#8220;den som st\u00e5r foran stammen&#8221;.<\/p>\n","protected":false},"author":1,"featured_media":0,"parent":0,"menu_order":0,"comment_status":"closed","ping_status":"closed","template":"","meta":[],"_links":{"self":[{"href":"https:\/\/natsunivers.dk\/mytes\/index.php?rest_route=\/wp\/v2\/pages\/196"}],"collection":[{"href":"https:\/\/natsunivers.dk\/mytes\/index.php?rest_route=\/wp\/v2\/pages"}],"about":[{"href":"https:\/\/natsunivers.dk\/mytes\/index.php?rest_route=\/wp\/v2\/types\/page"}],"author":[{"embeddable":true,"href":"https:\/\/natsunivers.dk\/mytes\/index.php?rest_route=\/wp\/v2\/users\/1"}],"replies":[{"embeddable":true,"href":"https:\/\/natsunivers.dk\/mytes\/index.php?rest_route=%2Fwp%2Fv2%2Fcomments&post=196"}],"version-history":[{"count":2,"href":"https:\/\/natsunivers.dk\/mytes\/index.php?rest_route=\/wp\/v2\/pages\/196\/revisions"}],"predecessor-version":[{"id":1016,"href":"https:\/\/natsunivers.dk\/mytes\/index.php?rest_route=\/wp\/v2\/pages\/196\/revisions\/1016"}],"wp:attachment":[{"href":"https:\/\/natsunivers.dk\/mytes\/index.php?rest_route=%2Fwp%2Fv2%2Fmedia&parent=196"}],"curies":[{"name":"wp","href":"https:\/\/api.w.org\/{rel}","templated":true}]}}