{"id":192,"date":"2023-01-29T13:03:28","date_gmt":"2023-01-29T13:03:28","guid":{"rendered":"https:\/\/natsunivers.dk\/mytes\/?page_id=192"},"modified":"2023-02-25T13:41:51","modified_gmt":"2023-02-25T13:41:51","slug":"gaia","status":"publish","type":"page","link":"https:\/\/natsunivers.dk\/mytes\/?page_id=192","title":{"rendered":"Gaia"},"content":{"rendered":"\n<div class=\"is-layout-flex wp-container-3 wp-block-columns\">\n<div class=\"is-layout-flow wp-block-column\" style=\"flex-basis:66.66%\">\n<p>Gaia opstod af Kaos og var jorden. Hun blev anset som jord og<br>modergudinde. Desuden ogs\u00e5 urgudinde og stammoder for alle guder og levende v\u00e6sner.<\/p>\n\n\n\n<p>Uden mandlig partner hvilket vi nok ville kalde jomfruf\u00f8dsel, f\u00f8dte hun Uranos (himlen), Pontos (havet) og Tartaros.<\/p>\n\n\n\n<p>Med Uranos hendes s\u00f8n var hun moder til Titanerne, Kykloperne, Hekatoncheirerne, Giganterne og Erinyerne.<\/p>\n\n\n\n<p>Med hendes anden s\u00f8n Pontos var hun moder til Nereus, Phorkys og Ketos. Og med s\u00f8nnen Tartaros var hun moder til Echidna og Tyfon.<\/p>\n\n\n\n<p>Gaia drev sin s\u00f8n Kronos til at kastrere Uranos. Faktisk opfandt hun selv den segl han brugte og gav ham. P\u00e5 denne m\u00e5de blev himlen (Uranos) adskilt fra jorden (Gaia).<\/p>\n\n\n\n<p>Gaia&#8217;s attributter var overfl\u00f8dighedshorn, frugter og b\u00f8rn. Gaia fik utallige b\u00f8rn, b\u00e5de guder og monstre og det ville v\u00e6re sv\u00e6rt at n\u00e6vne dem alle.<\/p>\n<\/div>\n\n\n\n<div class=\"is-layout-flow wp-block-column\" style=\"flex-basis:33.33%\">\n<script async src=\"https:\/\/pagead2.googlesyndication.com\/pagead\/js\/adsbygoogle.js?client=ca-pub-9147999370744615\"\n     crossorigin=\"anonymous\"><\/script>\n<!-- Ny nats -->\n<ins class=\"adsbygoogle\"\n     style=\"display:block\"\n     data-ad-client=\"ca-pub-9147999370744615\"\n     data-ad-slot=\"2957070328\"\n     data-ad-format=\"auto\"\n     data-full-width-responsive=\"true\"><\/ins>\n<script>\n     (adsbygoogle = window.adsbygoogle || []).push({});\n<\/script>\n<\/div>\n<\/div>\n","protected":false},"excerpt":{"rendered":"<p>Gaia opstod af Kaos og var jorden. Hun blev anset som jord ogmodergudinde. Desuden ogs\u00e5 urgudinde og stammoder for alle guder og levende v\u00e6sner. Uden mandlig partner hvilket vi nok ville kalde jomfruf\u00f8dsel, f\u00f8dte hun Uranos (himlen), Pontos (havet) og Tartaros. Med Uranos hendes s\u00f8n var hun moder til Titanerne, Kykloperne, Hekatoncheirerne, Giganterne og Erinyerne. [&hellip;]<\/p>\n","protected":false},"author":1,"featured_media":0,"parent":0,"menu_order":0,"comment_status":"closed","ping_status":"closed","template":"","meta":[],"_links":{"self":[{"href":"https:\/\/natsunivers.dk\/mytes\/index.php?rest_route=\/wp\/v2\/pages\/192"}],"collection":[{"href":"https:\/\/natsunivers.dk\/mytes\/index.php?rest_route=\/wp\/v2\/pages"}],"about":[{"href":"https:\/\/natsunivers.dk\/mytes\/index.php?rest_route=\/wp\/v2\/types\/page"}],"author":[{"embeddable":true,"href":"https:\/\/natsunivers.dk\/mytes\/index.php?rest_route=\/wp\/v2\/users\/1"}],"replies":[{"embeddable":true,"href":"https:\/\/natsunivers.dk\/mytes\/index.php?rest_route=%2Fwp%2Fv2%2Fcomments&post=192"}],"version-history":[{"count":2,"href":"https:\/\/natsunivers.dk\/mytes\/index.php?rest_route=\/wp\/v2\/pages\/192\/revisions"}],"predecessor-version":[{"id":1116,"href":"https:\/\/natsunivers.dk\/mytes\/index.php?rest_route=\/wp\/v2\/pages\/192\/revisions\/1116"}],"wp:attachment":[{"href":"https:\/\/natsunivers.dk\/mytes\/index.php?rest_route=%2Fwp%2Fv2%2Fmedia&parent=192"}],"curies":[{"name":"wp","href":"https:\/\/api.w.org\/{rel}","templated":true}]}}