{"id":184,"date":"2023-02-05T08:25:10","date_gmt":"2023-02-05T08:25:10","guid":{"rendered":"https:\/\/natsunivers.dk\/mytes\/?page_id=184"},"modified":"2023-02-25T08:29:02","modified_gmt":"2023-02-25T08:29:02","slug":"egyptiske-guder","status":"publish","type":"page","link":"https:\/\/natsunivers.dk\/mytes\/?page_id=184","title":{"rendered":"Egyptiske Guder"},"content":{"rendered":"\n<div class=\"is-layout-flex wp-container-3 wp-block-columns\">\n<div class=\"is-layout-flow wp-block-column\" style=\"flex-basis:66.66%\">\n<p><strong>Aah-Djuhty:<\/strong> Gud for ny m\u00e5nen. Han er en sammensmelting af de to m\u00e5neguder Aah og Thoth.<\/p>\n\n\n\n<p><strong>Amset: <\/strong>Dette var et af Horus&#8217; 4 b\u00f8rn der vogtede ligets\/mumiens indre organer. Han blev anset som en menneskehovedet kanopegud og blev sat i forbindelse med det sydlige verdenshj\u00f8rne. Som skytsgud for det d\u00f8de legeme var hans opgave at vogte leveren af liget. Hans navn staves undertiden: Mesti, Imsety, Imesty.<\/p>\n\n\n\n<p><strong>Anubis:<\/strong> Denne har sin egen side. Link: <a href=\"https:\/\/natsunivers.dk\/mytes\/?page_id=55\" data-type=\"URL\" data-id=\"https:\/\/natsunivers.dk\/mytes\/?page_id=55\">Anubis<\/a><\/p>\n\n\n\n<p><strong>Asch:<\/strong> Dette var en \u00f8rkengud og en &#8220;forvalter&#8221;-gud af de kongelige vinmarker. Han blev \u00e6ret som &#8220;Libyens herre&#8221;. Typisk blev Asch afbildet med Seth-dyrets hoved og med falke- eller menneskekrop.<\/p>\n\n\n\n<p><strong>Aton:<\/strong> Denne har sin egen side. Link: <a href=\"https:\/\/natsunivers.dk\/mytes\/?page_id=75\" data-type=\"URL\" data-id=\"https:\/\/natsunivers.dk\/mytes\/?page_id=75\">Aton<\/a><\/p>\n\n\n\n<p><strong>Bata:<\/strong> Bata er en gud fra Sako som optr\u00e6der &#8220;historien om de to br\u00f8dre&#8221;. Han regnes for Anubis&#8217; yngre broder og if\u00f8lge historien skulle Anubis&#8217; kone have pr\u00f8vet at forf\u00f8re ham. Bata blev typisk afbildet i tyreskikkelse.         <\/p>\n\n\n\n<p><strong>Chepre:<\/strong> Denne har sin egen side. Link: <a href=\"https:\/\/natsunivers.dk\/mytes\/?page_id=127\" data-type=\"URL\" data-id=\"https:\/\/natsunivers.dk\/mytes\/?page_id=127\">Chepre<\/a><\/p>\n\n\n\n<p><strong>Djebauti:<\/strong> Dette var som navnet antyder en lokalgud fra byen Djebaut. Han blev afbildet som hejre siddende p\u00e5 en p\u00e6l og blev senere identificeret med Horus.<\/p>\n\n\n\n<p><strong>Duamutef: <\/strong>Dette var et af Horus&#8217; 4 b\u00f8rn der vogtede ligets\/mumiens indre organer. Han blev anset som en sjakalhovedet kanopegud og blev sat i forbindelse med det \u00f8stlige verdenshj\u00f8rne. Som skytsgud for det d\u00f8de legeme var hans opgave at vogte maven af liget. Hans navn menes at betyde &#8220;han som \u00e6rer sin moder&#8221;.<\/p>\n\n\n\n<p><strong>Hah:<\/strong> Dette var en luft- og tidsgud. En personifikation af det uendelig luftrum der udsp\u00e6ndt over jorden holder himlen oppe. I sig rummer Hah &#8220;\u00e5rmillionerne&#8221; hvilket var en legemligg\u00f8relse af tidens uendelighed. Det var ogs\u00e5 et udtryk for evigt liv og gudernes gave til kongen. Billedtegnet for hah er anvendt i betydningen &#8220;million&#8221;.<\/p>\n\n\n\n<p><strong>Hapi:<\/strong> Dette var et af Horus&#8217; 4 b\u00f8rn der vogtede ligets\/mumiens indre organer. Han blev anset som en abehovedet kanopegud og blev sat i forbindelse med det nordlige verdenshj\u00f8rne. Som skytsgud for det d\u00f8de legeme var hans opgave at vogte lungerne af liget.<\/p>\n\n\n\n<p><strong>Hemen:<\/strong> Hemen var en egyptisk falkegud som blev dyrket i Hesfun (Asphynis). Han blev identificeret med Haroeris og hans kvindelige modstykke var Hemenet.<\/p>\n\n\n\n<p><strong>Henkhisesui:<\/strong> Egyptisk gud for \u00f8sten vinden. Han blev afbildet enten med krop som en skarab\u00e6 med et s\u00e6t vinger eller med en mands krop med 2 s\u00e6t vinger. Afbildet med mandekrop holdte han et Ankh i hver h\u00e5nd.<\/p>\n\n\n\n<p><strong>Herishef: <\/strong>Dette var en gammel frugtbarhedsgud hvis navn betyder &#8220;han som er p\u00e5 sin s\u00f8&#8221;. Af den gr\u00e6ske historiker Plutarch blev han kaldt for Arsaphes. N\u00e5r han blev afbildet som v\u00e6dder med en solskrive p\u00e5 hovedet blev han associeret med solguden Re\/Ra, mens han n\u00e5r han blev afbildet med Atef kronen blev associeret med d\u00f8dsguden Osiris.<\/p>\n\n\n\n<p><strong>Hez-ur:<\/strong> Baviangud hvis navn ogs\u00e5 betyder \u201dden store hvide\u201d. Han er kendt fra det gamle kongerige og var anset som v\u00e6rende en manifestation af Thot. Andre stavem\u00e5der: He Zur.<\/p>\n\n\n\n<p><strong>Horus:<\/strong> Denne har sin egen side. <strong>Link:<\/strong> <a href=\"https:\/\/natsunivers.dk\/mytes\/?page_id=253\" data-type=\"URL\" data-id=\"https:\/\/natsunivers.dk\/mytes\/?page_id=253\">Horus<\/a><\/p>\n\n\n\n<p><strong>Hutchaiui: <\/strong>Egyptisk gud for vesten vinden. Han blev afbildet med en mands krop og en slanges hoved. Han havde 2 s\u00e6t vinger og holdte et Ankh i hver h\u00e5nd.<\/p>\n\n\n\n<p><strong>Ihi:<\/strong> Ihi var en musikgud og en personifikation af lyden fra instrumentet Sistrum. Han blev desuden set som en herre over Sistrumspillet som fordrev de onde magter. Han var en s\u00f8n af Hathor og Horus og blev typisk afbildet som en dreng med Sistrum og Menat.<\/p>\n\n\n\n<p><strong>Isdes:<\/strong> Dette var en d\u00f8dsgud. Han fungerede som de d\u00f8des dommer i underverdenen. Isdes blev kaldt for &#8220;vestens herre&#8221; og blev ligestillet med Thot og Anubis.<\/p>\n\n\n\n<p><strong>Kebeksenuef:<\/strong> Dette var et af Horus&#8217; 4 b\u00f8rn der vogtede ligets\/mumiens indre organer. Han blev anset som en falkehovedet kanopegud og blev sat i forbindelse med det vestlige verdenshj\u00f8rne. Som skytsgud for det d\u00f8de legeme var hans opgave at vogte tarmene af liget. Hans navn staves undertiden: Kebechsenef, Qebesenef.<\/p>\n\n\n\n<p><strong>Kemwer\/Kemur:<\/strong> Dette var en sort tyre- og himmelgud. Han blev dyrket i Athribis og blev identificeret med Chentechtai og Osiris. Hans navn menes at betyde &#8220;Store Sorte&#8221;.<\/p>\n\n\n\n<p><strong>Khnum:<\/strong> Denne har sin egen side. <strong>Link:<\/strong> <a href=\"https:\/\/natsunivers.dk\/mytes\/?page_id=321\" data-type=\"URL\" data-id=\"https:\/\/natsunivers.dk\/mytes\/?page_id=321\">Khnum<\/a><\/p>\n\n\n\n<p><strong>Kis:<\/strong> Dette var en lokalgud i byen Kusae. Hans navn bet\u00f8d betvingeren\/t\u00e6mmeren og han blev typisk afbildet gribende om halsen p\u00e5 to dyr. Dyrene er blevet n\u00e6vnt som v\u00e6rende giraffer, slanger eller drager.<\/p>\n\n\n\n<p><strong>Mahes:<\/strong> S\u00f8n af kattegudinden Bastet og selv l\u00f8vegud. Oprindeligt forbundet med hans kultsted i Leontopolis i det sydlige Egypten. Senere blev der i hans \u00e6re bygget fristeder\/helligdomme i b\u00e5de Bubastis og den gr\u00e6ske by Miysis. Han blev anset som &#8220;slagtningens herre&#8221; idet man mente at han frydede sig over udgydt blod. Navnet Mahes betyder &#8220;l\u00f8ven med det vilde blik&#8221;. Typisk blev han afbildet med l\u00f8vehoved og af andre navne kan n\u00e6vnes: Miysis, Mihos.<\/p>\n\n\n\n<p><strong>Menyu:<\/strong> Dette var en gammel egyptisk gud for \u00f8rkenen som menes at have v\u00e6re s\u00f8n af Isis. Han blev tilbedt ved Coptos og er n\u00e6vnt p\u00e5 Palermo stenen.<\/p>\n\n\n\n<p><strong>Mesenty:<\/strong> Gud og herre over al skabelse. Et af Ptah&#8217;s andre navne.<\/p>\n\n\n\n<p><strong>Min:<\/strong> Denne har sin egen side. <strong>Link:<\/strong> <a href=\"https:\/\/natsunivers.dk\/mytes\/?page_id=333\" data-type=\"URL\" data-id=\"https:\/\/natsunivers.dk\/mytes\/?page_id=333\">Min<\/a><\/p>\n\n\n\n<p><strong>Neper:<\/strong> Denne har sin egen side. <strong>Link:<\/strong> <a href=\"https:\/\/natsunivers.dk\/mytes\/?page_id=357\" data-type=\"URL\" data-id=\"https:\/\/natsunivers.dk\/mytes\/?page_id=357\">Neper<\/a><\/p>\n\n\n\n<p><strong>Onuris:<\/strong> Denne har sin egen side. <strong>Link:<\/strong> <a href=\"https:\/\/natsunivers.dk\/mytes\/?page_id=371\" data-type=\"URL\" data-id=\"https:\/\/natsunivers.dk\/mytes\/?page_id=371\">Onuris<\/a><\/p>\n\n\n\n<p><strong>Qebui:<\/strong> Denne har sin egen side. <strong>Link:<\/strong> <a href=\"https:\/\/natsunivers.dk\/mytes\/?page_id=415\" data-type=\"URL\" data-id=\"https:\/\/natsunivers.dk\/mytes\/?page_id=415\">Qebui<\/a><\/p>\n\n\n\n<p><strong>Sepa:<\/strong> Sepa som betyder tusindben var en skytsgud imod vilde og giftige dyr. Hans kult var i Heliopolis og vejen fra der og til nekropolerne ved Gizeh blev i sentiden kaldt for Sepa&#8217;s vej. Senere smeltede han sammen med Osiris og blev til Osiris-Sepa og der findes derfor skrifter om ham v\u00e6rende en d\u00f8dsgud.<\/p>\n\n\n\n<p><strong>Sesmu:<\/strong> Olie og vin presnings gud som tog imod de d\u00f8de. Syndere rev han hovedet af og pressede i hans vin presse mens han tilb\u00f8d de gode vin at drikke. Andre stavem\u00e5der: Sesemu, Sezemu.<\/p>\n\n\n\n<p><strong>Shed:<\/strong> Dette var en gud som hjalp folk i n\u00f8d. Desuden fungerede han som en skytsgud mod vilde dyr. De vilde dyr jagede han med bue og pil fra hans vogn. Ved hj\u00e6lp af besv\u00e6rgelser blev hans hj\u00e6lp sikret. Hans navn menes at betyde &#8220;befrieren&#8221; eller &#8220;besv\u00e6rgeren&#8221;.<\/p>\n\n\n\n<p><strong>Shehbui:<\/strong> Denne har sin egen side. <strong>Link:<\/strong> <a href=\"https:\/\/natsunivers.dk\/mytes\/?page_id=448\" data-type=\"URL\" data-id=\"https:\/\/natsunivers.dk\/mytes\/?page_id=448\">Shehbui<\/a><\/p>\n\n\n\n<p><strong>Sobek:<\/strong> Denne har sin egen side. <strong>Link:<\/strong> <a href=\"https:\/\/natsunivers.dk\/mytes\/?page_id=477\" data-type=\"URL\" data-id=\"https:\/\/natsunivers.dk\/mytes\/?page_id=477\">Sobek<\/a><\/p>\n\n\n\n<p><strong>Sopdu: <\/strong>Denne har sin egen side. <strong>Link:<\/strong> <a href=\"https:\/\/natsunivers.dk\/mytes\/?page_id=483\" data-type=\"URL\" data-id=\"https:\/\/natsunivers.dk\/mytes\/?page_id=483\">Sopdu<\/a><\/p>\n\n\n\n<p><strong>Tatjenen:<\/strong> Denne har sin egen side. <strong>Link:<\/strong> <a href=\"https:\/\/natsunivers.dk\/mytes\/?page_id=783\" data-type=\"URL\" data-id=\"https:\/\/natsunivers.dk\/mytes\/?page_id=783\">Tatjenen<\/a><\/p>\n\n\n\n<p><strong>Uneg:<\/strong> Dette var en plantegud som underst\u00f8ttede himlen. Han var b\u00e5de s\u00f8n og ledsager til Ra.<\/p>\n<\/div>\n\n\n\n<div class=\"is-layout-flow wp-block-column\" style=\"flex-basis:33.33%\">\n<script async src=\"https:\/\/pagead2.googlesyndication.com\/pagead\/js\/adsbygoogle.js?client=ca-pub-9147999370744615\"\n     crossorigin=\"anonymous\"><\/script>\n<!-- Ny nats -->\n<ins class=\"adsbygoogle\"\n     style=\"display:block\"\n     data-ad-client=\"ca-pub-9147999370744615\"\n     data-ad-slot=\"2957070328\"\n     data-ad-format=\"auto\"\n     data-full-width-responsive=\"true\"><\/ins>\n<script>\n     (adsbygoogle = window.adsbygoogle || []).push({});\n<\/script>\n<\/div>\n<\/div>\n","protected":false},"excerpt":{"rendered":"<p>Aah-Djuhty: Gud for ny m\u00e5nen. Han er en sammensmelting af de to m\u00e5neguder Aah og Thoth. Amset: Dette var et af Horus&#8217; 4 b\u00f8rn der vogtede ligets\/mumiens indre organer. Han blev anset som en menneskehovedet kanopegud og blev sat i forbindelse med det sydlige verdenshj\u00f8rne. Som skytsgud for det d\u00f8de legeme var hans opgave at [&hellip;]<\/p>\n","protected":false},"author":1,"featured_media":0,"parent":0,"menu_order":0,"comment_status":"closed","ping_status":"closed","template":"","meta":[],"_links":{"self":[{"href":"https:\/\/natsunivers.dk\/mytes\/index.php?rest_route=\/wp\/v2\/pages\/184"}],"collection":[{"href":"https:\/\/natsunivers.dk\/mytes\/index.php?rest_route=\/wp\/v2\/pages"}],"about":[{"href":"https:\/\/natsunivers.dk\/mytes\/index.php?rest_route=\/wp\/v2\/types\/page"}],"author":[{"embeddable":true,"href":"https:\/\/natsunivers.dk\/mytes\/index.php?rest_route=\/wp\/v2\/users\/1"}],"replies":[{"embeddable":true,"href":"https:\/\/natsunivers.dk\/mytes\/index.php?rest_route=%2Fwp%2Fv2%2Fcomments&post=184"}],"version-history":[{"count":11,"href":"https:\/\/natsunivers.dk\/mytes\/index.php?rest_route=\/wp\/v2\/pages\/184\/revisions"}],"predecessor-version":[{"id":1081,"href":"https:\/\/natsunivers.dk\/mytes\/index.php?rest_route=\/wp\/v2\/pages\/184\/revisions\/1081"}],"wp:attachment":[{"href":"https:\/\/natsunivers.dk\/mytes\/index.php?rest_route=%2Fwp%2Fv2%2Fmedia&parent=184"}],"curies":[{"name":"wp","href":"https:\/\/api.w.org\/{rel}","templated":true}]}}