{"id":176,"date":"2023-01-29T12:47:29","date_gmt":"2023-01-29T12:47:29","guid":{"rendered":"https:\/\/natsunivers.dk\/mytes\/?page_id=176"},"modified":"2023-02-25T09:01:08","modified_gmt":"2023-02-25T09:01:08","slug":"fauna","status":"publish","type":"page","link":"https:\/\/natsunivers.dk\/mytes\/?page_id=176","title":{"rendered":"Fauna"},"content":{"rendered":"\n<div class=\"is-layout-flex wp-container-3 wp-block-columns\">\n<div class=\"is-layout-flow wp-block-column\" style=\"flex-basis:66.66%\">\n<p>Fauna var en mark- og skovgudinde der desuden ogs\u00e5 var gudinde for markernes og kv\u00e6gets frugtbarhed og for sundhed og trivsel.<br>Fauna var en s\u00f8ster og\/eller hustru til Faunus og med denne moder til Faunerne. hendes tilnavn Bona Dea betyder den gode gudinde og ved hendes natlige fest i begyndelsen af december var hank\u00f8n ikke tilladt. Dette gjaldt b\u00e5de dyr og mennesker.<br>I dag bruges hendes navn som betegnelse for &#8220;dyreriget&#8221; eller et bestemt omr\u00e5des dyreliv.<\/p>\n<\/div>\n\n\n\n<div class=\"is-layout-flow wp-block-column\" style=\"flex-basis:33.33%\">\n<script async src=\"https:\/\/pagead2.googlesyndication.com\/pagead\/js\/adsbygoogle.js?client=ca-pub-9147999370744615\"\n     crossorigin=\"anonymous\"><\/script>\n<!-- Ny nats -->\n<ins class=\"adsbygoogle\"\n     style=\"display:block\"\n     data-ad-client=\"ca-pub-9147999370744615\"\n     data-ad-slot=\"2957070328\"\n     data-ad-format=\"auto\"\n     data-full-width-responsive=\"true\"><\/ins>\n<script>\n     (adsbygoogle = window.adsbygoogle || []).push({});\n<\/script>\n<\/div>\n<\/div>\n","protected":false},"excerpt":{"rendered":"<p>Fauna var en mark- og skovgudinde der desuden ogs\u00e5 var gudinde for markernes og kv\u00e6gets frugtbarhed og for sundhed og trivsel.Fauna var en s\u00f8ster og\/eller hustru til Faunus og med denne moder til Faunerne. hendes tilnavn Bona Dea betyder den gode gudinde og ved hendes natlige fest i begyndelsen af december var hank\u00f8n ikke tilladt. [&hellip;]<\/p>\n","protected":false},"author":1,"featured_media":0,"parent":0,"menu_order":0,"comment_status":"closed","ping_status":"closed","template":"","meta":[],"_links":{"self":[{"href":"https:\/\/natsunivers.dk\/mytes\/index.php?rest_route=\/wp\/v2\/pages\/176"}],"collection":[{"href":"https:\/\/natsunivers.dk\/mytes\/index.php?rest_route=\/wp\/v2\/pages"}],"about":[{"href":"https:\/\/natsunivers.dk\/mytes\/index.php?rest_route=\/wp\/v2\/types\/page"}],"author":[{"embeddable":true,"href":"https:\/\/natsunivers.dk\/mytes\/index.php?rest_route=\/wp\/v2\/users\/1"}],"replies":[{"embeddable":true,"href":"https:\/\/natsunivers.dk\/mytes\/index.php?rest_route=%2Fwp%2Fv2%2Fcomments&post=176"}],"version-history":[{"count":2,"href":"https:\/\/natsunivers.dk\/mytes\/index.php?rest_route=\/wp\/v2\/pages\/176\/revisions"}],"predecessor-version":[{"id":1102,"href":"https:\/\/natsunivers.dk\/mytes\/index.php?rest_route=\/wp\/v2\/pages\/176\/revisions\/1102"}],"wp:attachment":[{"href":"https:\/\/natsunivers.dk\/mytes\/index.php?rest_route=%2Fwp%2Fv2%2Fmedia&parent=176"}],"curies":[{"name":"wp","href":"https:\/\/api.w.org\/{rel}","templated":true}]}}