{"id":172,"date":"2023-01-29T12:46:16","date_gmt":"2023-01-29T12:46:16","guid":{"rendered":"https:\/\/natsunivers.dk\/mytes\/?page_id=172"},"modified":"2023-02-18T12:39:41","modified_gmt":"2023-02-18T12:39:41","slug":"charites","status":"publish","type":"page","link":"https:\/\/natsunivers.dk\/mytes\/?page_id=172","title":{"rendered":"Charites"},"content":{"rendered":"\n<div class=\"is-layout-flex wp-container-3 wp-block-columns\">\n<div class=\"is-layout-flow wp-block-column\" style=\"flex-basis:66.66%\">\n<p>Charites var tre gudinder der stod for ynde, k\u00e6rlighed, sk\u00f8nhed og gl\u00e6de. De var alle d\u00f8tre af Zeus og Eurynome og deres navne var: Agleia (glans), Eufrosyne (gl\u00e6de) og Thalia (blomstring).<\/p>\n\n\n\n<p><br>De var en del af Afrodite&#8217;s, Apollon&#8217;s og Hermes&#8217; f\u00f8lge. Typisk blev de afbildet i selskab med Muserne eller Horaerne. Thalia skal ikke forveksles med Muserne&#8217;s Thalia.<\/p>\n\n\n\n<p><br>Andre kendte m\u00e5der at stave deres navne p\u00e5: Aglaia, Euphrosyne og Thalia.<\/p>\n<\/div>\n\n\n\n<div class=\"is-layout-flow wp-block-column\" style=\"flex-basis:33.33%\">\n<script async src=\"https:\/\/pagead2.googlesyndication.com\/pagead\/js\/adsbygoogle.js?client=ca-pub-9147999370744615\"\n     crossorigin=\"anonymous\"><\/script>\n<!-- Ny nats -->\n<ins class=\"adsbygoogle\"\n     style=\"display:block\"\n     data-ad-client=\"ca-pub-9147999370744615\"\n     data-ad-slot=\"2957070328\"\n     data-ad-format=\"auto\"\n     data-full-width-responsive=\"true\"><\/ins>\n<script>\n     (adsbygoogle = window.adsbygoogle || []).push({});\n<\/script>\n<\/div>\n<\/div>\n","protected":false},"excerpt":{"rendered":"<p>Charites var tre gudinder der stod for ynde, k\u00e6rlighed, sk\u00f8nhed og gl\u00e6de. De var alle d\u00f8tre af Zeus og Eurynome og deres navne var: Agleia (glans), Eufrosyne (gl\u00e6de) og Thalia (blomstring). De var en del af Afrodite&#8217;s, Apollon&#8217;s og Hermes&#8217; f\u00f8lge. Typisk blev de afbildet i selskab med Muserne eller Horaerne. Thalia skal ikke forveksles [&hellip;]<\/p>\n","protected":false},"author":1,"featured_media":0,"parent":0,"menu_order":0,"comment_status":"closed","ping_status":"closed","template":"","meta":[],"_links":{"self":[{"href":"https:\/\/natsunivers.dk\/mytes\/index.php?rest_route=\/wp\/v2\/pages\/172"}],"collection":[{"href":"https:\/\/natsunivers.dk\/mytes\/index.php?rest_route=\/wp\/v2\/pages"}],"about":[{"href":"https:\/\/natsunivers.dk\/mytes\/index.php?rest_route=\/wp\/v2\/types\/page"}],"author":[{"embeddable":true,"href":"https:\/\/natsunivers.dk\/mytes\/index.php?rest_route=\/wp\/v2\/users\/1"}],"replies":[{"embeddable":true,"href":"https:\/\/natsunivers.dk\/mytes\/index.php?rest_route=%2Fwp%2Fv2%2Fcomments&post=172"}],"version-history":[{"count":2,"href":"https:\/\/natsunivers.dk\/mytes\/index.php?rest_route=\/wp\/v2\/pages\/172\/revisions"}],"predecessor-version":[{"id":1048,"href":"https:\/\/natsunivers.dk\/mytes\/index.php?rest_route=\/wp\/v2\/pages\/172\/revisions\/1048"}],"wp:attachment":[{"href":"https:\/\/natsunivers.dk\/mytes\/index.php?rest_route=%2Fwp%2Fv2%2Fmedia&parent=172"}],"curies":[{"name":"wp","href":"https:\/\/api.w.org\/{rel}","templated":true}]}}