{"id":164,"date":"2023-01-29T12:38:04","date_gmt":"2023-01-29T12:38:04","guid":{"rendered":"https:\/\/natsunivers.dk\/mytes\/?page_id=164"},"modified":"2023-02-18T13:41:14","modified_gmt":"2023-02-18T13:41:14","slug":"dagda","status":"publish","type":"page","link":"https:\/\/natsunivers.dk\/mytes\/?page_id=164","title":{"rendered":"Dagda"},"content":{"rendered":"\n<div class=\"is-layout-flex wp-container-3 wp-block-columns\">\n<div class=\"is-layout-flow wp-block-column\" style=\"flex-basis:66.66%\">\n<p>Dagda var en Keltisk\/Irsk jordgud. Samtidig var han gud for aftaler og kontrakter for irerne. For Druiderne fungerede han b\u00e5de som deres gud og d\u00f8dsgud. <\/p>\n\n\n\n<p>Dagda blev anset som den st\u00f8rste blandt T\u00faatha D\u00e9 Danann. Han var s\u00f8n af Danu og fader til Br\u00edgit og Oenghus in Mac \u00d3c. Dagda<br>havde en del elskerinder, en af disse var Morrigan.<\/p>\n\n\n\n<p>Af tilnavne havde han utallige som f.eks. Ollathir som bet\u00f8d &#8220;alfader&#8221; og Ruad Rofhessa som bet\u00f8d &#8220;fuldkomne visdoms herre&#8221;. <\/p>\n\n\n\n<p>Dagda&#8217;s attributter var en k\u00f8lle, harpe og kedel\/gryde. Hans k\u00f8lle<br>kunne dr\u00e6be med den ene ende og genoplive med den anden ende.<\/p>\n<\/div>\n\n\n\n<div class=\"is-layout-flow wp-block-column\" style=\"flex-basis:33.33%\">\n<script async src=\"https:\/\/pagead2.googlesyndication.com\/pagead\/js\/adsbygoogle.js?client=ca-pub-9147999370744615\"\n     crossorigin=\"anonymous\"><\/script>\n<!-- Ny nats -->\n<ins class=\"adsbygoogle\"\n     style=\"display:block\"\n     data-ad-client=\"ca-pub-9147999370744615\"\n     data-ad-slot=\"2957070328\"\n     data-ad-format=\"auto\"\n     data-full-width-responsive=\"true\"><\/ins>\n<script>\n     (adsbygoogle = window.adsbygoogle || []).push({});\n<\/script>\n<\/div>\n<\/div>\n","protected":false},"excerpt":{"rendered":"<p>Dagda var en Keltisk\/Irsk jordgud. Samtidig var han gud for aftaler og kontrakter for irerne. For Druiderne fungerede han b\u00e5de som deres gud og d\u00f8dsgud. Dagda blev anset som den st\u00f8rste blandt T\u00faatha D\u00e9 Danann. Han var s\u00f8n af Danu og fader til Br\u00edgit og Oenghus in Mac \u00d3c. Dagdahavde en del elskerinder, en af [&hellip;]<\/p>\n","protected":false},"author":1,"featured_media":0,"parent":0,"menu_order":0,"comment_status":"closed","ping_status":"closed","template":"","meta":[],"_links":{"self":[{"href":"https:\/\/natsunivers.dk\/mytes\/index.php?rest_route=\/wp\/v2\/pages\/164"}],"collection":[{"href":"https:\/\/natsunivers.dk\/mytes\/index.php?rest_route=\/wp\/v2\/pages"}],"about":[{"href":"https:\/\/natsunivers.dk\/mytes\/index.php?rest_route=\/wp\/v2\/types\/page"}],"author":[{"embeddable":true,"href":"https:\/\/natsunivers.dk\/mytes\/index.php?rest_route=\/wp\/v2\/users\/1"}],"replies":[{"embeddable":true,"href":"https:\/\/natsunivers.dk\/mytes\/index.php?rest_route=%2Fwp%2Fv2%2Fcomments&post=164"}],"version-history":[{"count":2,"href":"https:\/\/natsunivers.dk\/mytes\/index.php?rest_route=\/wp\/v2\/pages\/164\/revisions"}],"predecessor-version":[{"id":1058,"href":"https:\/\/natsunivers.dk\/mytes\/index.php?rest_route=\/wp\/v2\/pages\/164\/revisions\/1058"}],"wp:attachment":[{"href":"https:\/\/natsunivers.dk\/mytes\/index.php?rest_route=%2Fwp%2Fv2%2Fmedia&parent=164"}],"curies":[{"name":"wp","href":"https:\/\/api.w.org\/{rel}","templated":true}]}}