{"id":162,"date":"2023-01-29T12:36:58","date_gmt":"2023-01-29T12:36:58","guid":{"rendered":"https:\/\/natsunivers.dk\/mytes\/?page_id=162"},"modified":"2023-02-25T09:00:30","modified_gmt":"2023-02-25T09:00:30","slug":"fama","status":"publish","type":"page","link":"https:\/\/natsunivers.dk\/mytes\/?page_id=162","title":{"rendered":"Fama"},"content":{"rendered":"\n<div class=\"is-layout-flex wp-container-3 wp-block-columns\">\n<div class=\"is-layout-flow wp-block-column\" style=\"flex-basis:66.66%\">\n<p>Dette var en romersk gudinde som blev anset som v\u00e6rende Jupiter&#8217;s sendebud og en personifikation af rygter og sladder.<\/p>\n\n\n\n<p>Hun afbildes med d\u00e6monisk skikkelse med mange \u00f8jne, \u00f8rer og tunger.<\/p>\n\n\n\n<p>Selvom hun betegnes som gudinde, s\u00e5 er hun i realiteten nok ikke andet end en slags skr\u00e6mme figur som blev brugt overfor b\u00f8rn<br>der ikke talte sandt eller gik med sladder.<\/p>\n<\/div>\n\n\n\n<div class=\"is-layout-flow wp-block-column\" style=\"flex-basis:33.33%\">\n<script async src=\"https:\/\/pagead2.googlesyndication.com\/pagead\/js\/adsbygoogle.js?client=ca-pub-9147999370744615\"\n     crossorigin=\"anonymous\"><\/script>\n<!-- Ny nats -->\n<ins class=\"adsbygoogle\"\n     style=\"display:block\"\n     data-ad-client=\"ca-pub-9147999370744615\"\n     data-ad-slot=\"2957070328\"\n     data-ad-format=\"auto\"\n     data-full-width-responsive=\"true\"><\/ins>\n<script>\n     (adsbygoogle = window.adsbygoogle || []).push({});\n<\/script>\n<\/div>\n<\/div>\n","protected":false},"excerpt":{"rendered":"<p>Dette var en romersk gudinde som blev anset som v\u00e6rende Jupiter&#8217;s sendebud og en personifikation af rygter og sladder. Hun afbildes med d\u00e6monisk skikkelse med mange \u00f8jne, \u00f8rer og tunger. Selvom hun betegnes som gudinde, s\u00e5 er hun i realiteten nok ikke andet end en slags skr\u00e6mme figur som blev brugt overfor b\u00f8rnder ikke talte [&hellip;]<\/p>\n","protected":false},"author":1,"featured_media":0,"parent":0,"menu_order":0,"comment_status":"closed","ping_status":"closed","template":"","meta":[],"_links":{"self":[{"href":"https:\/\/natsunivers.dk\/mytes\/index.php?rest_route=\/wp\/v2\/pages\/162"}],"collection":[{"href":"https:\/\/natsunivers.dk\/mytes\/index.php?rest_route=\/wp\/v2\/pages"}],"about":[{"href":"https:\/\/natsunivers.dk\/mytes\/index.php?rest_route=\/wp\/v2\/types\/page"}],"author":[{"embeddable":true,"href":"https:\/\/natsunivers.dk\/mytes\/index.php?rest_route=\/wp\/v2\/users\/1"}],"replies":[{"embeddable":true,"href":"https:\/\/natsunivers.dk\/mytes\/index.php?rest_route=%2Fwp%2Fv2%2Fcomments&post=162"}],"version-history":[{"count":2,"href":"https:\/\/natsunivers.dk\/mytes\/index.php?rest_route=\/wp\/v2\/pages\/162\/revisions"}],"predecessor-version":[{"id":1101,"href":"https:\/\/natsunivers.dk\/mytes\/index.php?rest_route=\/wp\/v2\/pages\/162\/revisions\/1101"}],"wp:attachment":[{"href":"https:\/\/natsunivers.dk\/mytes\/index.php?rest_route=%2Fwp%2Fv2%2Fmedia&parent=162"}],"curies":[{"name":"wp","href":"https:\/\/api.w.org\/{rel}","templated":true}]}}