{"id":154,"date":"2023-01-29T12:33:07","date_gmt":"2023-01-29T12:33:07","guid":{"rendered":"https:\/\/natsunivers.dk\/mytes\/?page_id=154"},"modified":"2023-02-18T07:59:30","modified_gmt":"2023-02-18T07:59:30","slug":"amazonerne","status":"publish","type":"page","link":"https:\/\/natsunivers.dk\/mytes\/?page_id=154","title":{"rendered":"Amazonerne"},"content":{"rendered":"\n<div class=\"is-layout-flex wp-container-3 wp-block-columns\">\n<div class=\"is-layout-flow wp-block-column\" style=\"flex-basis:66.66%\">\n<p>Navnet menes at betyde &#8220;afsk\u00e5ret bryst&#8221; eller &#8220;uden bryst&#8221; i det &#8220;mazon&#8221; betyder &#8220;bryst&#8221;.<\/p>\n\n\n\n<p><br>Amazonerne var en stamme af kvindelige krigere fra Kappadokien. Til at lede dem havde de en dronning. De regnes for at v\u00e6re d\u00f8tre af guden Ares og nymfen Harmonia.<\/p>\n\n\n\n<p><br>For bedre at kunne sp\u00e6nde en bue skar eller br\u00e6ndte de deres h\u00f8jre bryst v\u00e6k. Typisk blev de afbildet i en kort Kiton med deres afsk\u00e5ret bryst blottet. I senere myter var Amazonernes bryst dog ikke afsk\u00e5ret men stadig blottet i den h\u00f8jre side.<\/p>\n\n\n\n<p><br>Amazonernes samfund bestod af kun kvinder men en gang om \u00e5ret havde de seksuel omgang med m\u00e6nd fra en anden stamme s\u00e5 de kunne f\u00e5 b\u00f8rn.<\/p>\n\n\n\n<p><br>Drengeb\u00f8rn blev sendt v\u00e6k eller som i nogle h\u00e5rde myter leml\u00e6stet. Pigeb\u00f8rn beholdte de, fjernede deres h\u00f8jre bryst og opl\u00e6rte dem til at v\u00e6re krigere.<\/p>\n\n\n\n<p><br>Amazonerne deltog ogs\u00e5 i den Trojanske krig. Dette gjorde de under ledelse af dronning Penthesileia som blev dr\u00e6bt af Achilleus, der forelskede sig i hende.<\/p>\n<\/div>\n\n\n\n<div class=\"is-layout-flow wp-block-column\" style=\"flex-basis:33.33%\">\n<script async src=\"https:\/\/pagead2.googlesyndication.com\/pagead\/js\/adsbygoogle.js?client=ca-pub-9147999370744615\"\n     crossorigin=\"anonymous\"><\/script>\n<!-- Ny nats -->\n<ins class=\"adsbygoogle\"\n     style=\"display:block\"\n     data-ad-client=\"ca-pub-9147999370744615\"\n     data-ad-slot=\"2957070328\"\n     data-ad-format=\"auto\"\n     data-full-width-responsive=\"true\"><\/ins>\n<script>\n     (adsbygoogle = window.adsbygoogle || []).push({});\n<\/script>\n<\/div>\n<\/div>\n","protected":false},"excerpt":{"rendered":"<p>Navnet menes at betyde &#8220;afsk\u00e5ret bryst&#8221; eller &#8220;uden bryst&#8221; i det &#8220;mazon&#8221; betyder &#8220;bryst&#8221;. Amazonerne var en stamme af kvindelige krigere fra Kappadokien. Til at lede dem havde de en dronning. De regnes for at v\u00e6re d\u00f8tre af guden Ares og nymfen Harmonia. For bedre at kunne sp\u00e6nde en bue skar eller br\u00e6ndte de deres [&hellip;]<\/p>\n","protected":false},"author":1,"featured_media":0,"parent":0,"menu_order":0,"comment_status":"closed","ping_status":"closed","template":"","meta":[],"_links":{"self":[{"href":"https:\/\/natsunivers.dk\/mytes\/index.php?rest_route=\/wp\/v2\/pages\/154"}],"collection":[{"href":"https:\/\/natsunivers.dk\/mytes\/index.php?rest_route=\/wp\/v2\/pages"}],"about":[{"href":"https:\/\/natsunivers.dk\/mytes\/index.php?rest_route=\/wp\/v2\/types\/page"}],"author":[{"embeddable":true,"href":"https:\/\/natsunivers.dk\/mytes\/index.php?rest_route=\/wp\/v2\/users\/1"}],"replies":[{"embeddable":true,"href":"https:\/\/natsunivers.dk\/mytes\/index.php?rest_route=%2Fwp%2Fv2%2Fcomments&post=154"}],"version-history":[{"count":3,"href":"https:\/\/natsunivers.dk\/mytes\/index.php?rest_route=\/wp\/v2\/pages\/154\/revisions"}],"predecessor-version":[{"id":988,"href":"https:\/\/natsunivers.dk\/mytes\/index.php?rest_route=\/wp\/v2\/pages\/154\/revisions\/988"}],"wp:attachment":[{"href":"https:\/\/natsunivers.dk\/mytes\/index.php?rest_route=%2Fwp%2Fv2%2Fmedia&parent=154"}],"curies":[{"name":"wp","href":"https:\/\/api.w.org\/{rel}","templated":true}]}}