{"id":145,"date":"2023-01-29T12:28:23","date_gmt":"2023-01-29T12:28:23","guid":{"rendered":"https:\/\/natsunivers.dk\/mytes\/?page_id=145"},"modified":"2023-02-25T08:52:52","modified_gmt":"2023-02-25T08:52:52","slug":"eos","status":"publish","type":"page","link":"https:\/\/natsunivers.dk\/mytes\/?page_id=145","title":{"rendered":"Eos"},"content":{"rendered":"\n<div class=\"is-layout-flex wp-container-3 wp-block-columns\">\n<div class=\"is-layout-flow wp-block-column\" style=\"flex-basis:66.66%\">\n<p>Eos var datter af Titanerne Hyperion og Theia.<br>Hun var gudinde for morgenr\u00f8den. Ligesom hendes broder Helios havde hun en hestetrukken vogn men for at vise at hans status var h\u00f8jere havde han hele fire heste. Eos blev ofte forestillet komme k\u00f8rende i sin vogn over himlen lige f\u00f8r solopgang.<br>Eos var meget glad for m\u00e6nd og fik derved et ry for lidenskab. Hun<br>var dog mest glad for den smukke Tithonos som hun bad Zeus g\u00f8re ud\u00f8delig. Eos glemte i midlertidig at bede om evig ungdom og sad derfor til sidst tilbage med en gammel og hj\u00e6lpel\u00f8s elsker. Forskellige myter fort\u00e6ller hvordan hun l\u00e5ste ham inde i<br>sovev\u00e6relset eller at han blev til en cikade hvis klagende sang aldrig h\u00f8rte op.<\/p>\n<\/div>\n\n\n\n<div class=\"is-layout-flow wp-block-column\" style=\"flex-basis:33.33%\">\n<script async src=\"https:\/\/pagead2.googlesyndication.com\/pagead\/js\/adsbygoogle.js?client=ca-pub-9147999370744615\"\n     crossorigin=\"anonymous\"><\/script>\n<!-- Ny nats -->\n<ins class=\"adsbygoogle\"\n     style=\"display:block\"\n     data-ad-client=\"ca-pub-9147999370744615\"\n     data-ad-slot=\"2957070328\"\n     data-ad-format=\"auto\"\n     data-full-width-responsive=\"true\"><\/ins>\n<script>\n     (adsbygoogle = window.adsbygoogle || []).push({});\n<\/script>\n<\/div>\n<\/div>\n","protected":false},"excerpt":{"rendered":"<p>Eos var datter af Titanerne Hyperion og Theia.Hun var gudinde for morgenr\u00f8den. Ligesom hendes broder Helios havde hun en hestetrukken vogn men for at vise at hans status var h\u00f8jere havde han hele fire heste. Eos blev ofte forestillet komme k\u00f8rende i sin vogn over himlen lige f\u00f8r solopgang.Eos var meget glad for m\u00e6nd og [&hellip;]<\/p>\n","protected":false},"author":1,"featured_media":0,"parent":0,"menu_order":0,"comment_status":"closed","ping_status":"closed","template":"","meta":[],"_links":{"self":[{"href":"https:\/\/natsunivers.dk\/mytes\/index.php?rest_route=\/wp\/v2\/pages\/145"}],"collection":[{"href":"https:\/\/natsunivers.dk\/mytes\/index.php?rest_route=\/wp\/v2\/pages"}],"about":[{"href":"https:\/\/natsunivers.dk\/mytes\/index.php?rest_route=\/wp\/v2\/types\/page"}],"author":[{"embeddable":true,"href":"https:\/\/natsunivers.dk\/mytes\/index.php?rest_route=\/wp\/v2\/users\/1"}],"replies":[{"embeddable":true,"href":"https:\/\/natsunivers.dk\/mytes\/index.php?rest_route=%2Fwp%2Fv2%2Fcomments&post=145"}],"version-history":[{"count":2,"href":"https:\/\/natsunivers.dk\/mytes\/index.php?rest_route=\/wp\/v2\/pages\/145\/revisions"}],"predecessor-version":[{"id":1090,"href":"https:\/\/natsunivers.dk\/mytes\/index.php?rest_route=\/wp\/v2\/pages\/145\/revisions\/1090"}],"wp:attachment":[{"href":"https:\/\/natsunivers.dk\/mytes\/index.php?rest_route=%2Fwp%2Fv2%2Fmedia&parent=145"}],"curies":[{"name":"wp","href":"https:\/\/api.w.org\/{rel}","templated":true}]}}