{"id":119,"date":"2023-01-29T12:05:09","date_gmt":"2023-01-29T12:05:09","guid":{"rendered":"https:\/\/natsunivers.dk\/mytes\/?page_id=119"},"modified":"2023-02-25T08:21:08","modified_gmt":"2023-02-25T08:21:08","slug":"dido","status":"publish","type":"page","link":"https:\/\/natsunivers.dk\/mytes\/?page_id=119","title":{"rendered":"Dido"},"content":{"rendered":"\n<div class=\"is-layout-flex wp-container-3 wp-block-columns\">\n<div class=\"is-layout-flow wp-block-column\" style=\"flex-basis:66.66%\">\n<p>Dido var foruden at v\u00e6re en heltinde ogs\u00e5 dronning og grundl\u00e6gger af Karthago (888 f.kr,). Hun var datter af kong Belos af Tyros og s\u00f8ster til Pygmalion. Hendes \u00e6gtemand var Sychaios og hendes elsker var \u00c6neas.<br>Kong Jarba kom med adskillige tiln\u00e6rmelser som Dido afviste<br>afhensyn til hendes s\u00f8sters mand som var blevet myrdet. Da kong Jarba s\u00e5 begyndte at true hende begik hun selvmord ved at smide sig p\u00e5 b\u00e5let.<\/p>\n<\/div>\n\n\n\n<div class=\"is-layout-flow wp-block-column\" style=\"flex-basis:33.33%\">\n<script async src=\"https:\/\/pagead2.googlesyndication.com\/pagead\/js\/adsbygoogle.js?client=ca-pub-9147999370744615\"\n     crossorigin=\"anonymous\"><\/script>\n<!-- Ny nats -->\n<ins class=\"adsbygoogle\"\n     style=\"display:block\"\n     data-ad-client=\"ca-pub-9147999370744615\"\n     data-ad-slot=\"2957070328\"\n     data-ad-format=\"auto\"\n     data-full-width-responsive=\"true\"><\/ins>\n<script>\n     (adsbygoogle = window.adsbygoogle || []).push({});\n<\/script>\n<\/div>\n<\/div>\n","protected":false},"excerpt":{"rendered":"<p>Dido var foruden at v\u00e6re en heltinde ogs\u00e5 dronning og grundl\u00e6gger af Karthago (888 f.kr,). Hun var datter af kong Belos af Tyros og s\u00f8ster til Pygmalion. Hendes \u00e6gtemand var Sychaios og hendes elsker var \u00c6neas.Kong Jarba kom med adskillige tiln\u00e6rmelser som Dido afvisteafhensyn til hendes s\u00f8sters mand som var blevet myrdet. Da kong Jarba [&hellip;]<\/p>\n","protected":false},"author":1,"featured_media":0,"parent":0,"menu_order":0,"comment_status":"closed","ping_status":"closed","template":"","meta":[],"_links":{"self":[{"href":"https:\/\/natsunivers.dk\/mytes\/index.php?rest_route=\/wp\/v2\/pages\/119"}],"collection":[{"href":"https:\/\/natsunivers.dk\/mytes\/index.php?rest_route=\/wp\/v2\/pages"}],"about":[{"href":"https:\/\/natsunivers.dk\/mytes\/index.php?rest_route=\/wp\/v2\/types\/page"}],"author":[{"embeddable":true,"href":"https:\/\/natsunivers.dk\/mytes\/index.php?rest_route=\/wp\/v2\/users\/1"}],"replies":[{"embeddable":true,"href":"https:\/\/natsunivers.dk\/mytes\/index.php?rest_route=%2Fwp%2Fv2%2Fcomments&post=119"}],"version-history":[{"count":2,"href":"https:\/\/natsunivers.dk\/mytes\/index.php?rest_route=\/wp\/v2\/pages\/119\/revisions"}],"predecessor-version":[{"id":1071,"href":"https:\/\/natsunivers.dk\/mytes\/index.php?rest_route=\/wp\/v2\/pages\/119\/revisions\/1071"}],"wp:attachment":[{"href":"https:\/\/natsunivers.dk\/mytes\/index.php?rest_route=%2Fwp%2Fv2%2Fmedia&parent=119"}],"curies":[{"name":"wp","href":"https:\/\/api.w.org\/{rel}","templated":true}]}}