{"id":117,"date":"2023-01-29T12:04:19","date_gmt":"2023-01-29T12:04:19","guid":{"rendered":"https:\/\/natsunivers.dk\/mytes\/?page_id=117"},"modified":"2023-02-18T13:40:04","modified_gmt":"2023-02-18T13:40:04","slug":"dafne","status":"publish","type":"page","link":"https:\/\/natsunivers.dk\/mytes\/?page_id=117","title":{"rendered":"Dafne"},"content":{"rendered":"\n<div class=\"is-layout-flex wp-container-3 wp-block-columns\">\n<div class=\"is-layout-flow wp-block-column\" style=\"flex-basis:66.66%\">\n<p>Datter af flodguden Peneus, Ligesom gudinden Artemis var hun ogs\u00e5 jomfru, j\u00e6ger og strejfede glad omkring i den vilde natur. En dag Apollon havde drillet k\u00e6rlighedsguden Eros, affyrede denne en regn af pile. <\/p>\n\n\n\n<p>Den f\u00f8rste pil havde en spids af guld og da den ramte Apollon blev han med det samme forelsket i Dafne.<\/p>\n\n\n\n<p><br>Den anden pil havde i midlertidig en spids af bly og da<br>denne ramte Dafne blev hun endnu mere ligegyldig end f\u00f8r. <\/p>\n\n\n\n<p>Hvilken bejler det end m\u00e5tte v\u00e6re s\u00e5 interesserede det hende ikke. Apollon blev dog ved at med at efterstr\u00e6be hende hvilket til<br>sidst blev hende for meget. Hun p\u00e5kaldte sig Zeus\u00b4 hj\u00e6lp som forvandlede hende til et laurb\u00e6rblad.<\/p>\n<\/div>\n\n\n\n<div class=\"is-layout-flow wp-block-column\" style=\"flex-basis:33.33%\">\n<script async src=\"https:\/\/pagead2.googlesyndication.com\/pagead\/js\/adsbygoogle.js?client=ca-pub-9147999370744615\"\n     crossorigin=\"anonymous\"><\/script>\n<!-- Ny nats -->\n<ins class=\"adsbygoogle\"\n     style=\"display:block\"\n     data-ad-client=\"ca-pub-9147999370744615\"\n     data-ad-slot=\"2957070328\"\n     data-ad-format=\"auto\"\n     data-full-width-responsive=\"true\"><\/ins>\n<script>\n     (adsbygoogle = window.adsbygoogle || []).push({});\n<\/script>\n<\/div>\n<\/div>\n","protected":false},"excerpt":{"rendered":"<p>Datter af flodguden Peneus, Ligesom gudinden Artemis var hun ogs\u00e5 jomfru, j\u00e6ger og strejfede glad omkring i den vilde natur. En dag Apollon havde drillet k\u00e6rlighedsguden Eros, affyrede denne en regn af pile. Den f\u00f8rste pil havde en spids af guld og da den ramte Apollon blev han med det samme forelsket i Dafne. Den [&hellip;]<\/p>\n","protected":false},"author":1,"featured_media":0,"parent":0,"menu_order":0,"comment_status":"closed","ping_status":"closed","template":"","meta":[],"_links":{"self":[{"href":"https:\/\/natsunivers.dk\/mytes\/index.php?rest_route=\/wp\/v2\/pages\/117"}],"collection":[{"href":"https:\/\/natsunivers.dk\/mytes\/index.php?rest_route=\/wp\/v2\/pages"}],"about":[{"href":"https:\/\/natsunivers.dk\/mytes\/index.php?rest_route=\/wp\/v2\/types\/page"}],"author":[{"embeddable":true,"href":"https:\/\/natsunivers.dk\/mytes\/index.php?rest_route=\/wp\/v2\/users\/1"}],"replies":[{"embeddable":true,"href":"https:\/\/natsunivers.dk\/mytes\/index.php?rest_route=%2Fwp%2Fv2%2Fcomments&post=117"}],"version-history":[{"count":2,"href":"https:\/\/natsunivers.dk\/mytes\/index.php?rest_route=\/wp\/v2\/pages\/117\/revisions"}],"predecessor-version":[{"id":1057,"href":"https:\/\/natsunivers.dk\/mytes\/index.php?rest_route=\/wp\/v2\/pages\/117\/revisions\/1057"}],"wp:attachment":[{"href":"https:\/\/natsunivers.dk\/mytes\/index.php?rest_route=%2Fwp%2Fv2%2Fmedia&parent=117"}],"curies":[{"name":"wp","href":"https:\/\/api.w.org\/{rel}","templated":true}]}}