{"id":115,"date":"2023-01-29T12:03:25","date_gmt":"2023-01-29T12:03:25","guid":{"rendered":"https:\/\/natsunivers.dk\/mytes\/?page_id=115"},"modified":"2023-02-18T12:26:48","modified_gmt":"2023-02-18T12:26:48","slug":"borvo","status":"publish","type":"page","link":"https:\/\/natsunivers.dk\/mytes\/?page_id=115","title":{"rendered":"Borvo"},"content":{"rendered":"\n<div class=\"is-layout-flex wp-container-3 wp-block-columns\">\n<div class=\"is-layout-flow wp-block-column\" style=\"flex-basis:66.66%\">\n<p>Dette var en keltisk gud for healende kilder og m\u00e5ske ogs\u00e5 frugtbarhed. Han var det mandelige modstykke til Bormana n\u00e5r han blev ved navnet Bormanus.<\/p>\n\n\n\n<p>Normalt blev han dog associeret med Damona og sammen med hende blev de tilbedt feks i Bourbonne-les-Bains i Frankrig.<\/p>\n\n\n\n<p>I Vichy, Frankrig findes han afbildet siddende med en krigers skjold og hjelm mens en slange rejser sig op mod ham. Andre steder findes han desuden afbildet med et b\u00e6ger, en pung og en tallerken med frugt.<\/p>\n\n\n\n<p><br>Hans navn forbindes med boblende vand hvilket giver god mening p\u00e5 grunde de varme og gasfyldte kilder.<\/p>\n\n\n\n<p><br>Andre navne han kendes under: Bormanus, Bormo, Bormanicus<\/p>\n<\/div>\n\n\n\n<div class=\"is-layout-flow wp-block-column\" style=\"flex-basis:33.33%\">\n<script async src=\"https:\/\/pagead2.googlesyndication.com\/pagead\/js\/adsbygoogle.js?client=ca-pub-9147999370744615\"\n     crossorigin=\"anonymous\"><\/script>\n<!-- Ny nats -->\n<ins class=\"adsbygoogle\"\n     style=\"display:block\"\n     data-ad-client=\"ca-pub-9147999370744615\"\n     data-ad-slot=\"2957070328\"\n     data-ad-format=\"auto\"\n     data-full-width-responsive=\"true\"><\/ins>\n<script>\n     (adsbygoogle = window.adsbygoogle || []).push({});\n<\/script>\n<\/div>\n<\/div>\n","protected":false},"excerpt":{"rendered":"<p>Dette var en keltisk gud for healende kilder og m\u00e5ske ogs\u00e5 frugtbarhed. Han var det mandelige modstykke til Bormana n\u00e5r han blev ved navnet Bormanus. Normalt blev han dog associeret med Damona og sammen med hende blev de tilbedt feks i Bourbonne-les-Bains i Frankrig. I Vichy, Frankrig findes han afbildet siddende med en krigers skjold [&hellip;]<\/p>\n","protected":false},"author":1,"featured_media":0,"parent":0,"menu_order":0,"comment_status":"closed","ping_status":"closed","template":"","meta":[],"_links":{"self":[{"href":"https:\/\/natsunivers.dk\/mytes\/index.php?rest_route=\/wp\/v2\/pages\/115"}],"collection":[{"href":"https:\/\/natsunivers.dk\/mytes\/index.php?rest_route=\/wp\/v2\/pages"}],"about":[{"href":"https:\/\/natsunivers.dk\/mytes\/index.php?rest_route=\/wp\/v2\/types\/page"}],"author":[{"embeddable":true,"href":"https:\/\/natsunivers.dk\/mytes\/index.php?rest_route=\/wp\/v2\/users\/1"}],"replies":[{"embeddable":true,"href":"https:\/\/natsunivers.dk\/mytes\/index.php?rest_route=%2Fwp%2Fv2%2Fcomments&post=115"}],"version-history":[{"count":2,"href":"https:\/\/natsunivers.dk\/mytes\/index.php?rest_route=\/wp\/v2\/pages\/115\/revisions"}],"predecessor-version":[{"id":1039,"href":"https:\/\/natsunivers.dk\/mytes\/index.php?rest_route=\/wp\/v2\/pages\/115\/revisions\/1039"}],"wp:attachment":[{"href":"https:\/\/natsunivers.dk\/mytes\/index.php?rest_route=%2Fwp%2Fv2%2Fmedia&parent=115"}],"curies":[{"name":"wp","href":"https:\/\/api.w.org\/{rel}","templated":true}]}}