{"id":113,"date":"2023-01-29T12:01:53","date_gmt":"2023-01-29T12:01:53","guid":{"rendered":"https:\/\/natsunivers.dk\/mytes\/?page_id=113"},"modified":"2023-02-18T11:11:50","modified_gmt":"2023-02-18T11:11:50","slug":"arachne","status":"publish","type":"page","link":"https:\/\/natsunivers.dk\/mytes\/?page_id=113","title":{"rendered":"Arachne"},"content":{"rendered":"\n<div class=\"is-layout-flex wp-container-3 wp-block-columns\">\n<div class=\"is-layout-flow wp-block-column\" style=\"flex-basis:66.66%\">\n<p>Arachne var en gr\u00e6sk jomfru og t\u00e6ppev\u00e6ver fra Lydien. Hendes navn betyder &#8220;edderkop&#8221;. Af overmod udfordrede hun gudinden Athene til en kappestrid. Striden var i billedv\u00e6vning.<\/p>\n\n\n\n<p>Arachne skildrede p\u00e5 sit t\u00e6ppe gudernes k\u00e6rlighedseventyr hvilket Athene ikke br\u00f8d sig om. Af denne grund forvandlede Athene hende til en edderkop.<\/p>\n<\/div>\n\n\n\n<div class=\"is-layout-flow wp-block-column\" style=\"flex-basis:33.33%\">\n<script async src=\"https:\/\/pagead2.googlesyndication.com\/pagead\/js\/adsbygoogle.js?client=ca-pub-9147999370744615\"\n     crossorigin=\"anonymous\"><\/script>\n<!-- Ny nats -->\n<ins class=\"adsbygoogle\"\n     style=\"display:block\"\n     data-ad-client=\"ca-pub-9147999370744615\"\n     data-ad-slot=\"2957070328\"\n     data-ad-format=\"auto\"\n     data-full-width-responsive=\"true\"><\/ins>\n<script>\n     (adsbygoogle = window.adsbygoogle || []).push({});\n<\/script>\n<\/div>\n<\/div>\n","protected":false},"excerpt":{"rendered":"<p>Arachne var en gr\u00e6sk jomfru og t\u00e6ppev\u00e6ver fra Lydien. Hendes navn betyder &#8220;edderkop&#8221;. Af overmod udfordrede hun gudinden Athene til en kappestrid. Striden var i billedv\u00e6vning. Arachne skildrede p\u00e5 sit t\u00e6ppe gudernes k\u00e6rlighedseventyr hvilket Athene ikke br\u00f8d sig om. Af denne grund forvandlede Athene hende til en edderkop.<\/p>\n","protected":false},"author":1,"featured_media":0,"parent":0,"menu_order":0,"comment_status":"closed","ping_status":"closed","template":"","meta":[],"_links":{"self":[{"href":"https:\/\/natsunivers.dk\/mytes\/index.php?rest_route=\/wp\/v2\/pages\/113"}],"collection":[{"href":"https:\/\/natsunivers.dk\/mytes\/index.php?rest_route=\/wp\/v2\/pages"}],"about":[{"href":"https:\/\/natsunivers.dk\/mytes\/index.php?rest_route=\/wp\/v2\/types\/page"}],"author":[{"embeddable":true,"href":"https:\/\/natsunivers.dk\/mytes\/index.php?rest_route=\/wp\/v2\/users\/1"}],"replies":[{"embeddable":true,"href":"https:\/\/natsunivers.dk\/mytes\/index.php?rest_route=%2Fwp%2Fv2%2Fcomments&post=113"}],"version-history":[{"count":2,"href":"https:\/\/natsunivers.dk\/mytes\/index.php?rest_route=\/wp\/v2\/pages\/113\/revisions"}],"predecessor-version":[{"id":1015,"href":"https:\/\/natsunivers.dk\/mytes\/index.php?rest_route=\/wp\/v2\/pages\/113\/revisions\/1015"}],"wp:attachment":[{"href":"https:\/\/natsunivers.dk\/mytes\/index.php?rest_route=%2Fwp%2Fv2%2Fmedia&parent=113"}],"curies":[{"name":"wp","href":"https:\/\/api.w.org\/{rel}","templated":true}]}}