{"id":111,"date":"2023-01-29T12:01:16","date_gmt":"2023-01-29T12:01:16","guid":{"rendered":"https:\/\/natsunivers.dk\/mytes\/?page_id=111"},"modified":"2023-02-18T08:29:26","modified_gmt":"2023-02-18T08:29:26","slug":"andromeda","status":"publish","type":"page","link":"https:\/\/natsunivers.dk\/mytes\/?page_id=111","title":{"rendered":"Andromeda"},"content":{"rendered":"\n<div class=\"is-layout-flex wp-container-3 wp-block-columns\">\n<div class=\"is-layout-flow wp-block-column\" style=\"flex-basis:66.66%\">\n<p>Andromeda var en gr\u00e6sk heltinde og prinsesse. Hun var datter af \u00e6tioperkongen Kepheus og dronning Kassiopeia. Hendes \u00e6gtemand var helten Perseus som reddede hende.<\/p>\n\n\n\n<p>For at b\u00f8de for hendes moders br\u00f8de blev hun p\u00e5 Poseidon&#8217;s befaling l\u00e6nket til en klippe ved havet. Her var det s\u00e5 meningen at uhyret Ketos skulle \u00e6de hende. Persues kom hende dog til unds\u00e6tning og gjorde hende til hans hustru.<\/p>\n\n\n\n<p><br>Myten om Andromeda og Persues findes p\u00e5 himlen som stjernebilleder i det alle personer fra myten findes der. Kepheus, Kassiopeia, Perseus, Andromeda og Ketos.<\/p>\n<\/div>\n\n\n\n<div class=\"is-layout-flow wp-block-column\" style=\"flex-basis:33.33%\">\n<script async src=\"https:\/\/pagead2.googlesyndication.com\/pagead\/js\/adsbygoogle.js?client=ca-pub-9147999370744615\"\n     crossorigin=\"anonymous\"><\/script>\n<!-- Ny nats -->\n<ins class=\"adsbygoogle\"\n     style=\"display:block\"\n     data-ad-client=\"ca-pub-9147999370744615\"\n     data-ad-slot=\"2957070328\"\n     data-ad-format=\"auto\"\n     data-full-width-responsive=\"true\"><\/ins>\n<script>\n     (adsbygoogle = window.adsbygoogle || []).push({});\n<\/script>\n<\/div>\n<\/div>\n","protected":false},"excerpt":{"rendered":"<p>Andromeda var en gr\u00e6sk heltinde og prinsesse. Hun var datter af \u00e6tioperkongen Kepheus og dronning Kassiopeia. Hendes \u00e6gtemand var helten Perseus som reddede hende. For at b\u00f8de for hendes moders br\u00f8de blev hun p\u00e5 Poseidon&#8217;s befaling l\u00e6nket til en klippe ved havet. Her var det s\u00e5 meningen at uhyret Ketos skulle \u00e6de hende. Persues kom [&hellip;]<\/p>\n","protected":false},"author":1,"featured_media":0,"parent":0,"menu_order":0,"comment_status":"closed","ping_status":"closed","template":"","meta":[],"_links":{"self":[{"href":"https:\/\/natsunivers.dk\/mytes\/index.php?rest_route=\/wp\/v2\/pages\/111"}],"collection":[{"href":"https:\/\/natsunivers.dk\/mytes\/index.php?rest_route=\/wp\/v2\/pages"}],"about":[{"href":"https:\/\/natsunivers.dk\/mytes\/index.php?rest_route=\/wp\/v2\/types\/page"}],"author":[{"embeddable":true,"href":"https:\/\/natsunivers.dk\/mytes\/index.php?rest_route=\/wp\/v2\/users\/1"}],"replies":[{"embeddable":true,"href":"https:\/\/natsunivers.dk\/mytes\/index.php?rest_route=%2Fwp%2Fv2%2Fcomments&post=111"}],"version-history":[{"count":2,"href":"https:\/\/natsunivers.dk\/mytes\/index.php?rest_route=\/wp\/v2\/pages\/111\/revisions"}],"predecessor-version":[{"id":1009,"href":"https:\/\/natsunivers.dk\/mytes\/index.php?rest_route=\/wp\/v2\/pages\/111\/revisions\/1009"}],"wp:attachment":[{"href":"https:\/\/natsunivers.dk\/mytes\/index.php?rest_route=%2Fwp%2Fv2%2Fmedia&parent=111"}],"curies":[{"name":"wp","href":"https:\/\/api.w.org\/{rel}","templated":true}]}}