{"id":103,"date":"2023-01-29T11:57:23","date_gmt":"2023-01-29T11:57:23","guid":{"rendered":"https:\/\/natsunivers.dk\/mytes\/?page_id=103"},"modified":"2023-02-18T12:40:30","modified_gmt":"2023-02-18T12:40:30","slug":"charon","status":"publish","type":"page","link":"https:\/\/natsunivers.dk\/mytes\/?page_id=103","title":{"rendered":"Charon"},"content":{"rendered":"\n<div class=\"is-layout-flex wp-container-3 wp-block-columns\">\n<div class=\"is-layout-flow wp-block-column\" style=\"flex-basis:66.66%\">\n<p>Charon var en gammel f\u00e6rgemand som fragtede de d\u00f8de over de tre gr\u00e6nsefloder Acheron, Kokytos og Styx. Herefter satte han dem af ved porten til Hades.<\/p>\n\n\n\n<p><br>Hermes var den som bragte de d\u00f8des skygger til Charon men det kr\u00e6vede at de var blevet begravet eller br\u00e6ndt p\u00e5 rette vis. Charon skulle nemlig have betaling for overfarten s\u00e5 \u00f8nskede man at sine k\u00e6re d\u00f8de kom til Hades skulle man l\u00e6gge en m\u00f8nt (obolos) under tungen p\u00e5 den d\u00f8de.<\/p>\n<\/div>\n\n\n\n<div class=\"is-layout-flow wp-block-column\" style=\"flex-basis:33.33%\">\n<script async src=\"https:\/\/pagead2.googlesyndication.com\/pagead\/js\/adsbygoogle.js?client=ca-pub-9147999370744615\"\n     crossorigin=\"anonymous\"><\/script>\n<!-- Ny nats -->\n<ins class=\"adsbygoogle\"\n     style=\"display:block\"\n     data-ad-client=\"ca-pub-9147999370744615\"\n     data-ad-slot=\"2957070328\"\n     data-ad-format=\"auto\"\n     data-full-width-responsive=\"true\"><\/ins>\n<script>\n     (adsbygoogle = window.adsbygoogle || []).push({});\n<\/script>\n<\/div>\n<\/div>\n","protected":false},"excerpt":{"rendered":"<p>Charon var en gammel f\u00e6rgemand som fragtede de d\u00f8de over de tre gr\u00e6nsefloder Acheron, Kokytos og Styx. Herefter satte han dem af ved porten til Hades. Hermes var den som bragte de d\u00f8des skygger til Charon men det kr\u00e6vede at de var blevet begravet eller br\u00e6ndt p\u00e5 rette vis. Charon skulle nemlig have betaling for [&hellip;]<\/p>\n","protected":false},"author":1,"featured_media":0,"parent":0,"menu_order":0,"comment_status":"closed","ping_status":"closed","template":"","meta":[],"_links":{"self":[{"href":"https:\/\/natsunivers.dk\/mytes\/index.php?rest_route=\/wp\/v2\/pages\/103"}],"collection":[{"href":"https:\/\/natsunivers.dk\/mytes\/index.php?rest_route=\/wp\/v2\/pages"}],"about":[{"href":"https:\/\/natsunivers.dk\/mytes\/index.php?rest_route=\/wp\/v2\/types\/page"}],"author":[{"embeddable":true,"href":"https:\/\/natsunivers.dk\/mytes\/index.php?rest_route=\/wp\/v2\/users\/1"}],"replies":[{"embeddable":true,"href":"https:\/\/natsunivers.dk\/mytes\/index.php?rest_route=%2Fwp%2Fv2%2Fcomments&post=103"}],"version-history":[{"count":2,"href":"https:\/\/natsunivers.dk\/mytes\/index.php?rest_route=\/wp\/v2\/pages\/103\/revisions"}],"predecessor-version":[{"id":1049,"href":"https:\/\/natsunivers.dk\/mytes\/index.php?rest_route=\/wp\/v2\/pages\/103\/revisions\/1049"}],"wp:attachment":[{"href":"https:\/\/natsunivers.dk\/mytes\/index.php?rest_route=%2Fwp%2Fv2%2Fmedia&parent=103"}],"curies":[{"name":"wp","href":"https:\/\/api.w.org\/{rel}","templated":true}]}}